{"id":10852,"date":"2024-06-05T12:56:23","date_gmt":"2024-06-05T10:56:23","guid":{"rendered":"https:\/\/zaciski-regtruck.pl\/produkt\/pompa-adblue-volvo-fh-euro-6-85020468-22608244\/"},"modified":"2025-06-30T11:59:32","modified_gmt":"2025-06-30T09:59:32","slug":"pompa-adblue-volvo-fh-euro-6-85020468-22608244","status":"publish","type":"product","link":"https:\/\/zaciski-regtruck.pl\/en\/produkt\/pompa-adblue-volvo-fh-euro-6-85020468-22608244\/","title":{"rendered":"Pompa AdBlue Volvo FH Euro 6 85020468, 22608244"},"content":{"rendered":"\t\t<div data-elementor-type=\"product-post\" data-elementor-id=\"10852\" class=\"elementor elementor-10852 elementor-10834\" data-elementor-post-type=\"product\">\n\t\t\t\t\t\t<section data-particle_enable=\"false\" data-particle-mobile-disabled=\"false\" class=\"elementor-section elementor-top-section elementor-element elementor-element-35c913d9 elementor-section-boxed elementor-section-height-default elementor-section-height-default\" data-id=\"35c913d9\" data-element_type=\"section\" data-e-type=\"section\">\n\t\t\t\t\t\t<div class=\"elementor-container elementor-column-gap-default\">\n\t\t\t\t\t<div class=\"elementor-column elementor-col-100 elementor-top-column elementor-element elementor-element-7db474d\" data-id=\"7db474d\" data-element_type=\"column\" data-e-type=\"column\">\n\t\t\t<div class=\"elementor-widget-wrap elementor-element-populated\">\n\t\t\t\t\t\t<div class=\"elementor-element elementor-element-7d3ee497 elementor-widget elementor-widget-text-editor\" data-id=\"7d3ee497\" data-element_type=\"widget\" data-e-type=\"widget\" data-widget_type=\"text-editor.default\">\n\t\t\t\t<div class=\"elementor-widget-container\">\n\t\t\t\t\t\t\t\t\t<h2 style=\"display: var(--page-title-display);\">Pompa AdBlue Volvo FH Euro 6 85020468, 22608244<\/h2>\n<h2>Oferujemy Pa\u0144stwu NOW\u0104 Pompa AdBlue Volvo FH Euro 6 najwy\u017cszej jako\u015bci.<\/h2>\n<h3><span style=\"color: #000000;\">We guarantee our clients 100% satisfaction<\/span><\/h3>\n\t\t\t\t\t\t\t\t<\/div>\n\t\t\t\t<\/div>\n\t\t\t\t\t<\/div>\n\t\t<\/div>\n\t\t\t\t\t<\/div>\n\t\t<\/section>\n\t\t\t\t<\/div>\n\t\t","protected":false},"excerpt":{"rendered":"<h3>We offer for sale a NEW Volvo FH Euro 6 AdBlue pump.<\/h3>\n","protected":false},"featured_media":10844,"template":"","meta":[],"product_brand":[],"product_cat":[817,1875,824],"product_tag":[2756,2751,2757,2758,2759,2760,2752,2753,2754,2755,1354,2749,2750],"class_list":{"0":"post-10852","1":"product","2":"type-product","3":"status-publish","4":"has-post-thumbnail","6":"product_cat-adblue-pumps","7":"product_cat-new","8":"product_cat-volvo-en","9":"product_tag-22209517-en","10":"product_tag-22608244-en","11":"product_tag-22610216-en","12":"product_tag-22924489-en","13":"product_tag-23387865-en","14":"product_tag-7423387865-en","15":"product_tag-85020468-en","16":"product_tag-85020666-en","17":"product_tag-85021199-en","18":"product_tag-85022215-en","19":"product_tag-adblue-pump","20":"product_tag-pompa-adblue-volvo-fh-euro-6-en","21":"product_tag-pompa-adblue-volvo-fh-euro-6-85020468-en","23":"first","24":"instock","25":"featured","26":"taxable","27":"shipping-taxable","28":"purchasable","29":"product-type-simple"},"_links":{"self":[{"href":"https:\/\/zaciski-regtruck.pl\/en\/wp-json\/wp\/v2\/product\/10852","targetHints":{"allow":["GET"]}}],"collection":[{"href":"https:\/\/zaciski-regtruck.pl\/en\/wp-json\/wp\/v2\/product"}],"about":[{"href":"https:\/\/zaciski-regtruck.pl\/en\/wp-json\/wp\/v2\/types\/product"}],"version-history":[{"count":4,"href":"https:\/\/zaciski-regtruck.pl\/en\/wp-json\/wp\/v2\/product\/10852\/revisions"}],"predecessor-version":[{"id":12498,"href":"https:\/\/zaciski-regtruck.pl\/en\/wp-json\/wp\/v2\/product\/10852\/revisions\/12498"}],"wp:featuredmedia":[{"embeddable":true,"href":"https:\/\/zaciski-regtruck.pl\/en\/wp-json\/wp\/v2\/media\/10844"}],"wp:attachment":[{"href":"https:\/\/zaciski-regtruck.pl\/en\/wp-json\/wp\/v2\/media?parent=10852"}],"wp:term":[{"taxonomy":"product_brand","embeddable":true,"href":"https:\/\/zaciski-regtruck.pl\/en\/wp-json\/wp\/v2\/product_brand?post=10852"},{"taxonomy":"product_cat","embeddable":true,"href":"https:\/\/zaciski-regtruck.pl\/en\/wp-json\/wp\/v2\/product_cat?post=10852"},{"taxonomy":"product_tag","embeddable":true,"href":"https:\/\/zaciski-regtruck.pl\/en\/wp-json\/wp\/v2\/product_tag?post=10852"}],"curies":[{"name":"wp","href":"https:\/\/api.w.org\/{rel}","templated":true}]}}