{"id":11439,"date":"2024-12-20T11:00:13","date_gmt":"2024-12-20T10:00:13","guid":{"rendered":"https:\/\/zaciski-regtruck.pl\/produkt\/turbocharger-daf-xf-106-5642907-he400vg-new\/"},"modified":"2024-12-20T11:00:13","modified_gmt":"2024-12-20T10:00:13","slug":"turbocharger-daf-xf-106-5642907-he400vg-new","status":"publish","type":"product","link":"https:\/\/zaciski-regtruck.pl\/en\/produkt\/turbocharger-daf-xf-106-5642907-he400vg-new\/","title":{"rendered":"Turbocharger DAF XF 106 5642907, HE400VG NEW"},"content":{"rendered":"\t\t<div data-elementor-type=\"product-post\" data-elementor-id=\"11439\" class=\"elementor elementor-11439 elementor-11322\" data-elementor-post-type=\"product\">\n\t\t\t\t\t\t<section data-particle_enable=\"false\" data-particle-mobile-disabled=\"false\" class=\"elementor-section elementor-top-section elementor-element elementor-element-35c913d9 elementor-section-boxed elementor-section-height-default elementor-section-height-default\" data-id=\"35c913d9\" data-element_type=\"section\" data-e-type=\"section\">\n\t\t\t\t\t\t<div class=\"elementor-container elementor-column-gap-default\">\n\t\t\t\t\t<div class=\"elementor-column elementor-col-100 elementor-top-column elementor-element elementor-element-7db474d\" data-id=\"7db474d\" data-element_type=\"column\" data-e-type=\"column\">\n\t\t\t<div class=\"elementor-widget-wrap elementor-element-populated\">\n\t\t\t\t\t\t<div class=\"elementor-element elementor-element-7d3ee497 elementor-widget elementor-widget-text-editor\" data-id=\"7d3ee497\" data-element_type=\"widget\" data-e-type=\"widget\" data-widget_type=\"text-editor.default\">\n\t\t\t\t<div class=\"elementor-widget-container\">\n\t\t\t\t\t\t\t\t\t<h2>Turbospr\u0119\u017carka DAF XF 106 PO LIFT Z SILNIKIEM MX13 HE400VG, 5642904 NOWA<\/h2>\n<div>&nbsp;<\/div>\n<hr>\n<h3><span style=\"color: #000000;\">Oferujemy Pa\u0144stwu NOW\u0104 turbospr\u0119\u017cark\u0119 Zamiennik&nbsp;<\/span><span style=\"color: #000000;\">Holset&nbsp;<\/span><span style=\"color: #000000;\">5459135<\/span><\/h3>\n<h3>&nbsp;najwy\u017cszej jako\u015bci.&nbsp;<\/h3>\n<h3><span style=\"color: #000000;\">Gwarancja 24 miesi\u0105ce<\/span><\/h3>\t\t\t\t\t\t\t\t<\/div>\n\t\t\t\t<\/div>\n\t\t\t\t\t<\/div>\n\t\t<\/div>\n\t\t\t\t\t<\/div>\n\t\t<\/section>\n\t\t\t\t<\/div>\n\t\t","protected":false},"excerpt":{"rendered":"<h3>We offer for sale DAF XF 106 PO LIFT replacement turbocharger Holset NEW.<\/h3>\n<h3><span style=\"color: #ff0000;\"><strong>PRICE 6500 net with return of core (old)<\/strong><\/span><\/h3>\n<h3><span style=\"color: #ff0000;\">PRICE without core 8500 net<\/span><\/h3>\n","protected":false},"featured_media":9953,"template":"","meta":[],"product_brand":[],"product_cat":[842,1875,841],"product_tag":[1485,2813,1484,2814,2388,2809,2815,2808,2810,2816,2811,2817,2812,2818,1882,2387,2389,2384,2383,2386,2385,2382,2390,2391,1887,2819,1884,2820,1414],"class_list":{"0":"post-11439","1":"product","2":"type-product","3":"status-publish","4":"has-post-thumbnail","6":"product_cat-daf-en-4","7":"product_cat-new","8":"product_cat-turbochargers","9":"product_tag-2136753-en","10":"product_tag-2136753r-en","11":"product_tag-2154699-en","12":"product_tag-2154699r-en","13":"product_tag-2154700-en","14":"product_tag-2301176-en","15":"product_tag-2301176r-en","16":"product_tag-2301178-en","17":"product_tag-2301192-en","18":"product_tag-2301192r-en","19":"product_tag-2343158-en","20":"product_tag-2343158r-en","21":"product_tag-2348170-en","22":"product_tag-2348170rn-en","23":"product_tag-5459129-en","24":"product_tag-5459135-en","25":"product_tag-5459137-en","26":"product_tag-5548354-en","27":"product_tag-5642904-en","28":"product_tag-5642906-en","29":"product_tag-5642907-en","30":"product_tag-daf-xf-106-holset-he400vg-turbocharger","31":"product_tag-daf-xf-106-holset-turbocharger","32":"product_tag-daf-xf-106-turbocharger","33":"product_tag-daf-xf-106-turbocharger-5459129","34":"product_tag-daf-xf-106-turbocharger-5642907","35":"product_tag-he400vg-en","36":"product_tag-he400vg-new","37":"product_tag-turbocharger-regeneration","39":"first","40":"instock","41":"featured","42":"taxable","43":"shipping-taxable","44":"purchasable","45":"product-type-simple"},"_links":{"self":[{"href":"https:\/\/zaciski-regtruck.pl\/en\/wp-json\/wp\/v2\/product\/11439","targetHints":{"allow":["GET"]}}],"collection":[{"href":"https:\/\/zaciski-regtruck.pl\/en\/wp-json\/wp\/v2\/product"}],"about":[{"href":"https:\/\/zaciski-regtruck.pl\/en\/wp-json\/wp\/v2\/types\/product"}],"version-history":[{"count":0,"href":"https:\/\/zaciski-regtruck.pl\/en\/wp-json\/wp\/v2\/product\/11439\/revisions"}],"wp:featuredmedia":[{"embeddable":true,"href":"https:\/\/zaciski-regtruck.pl\/en\/wp-json\/wp\/v2\/media\/9953"}],"wp:attachment":[{"href":"https:\/\/zaciski-regtruck.pl\/en\/wp-json\/wp\/v2\/media?parent=11439"}],"wp:term":[{"taxonomy":"product_brand","embeddable":true,"href":"https:\/\/zaciski-regtruck.pl\/en\/wp-json\/wp\/v2\/product_brand?post=11439"},{"taxonomy":"product_cat","embeddable":true,"href":"https:\/\/zaciski-regtruck.pl\/en\/wp-json\/wp\/v2\/product_cat?post=11439"},{"taxonomy":"product_tag","embeddable":true,"href":"https:\/\/zaciski-regtruck.pl\/en\/wp-json\/wp\/v2\/product_tag?post=11439"}],"curies":[{"name":"wp","href":"https:\/\/api.w.org\/{rel}","templated":true}]}}