{"id":11440,"date":"2025-01-20T08:11:04","date_gmt":"2025-01-20T07:11:04","guid":{"rendered":"https:\/\/zaciski-regtruck.pl\/produkt\/daf-xf-106-turbocharger-replacement-holset-he400vg-2154699-new\/"},"modified":"2025-01-20T08:11:04","modified_gmt":"2025-01-20T07:11:04","slug":"daf-xf-106-turbocharger-replacement-holset-he400vg-2154699-new","status":"publish","type":"product","link":"https:\/\/zaciski-regtruck.pl\/en\/produkt\/daf-xf-106-turbocharger-replacement-holset-he400vg-2154699-new\/","title":{"rendered":"DAF XF 106 Turbocharger Replacement Holset HE400VG, 2154699 NEW"},"content":{"rendered":"\t\t<div data-elementor-type=\"product-post\" data-elementor-id=\"11440\" class=\"elementor elementor-11440 elementor-11423\" data-elementor-post-type=\"product\">\n\t\t\t\t\t\t<section data-particle_enable=\"false\" data-particle-mobile-disabled=\"false\" class=\"elementor-section elementor-top-section elementor-element elementor-element-35c913d9 elementor-section-boxed elementor-section-height-default elementor-section-height-default\" data-id=\"35c913d9\" data-element_type=\"section\" data-e-type=\"section\">\n\t\t\t\t\t\t<div class=\"elementor-container elementor-column-gap-default\">\n\t\t\t\t\t<div class=\"elementor-column elementor-col-100 elementor-top-column elementor-element elementor-element-7db474d\" data-id=\"7db474d\" data-element_type=\"column\" data-e-type=\"column\">\n\t\t\t<div class=\"elementor-widget-wrap elementor-element-populated\">\n\t\t\t\t\t\t<div class=\"elementor-element elementor-element-7d3ee497 elementor-widget elementor-widget-text-editor\" data-id=\"7d3ee497\" data-element_type=\"widget\" data-e-type=\"widget\" data-widget_type=\"text-editor.default\">\n\t\t\t\t<div class=\"elementor-widget-container\">\n\t\t\t\t\t\t\t\t\t<h2>Turbospr\u0119\u017carka DAF XF 106 PO LIFT Z SILNIKIEM MX13 HE400VG, 5642904 NOWA<\/h2>\n<div>&nbsp;<\/div>\n<hr>\n<h3><span style=\"color: #000000;\">Oferujemy Pa\u0144stwu NOW\u0104 turbospr\u0119\u017cark\u0119 Zamiennik&nbsp;<\/span><span style=\"color: #000000;\">Holset&nbsp;<\/span><span style=\"color: #000000;\">5459135<\/span><\/h3>\n<h3>&nbsp;najwy\u017cszej jako\u015bci.&nbsp;<\/h3>\n<h3><span style=\"color: #000000;\">Gwarancja 24 miesi\u0105ce<\/span><\/h3>\t\t\t\t\t\t\t\t<\/div>\n\t\t\t\t<\/div>\n\t\t\t\t\t<\/div>\n\t\t<\/div>\n\t\t\t\t\t<\/div>\n\t\t<\/section>\n\t\t\t\t<\/div>\n\t\t","protected":false},"excerpt":{"rendered":"<h3>We offer for sale DAF XF 106 PO LIFT replacement turbocharger Holset NEW.<\/h3>\n<h3><span style=\"color: #ff0000;\"><strong>PRICE 6500 net with return of core (old)<\/strong><\/span><\/h3>\n<h3><span style=\"color: #ff0000;\">PRICE without core 8500 net<\/span><\/h3>\n","protected":false},"featured_media":9949,"template":"","meta":[],"product_brand":[],"product_cat":[842,1875,841],"product_tag":[1485,1484,2388,2809,2808,2810,2811,2812,1882,2387,2389,2384,2383,2386,2385,2382,2390,2391,1887,1884,1414],"class_list":{"0":"post-11440","1":"product","2":"type-product","3":"status-publish","4":"has-post-thumbnail","6":"product_cat-daf-en-4","7":"product_cat-new","8":"product_cat-turbochargers","9":"product_tag-2136753-en","10":"product_tag-2154699-en","11":"product_tag-2154700-en","12":"product_tag-2301176-en","13":"product_tag-2301178-en","14":"product_tag-2301192-en","15":"product_tag-2343158-en","16":"product_tag-2348170-en","17":"product_tag-5459129-en","18":"product_tag-5459135-en","19":"product_tag-5459137-en","20":"product_tag-5548354-en","21":"product_tag-5642904-en","22":"product_tag-5642906-en","23":"product_tag-5642907-en","24":"product_tag-daf-xf-106-holset-he400vg-turbocharger","25":"product_tag-daf-xf-106-holset-turbocharger","26":"product_tag-daf-xf-106-turbocharger","27":"product_tag-daf-xf-106-turbocharger-5459129","28":"product_tag-he400vg-en","29":"product_tag-turbocharger-regeneration","31":"first","32":"instock","33":"featured","34":"taxable","35":"shipping-taxable","36":"purchasable","37":"product-type-simple"},"_links":{"self":[{"href":"https:\/\/zaciski-regtruck.pl\/en\/wp-json\/wp\/v2\/product\/11440","targetHints":{"allow":["GET"]}}],"collection":[{"href":"https:\/\/zaciski-regtruck.pl\/en\/wp-json\/wp\/v2\/product"}],"about":[{"href":"https:\/\/zaciski-regtruck.pl\/en\/wp-json\/wp\/v2\/types\/product"}],"version-history":[{"count":0,"href":"https:\/\/zaciski-regtruck.pl\/en\/wp-json\/wp\/v2\/product\/11440\/revisions"}],"wp:featuredmedia":[{"embeddable":true,"href":"https:\/\/zaciski-regtruck.pl\/en\/wp-json\/wp\/v2\/media\/9949"}],"wp:attachment":[{"href":"https:\/\/zaciski-regtruck.pl\/en\/wp-json\/wp\/v2\/media?parent=11440"}],"wp:term":[{"taxonomy":"product_brand","embeddable":true,"href":"https:\/\/zaciski-regtruck.pl\/en\/wp-json\/wp\/v2\/product_brand?post=11440"},{"taxonomy":"product_cat","embeddable":true,"href":"https:\/\/zaciski-regtruck.pl\/en\/wp-json\/wp\/v2\/product_cat?post=11440"},{"taxonomy":"product_tag","embeddable":true,"href":"https:\/\/zaciski-regtruck.pl\/en\/wp-json\/wp\/v2\/product_tag?post=11440"}],"curies":[{"name":"wp","href":"https:\/\/api.w.org\/{rel}","templated":true}]}}