{"id":11499,"date":"2025-01-28T13:29:40","date_gmt":"2025-01-28T12:29:40","guid":{"rendered":"https:\/\/zaciski-regtruck.pl\/produkt\/scania-holset-he531ve-turbocharger-1849535\/"},"modified":"2025-01-28T13:29:40","modified_gmt":"2025-01-28T12:29:40","slug":"scania-holset-he531ve-turbocharger-1849535","status":"publish","type":"product","link":"https:\/\/zaciski-regtruck.pl\/en\/produkt\/scania-holset-he531ve-turbocharger-1849535\/","title":{"rendered":"SCANIA HOLSET HE531Ve turbocharger, 1849535"},"content":{"rendered":"\t\t<div data-elementor-type=\"product-post\" data-elementor-id=\"11499\" class=\"elementor elementor-11499 elementor-11459\" data-elementor-post-type=\"product\">\n\t\t\t\t\t\t<section data-particle_enable=\"false\" data-particle-mobile-disabled=\"false\" class=\"elementor-section elementor-top-section elementor-element elementor-element-35c913d9 elementor-section-boxed elementor-section-height-default elementor-section-height-default\" data-id=\"35c913d9\" data-element_type=\"section\" data-e-type=\"section\">\n\t\t\t\t\t\t<div class=\"elementor-container elementor-column-gap-default\">\n\t\t\t\t\t<div class=\"elementor-column elementor-col-100 elementor-top-column elementor-element elementor-element-7db474d\" data-id=\"7db474d\" data-element_type=\"column\" data-e-type=\"column\">\n\t\t\t<div class=\"elementor-widget-wrap elementor-element-populated\">\n\t\t\t\t\t\t<div class=\"elementor-element elementor-element-7d3ee497 elementor-widget elementor-widget-text-editor\" data-id=\"7d3ee497\" data-element_type=\"widget\" data-e-type=\"widget\" data-widget_type=\"text-editor.default\">\n\t\t\t\t<div class=\"elementor-widget-container\">\n\t\t\t\t\t\t\t\t\t<h2>Turbospr\u0119\u017carka \u00a0SCANIA Z SILNIKIEM XPI DC13 05,DC13 10, DC13 161, HE500VG &#8211;\u00a0<em>HE531VE<\/em>\u00a0<\/h2><div>\u00a0<\/div><hr \/><h3><span style=\"color: #000000;\">Oferujemy Pa\u0144stwu zregenerowan\u0105 turbospr\u0119\u017cark\u0119 <\/span><span style=\"color: #000000;\">Holset 1849535<\/span>\u00a0najwy\u017cszej jako\u015bci.\u00a0<\/h3><h3><span style=\"color: #000000;\">Gwarancja 24 miesi\u0105ce<\/span><\/h3>\t\t\t\t\t\t\t\t<\/div>\n\t\t\t\t<\/div>\n\t\t\t\t\t<\/div>\n\t\t<\/div>\n\t\t\t\t\t<\/div>\n\t\t<\/section>\n\t\t\t\t<\/div>\n\t\t","protected":false},"excerpt":{"rendered":"<h3>We offer for sale a SCANIA HOLSET turbocharger for a Scania P R G truck tractor.<\/h3>\n<h3><\/h3>\n","protected":false},"featured_media":11461,"template":"","meta":[],"product_brand":[],"product_cat":[842,841],"product_tag":[2918,2915,2919,2920,2921,2934,2922,2935,2923,2936,2924,2937,2925,2926,2363,2927,2365,2938,2928,2939,2929,2933,2940,2941,2930,2942,2943,2944,2931,2945,2946,2947,2948,2932,2917,2914,2916,1414],"class_list":{"0":"post-11499","1":"product","2":"type-product","3":"status-publish","4":"has-post-thumbnail","6":"product_cat-daf-en-4","7":"product_cat-turbochargers","8":"product_tag-176162-en","9":"product_tag-1849535-en","10":"product_tag-1849539-en","11":"product_tag-1849541-en","12":"product_tag-1949109-en","13":"product_tag-1949110-en","14":"product_tag-2033792-en","15":"product_tag-2033793-en","16":"product_tag-2033796-en","17":"product_tag-2033804-en","18":"product_tag-2040423-en","19":"product_tag-2040424-en","20":"product_tag-2040427-en","21":"product_tag-2082215-en","22":"product_tag-2191616-en","23":"product_tag-2454845-en","24":"product_tag-2839392-en","25":"product_tag-3770147-en","26":"product_tag-3770156-en","27":"product_tag-3776903-en","28":"product_tag-3776904-en","29":"product_tag-3776905-en","30":"product_tag-3776905d-en","31":"product_tag-3787499-en","32":"product_tag-3787504-en","33":"product_tag-3795453-en","34":"product_tag-4031037-en","35":"product_tag-4031107-en","36":"product_tag-4046981-en","37":"product_tag-4046985-en","38":"product_tag-4047647-en","39":"product_tag-4047648-en","40":"product_tag-4047649-en","41":"product_tag-576181-en","42":"product_tag-he531ve-en","43":"product_tag-scania-holset-he531ve-turbocharger","44":"product_tag-scania-holset-turbocharger","45":"product_tag-turbocharger-regeneration","47":"first","48":"instock","49":"featured","50":"taxable","51":"shipping-taxable","52":"product-type-simple"},"_links":{"self":[{"href":"https:\/\/zaciski-regtruck.pl\/en\/wp-json\/wp\/v2\/product\/11499","targetHints":{"allow":["GET"]}}],"collection":[{"href":"https:\/\/zaciski-regtruck.pl\/en\/wp-json\/wp\/v2\/product"}],"about":[{"href":"https:\/\/zaciski-regtruck.pl\/en\/wp-json\/wp\/v2\/types\/product"}],"version-history":[{"count":0,"href":"https:\/\/zaciski-regtruck.pl\/en\/wp-json\/wp\/v2\/product\/11499\/revisions"}],"wp:featuredmedia":[{"embeddable":true,"href":"https:\/\/zaciski-regtruck.pl\/en\/wp-json\/wp\/v2\/media\/11461"}],"wp:attachment":[{"href":"https:\/\/zaciski-regtruck.pl\/en\/wp-json\/wp\/v2\/media?parent=11499"}],"wp:term":[{"taxonomy":"product_brand","embeddable":true,"href":"https:\/\/zaciski-regtruck.pl\/en\/wp-json\/wp\/v2\/product_brand?post=11499"},{"taxonomy":"product_cat","embeddable":true,"href":"https:\/\/zaciski-regtruck.pl\/en\/wp-json\/wp\/v2\/product_cat?post=11499"},{"taxonomy":"product_tag","embeddable":true,"href":"https:\/\/zaciski-regtruck.pl\/en\/wp-json\/wp\/v2\/product_tag?post=11499"}],"curies":[{"name":"wp","href":"https:\/\/api.w.org\/{rel}","templated":true}]}}