{"id":11500,"date":"2025-01-31T12:39:51","date_gmt":"2025-01-31T11:39:51","guid":{"rendered":"https:\/\/zaciski-regtruck.pl\/produkt\/daf-106-polift-he400vg-turbocharger-2348172\/"},"modified":"2025-01-31T12:39:51","modified_gmt":"2025-01-31T11:39:51","slug":"daf-106-polift-he400vg-turbocharger-2348172","status":"publish","type":"product","link":"https:\/\/zaciski-regtruck.pl\/en\/produkt\/daf-106-polift-he400vg-turbocharger-2348172\/","title":{"rendered":"DAF 106 Polift HE400VG turbocharger, 2348172"},"content":{"rendered":"\t\t<div data-elementor-type=\"product-post\" data-elementor-id=\"11500\" class=\"elementor elementor-11500 elementor-11475\" data-elementor-post-type=\"product\">\n\t\t\t\t\t\t<section data-particle_enable=\"false\" data-particle-mobile-disabled=\"false\" class=\"elementor-section elementor-top-section elementor-element elementor-element-35c913d9 elementor-section-boxed elementor-section-height-default elementor-section-height-default\" data-id=\"35c913d9\" data-element_type=\"section\" data-e-type=\"section\">\n\t\t\t\t\t\t<div class=\"elementor-container elementor-column-gap-default\">\n\t\t\t\t\t<div class=\"elementor-column elementor-col-100 elementor-top-column elementor-element elementor-element-7db474d\" data-id=\"7db474d\" data-element_type=\"column\" data-e-type=\"column\">\n\t\t\t<div class=\"elementor-widget-wrap elementor-element-populated\">\n\t\t\t\t\t\t<div class=\"elementor-element elementor-element-7d3ee497 elementor-widget elementor-widget-text-editor\" data-id=\"7d3ee497\" data-element_type=\"widget\" data-e-type=\"widget\" data-widget_type=\"text-editor.default\">\n\t\t\t\t<div class=\"elementor-widget-container\">\n\t\t\t\t\t\t\t\t\t<h2>Turbospr\u0119\u017carka DAF 106 Polift HE400VG, 2348172<\/h2><div>\u00a0<\/div><hr \/><h3><span style=\"color: #000000;\">Oferujemy Pa\u0144stwu zregenerowan\u0105 turbospr\u0119\u017cark\u0119 <\/span><span style=\"color: #000000;\">Holset 2348172<\/span>\u00a0najwy\u017cszej jako\u015bci.<\/h3><h3><span style=\"color: #000000;\">Gwarancja 24 miesi\u0105ce<\/span><\/h3>\t\t\t\t\t\t\t\t<\/div>\n\t\t\t\t<\/div>\n\t\t\t\t\t<\/div>\n\t\t<\/div>\n\t\t\t\t\t<\/div>\n\t\t<\/section>\n\t\t\t\t<\/div>\n\t\t","protected":false},"excerpt":{"rendered":"<h3>We offer for sale DAF 106 Polift turbocharger .<\/h3>\n<h3><\/h3>\n","protected":false},"featured_media":11477,"template":"","meta":[],"product_brand":[],"product_cat":[842,841],"product_tag":[1485,2953,2388,2808,2952,2959,2958,2954,2955,2956,2957,2950,2951,1884,1414],"class_list":{"0":"post-11500","1":"product","2":"type-product","3":"status-publish","4":"has-post-thumbnail","6":"product_cat-daf-en-4","7":"product_cat-turbochargers","8":"product_tag-2136753-en","9":"product_tag-2136754-en","10":"product_tag-2154700-en","11":"product_tag-2301178-en","12":"product_tag-2348172-en","13":"product_tag-2348172r-en","14":"product_tag-2348172rn-en","15":"product_tag-5457475-en","16":"product_tag-5457475h-en","17":"product_tag-5457477-en","18":"product_tag-5457479-en","19":"product_tag-daf-106-en","20":"product_tag-daf-106-polift-he400vg-turbocharger","21":"product_tag-he400vg-en","22":"product_tag-turbocharger-regeneration","24":"first","25":"instock","26":"featured","27":"taxable","28":"shipping-taxable","29":"product-type-simple"},"_links":{"self":[{"href":"https:\/\/zaciski-regtruck.pl\/en\/wp-json\/wp\/v2\/product\/11500","targetHints":{"allow":["GET"]}}],"collection":[{"href":"https:\/\/zaciski-regtruck.pl\/en\/wp-json\/wp\/v2\/product"}],"about":[{"href":"https:\/\/zaciski-regtruck.pl\/en\/wp-json\/wp\/v2\/types\/product"}],"version-history":[{"count":0,"href":"https:\/\/zaciski-regtruck.pl\/en\/wp-json\/wp\/v2\/product\/11500\/revisions"}],"wp:featuredmedia":[{"embeddable":true,"href":"https:\/\/zaciski-regtruck.pl\/en\/wp-json\/wp\/v2\/media\/11477"}],"wp:attachment":[{"href":"https:\/\/zaciski-regtruck.pl\/en\/wp-json\/wp\/v2\/media?parent=11500"}],"wp:term":[{"taxonomy":"product_brand","embeddable":true,"href":"https:\/\/zaciski-regtruck.pl\/en\/wp-json\/wp\/v2\/product_brand?post=11500"},{"taxonomy":"product_cat","embeddable":true,"href":"https:\/\/zaciski-regtruck.pl\/en\/wp-json\/wp\/v2\/product_cat?post=11500"},{"taxonomy":"product_tag","embeddable":true,"href":"https:\/\/zaciski-regtruck.pl\/en\/wp-json\/wp\/v2\/product_tag?post=11500"}],"curies":[{"name":"wp","href":"https:\/\/api.w.org\/{rel}","templated":true}]}}