{"id":11501,"date":"2025-01-31T13:00:52","date_gmt":"2025-01-31T12:00:52","guid":{"rendered":"https:\/\/zaciski-regtruck.pl\/produkt\/turbocharger-daf-106-prelift-he500vg-1901518\/"},"modified":"2025-01-31T14:06:58","modified_gmt":"2025-01-31T13:06:58","slug":"turbocharger-daf-106-prelift-he500vg-1901518","status":"publish","type":"product","link":"https:\/\/zaciski-regtruck.pl\/en\/produkt\/turbocharger-daf-106-prelift-he500vg-1901518\/","title":{"rendered":"Turbocharger DAF 106 Prelift HE500VG, 1901518"},"content":{"rendered":"\t\t<div data-elementor-type=\"product-post\" data-elementor-id=\"11501\" class=\"elementor elementor-11501 elementor-11490\" data-elementor-post-type=\"product\">\n\t\t\t\t\t\t<section data-particle_enable=\"false\" data-particle-mobile-disabled=\"false\" class=\"elementor-section elementor-top-section elementor-element elementor-element-35c913d9 elementor-section-boxed elementor-section-height-default elementor-section-height-default\" data-id=\"35c913d9\" data-element_type=\"section\" data-e-type=\"section\">\n\t\t\t\t\t\t<div class=\"elementor-container elementor-column-gap-default\">\n\t\t\t\t\t<div class=\"elementor-column elementor-col-100 elementor-top-column elementor-element elementor-element-7db474d\" data-id=\"7db474d\" data-element_type=\"column\" data-e-type=\"column\">\n\t\t\t<div class=\"elementor-widget-wrap elementor-element-populated\">\n\t\t\t\t\t\t<div class=\"elementor-element elementor-element-7d3ee497 elementor-widget elementor-widget-text-editor\" data-id=\"7d3ee497\" data-element_type=\"widget\" data-e-type=\"widget\" data-widget_type=\"text-editor.default\">\n\t\t\t\t<div class=\"elementor-widget-container\">\n\t\t\t\t\t\t\t\t\t<h2>Turbospr\u0119\u017carka DAF 106 Przedlift HE500VG, 1901518<\/h2>\n<div><\/div>\n\n<hr \/>\n\n<h3><span style=\"color: #000000;\">Oferujemy Pa\u0144stwu zregenerowan\u0105 turbospr\u0119\u017cark\u0119 <\/span><span style=\"color: #000000;\">Holset HE500VG<\/span>\u00a0najwy\u017cszej jako\u015bci.<\/h3>\n<h3><span style=\"color: #000000;\">Gwarancja 24 miesi\u0105ce<\/span><\/h3>\t\t\t\t\t\t\t\t<\/div>\n\t\t\t\t<\/div>\n\t\t\t\t\t<\/div>\n\t\t<\/div>\n\t\t\t\t\t<\/div>\n\t\t<\/section>\n\t\t\t\t<\/div>\n\t\t","protected":false},"excerpt":{"rendered":"<h3>We offer for sale DAF 106 Prelift 460i 510 turbocharger .<\/h3>\n<h3><\/h3>\n","protected":false},"featured_media":11492,"template":"","meta":[],"product_brand":[],"product_cat":[842,841],"product_tag":[2962,2964,2965,2966,2967,2968,2969,2970,2971,2972,2973,2974,2975,2976,2977,2978,2979,2980,2981,2982,2983,2961,2963,1414],"class_list":{"0":"post-11501","1":"product","2":"type-product","3":"status-publish","4":"has-post-thumbnail","6":"product_cat-daf-en-4","7":"product_cat-turbochargers","8":"product_tag-1901518-en","9":"product_tag-1907280-en","10":"product_tag-1944459-en","11":"product_tag-1959915-en","12":"product_tag-2047386-en","13":"product_tag-2422406-en","14":"product_tag-3781185-en","15":"product_tag-3781187-en","16":"product_tag-3783794-en","17":"product_tag-3788164-en","18":"product_tag-3791936-en","19":"product_tag-3791939-en","20":"product_tag-3792555-en","21":"product_tag-3792559-en","22":"product_tag-4031045-en","23":"product_tag-4031057-en","24":"product_tag-5330073-en","25":"product_tag-5330075-en","26":"product_tag-5330077-en","27":"product_tag-5355092-en","28":"product_tag-5355095-en","29":"product_tag-daf-106-prelift-he500vg-turbocharger","30":"product_tag-e500vg-en","31":"product_tag-turbocharger-regeneration","33":"first","34":"instock","35":"featured","36":"taxable","37":"shipping-taxable","38":"product-type-simple"},"_links":{"self":[{"href":"https:\/\/zaciski-regtruck.pl\/en\/wp-json\/wp\/v2\/product\/11501","targetHints":{"allow":["GET"]}}],"collection":[{"href":"https:\/\/zaciski-regtruck.pl\/en\/wp-json\/wp\/v2\/product"}],"about":[{"href":"https:\/\/zaciski-regtruck.pl\/en\/wp-json\/wp\/v2\/types\/product"}],"version-history":[{"count":1,"href":"https:\/\/zaciski-regtruck.pl\/en\/wp-json\/wp\/v2\/product\/11501\/revisions"}],"predecessor-version":[{"id":11503,"href":"https:\/\/zaciski-regtruck.pl\/en\/wp-json\/wp\/v2\/product\/11501\/revisions\/11503"}],"wp:featuredmedia":[{"embeddable":true,"href":"https:\/\/zaciski-regtruck.pl\/en\/wp-json\/wp\/v2\/media\/11492"}],"wp:attachment":[{"href":"https:\/\/zaciski-regtruck.pl\/en\/wp-json\/wp\/v2\/media?parent=11501"}],"wp:term":[{"taxonomy":"product_brand","embeddable":true,"href":"https:\/\/zaciski-regtruck.pl\/en\/wp-json\/wp\/v2\/product_brand?post=11501"},{"taxonomy":"product_cat","embeddable":true,"href":"https:\/\/zaciski-regtruck.pl\/en\/wp-json\/wp\/v2\/product_cat?post=11501"},{"taxonomy":"product_tag","embeddable":true,"href":"https:\/\/zaciski-regtruck.pl\/en\/wp-json\/wp\/v2\/product_tag?post=11501"}],"curies":[{"name":"wp","href":"https:\/\/api.w.org\/{rel}","templated":true}]}}