{"id":12189,"date":"2025-02-17T14:35:23","date_gmt":"2025-02-17T13:35:23","guid":{"rendered":"https:\/\/zaciski-regtruck.pl\/produkt\/turbosprezarka-scania-r-730-he500vg-2238824\/"},"modified":"2025-05-26T08:07:51","modified_gmt":"2025-05-26T06:07:51","slug":"turbosprezarka-scania-r-730-he500vg-2238824","status":"publish","type":"product","link":"https:\/\/zaciski-regtruck.pl\/en\/produkt\/turbosprezarka-scania-r-730-he500vg-2238824\/","title":{"rendered":"Turbospr\u0119\u017carka SCANIA R 730 HE500VG, 2238824"},"content":{"rendered":"\t\t<div data-elementor-type=\"product-post\" data-elementor-id=\"12189\" class=\"elementor elementor-12189 elementor-11710\" data-elementor-post-type=\"product\">\n\t\t\t\t\t\t<section data-particle_enable=\"false\" data-particle-mobile-disabled=\"false\" class=\"elementor-section elementor-top-section elementor-element elementor-element-35c913d9 elementor-section-boxed elementor-section-height-default elementor-section-height-default\" data-id=\"35c913d9\" data-element_type=\"section\" data-e-type=\"section\">\n\t\t\t\t\t\t<div class=\"elementor-container elementor-column-gap-default\">\n\t\t\t\t\t<div class=\"elementor-column elementor-col-100 elementor-top-column elementor-element elementor-element-7db474d\" data-id=\"7db474d\" data-element_type=\"column\" data-e-type=\"column\">\n\t\t\t<div class=\"elementor-widget-wrap elementor-element-populated\">\n\t\t\t\t\t\t<div class=\"elementor-element elementor-element-7d3ee497 elementor-widget elementor-widget-text-editor\" data-id=\"7d3ee497\" data-element_type=\"widget\" data-e-type=\"widget\" data-widget_type=\"text-editor.default\">\n\t\t\t\t<div class=\"elementor-widget-container\">\n\t\t\t\t\t\t\t\t\t<h2>Turbospr\u0119\u017carka&nbsp; Turbospr\u0119\u017carka SCANIA R 730 HE500VG &#8211; 2001910<\/h2>\n<hr>\n<h3><span style=\"color: #000000;\">Oferujemy Pa\u0144stwu zregenerowan\u0105 turbospr\u0119\u017cark\u0119 <\/span><span style=\"color: #000000;\">scania HOLSET HE500VG <\/span>&nbsp;najwy\u017cszej jako\u015bci.&nbsp;<\/h3>\n<h3><span style=\"color: #000000;\">Gwarancja 24 miesi\u0105ce<\/span><\/h3>\t\t\t\t\t\t\t\t<\/div>\n\t\t\t\t<\/div>\n\t\t\t\t\t<\/div>\n\t\t<\/div>\n\t\t\t\t\t<\/div>\n\t\t<\/section>\n\t\t\t\t<\/div>\n\t\t","protected":false},"excerpt":{"rendered":"<h3>We offer for sale SCANIA R 730 turbocharger .<\/h3>\n<h3><\/h3>\n","protected":false},"featured_media":11712,"template":"","meta":[],"product_brand":[],"product_cat":[847,841],"product_tag":[3095,3096,3100,3101,3103,3094,3104,3098,3102,3107,3106,3109,3108,3105,3099,3097,2916,1414,3111,3110],"class_list":{"0":"post-12189","1":"product","2":"type-product","3":"status-publish","4":"has-post-thumbnail","6":"product_cat-scania-en-4","7":"product_cat-turbochargers","8":"product_tag-2238824-en","9":"product_tag-2284738-en","10":"product_tag-2428820-en","11":"product_tag-2484276-en","12":"product_tag-3790031-en","13":"product_tag-3790032-en","14":"product_tag-3794132-en","15":"product_tag-3794133-en","16":"product_tag-4031241-en","17":"product_tag-5323685-en","18":"product_tag-5327493-en","19":"product_tag-5351441-en","20":"product_tag-5351447-en","21":"product_tag-5352708-en","22":"product_tag-576119-en","23":"product_tag-576171-en","24":"product_tag-scania-holset-turbocharger","25":"product_tag-turbocharger-regeneration","26":"product_tag-turbocharger-scania-r-730","27":"product_tag-turbocharger-scania-r-730-he500vg","29":"first","30":"instock","31":"featured","32":"taxable","33":"shipping-taxable","34":"product-type-simple"},"_links":{"self":[{"href":"https:\/\/zaciski-regtruck.pl\/en\/wp-json\/wp\/v2\/product\/12189","targetHints":{"allow":["GET"]}}],"collection":[{"href":"https:\/\/zaciski-regtruck.pl\/en\/wp-json\/wp\/v2\/product"}],"about":[{"href":"https:\/\/zaciski-regtruck.pl\/en\/wp-json\/wp\/v2\/types\/product"}],"version-history":[{"count":1,"href":"https:\/\/zaciski-regtruck.pl\/en\/wp-json\/wp\/v2\/product\/12189\/revisions"}],"predecessor-version":[{"id":12190,"href":"https:\/\/zaciski-regtruck.pl\/en\/wp-json\/wp\/v2\/product\/12189\/revisions\/12190"}],"wp:featuredmedia":[{"embeddable":true,"href":"https:\/\/zaciski-regtruck.pl\/en\/wp-json\/wp\/v2\/media\/11712"}],"wp:attachment":[{"href":"https:\/\/zaciski-regtruck.pl\/en\/wp-json\/wp\/v2\/media?parent=12189"}],"wp:term":[{"taxonomy":"product_brand","embeddable":true,"href":"https:\/\/zaciski-regtruck.pl\/en\/wp-json\/wp\/v2\/product_brand?post=12189"},{"taxonomy":"product_cat","embeddable":true,"href":"https:\/\/zaciski-regtruck.pl\/en\/wp-json\/wp\/v2\/product_cat?post=12189"},{"taxonomy":"product_tag","embeddable":true,"href":"https:\/\/zaciski-regtruck.pl\/en\/wp-json\/wp\/v2\/product_tag?post=12189"}],"curies":[{"name":"wp","href":"https:\/\/api.w.org\/{rel}","templated":true}]}}