{"id":12192,"date":"2025-04-22T13:04:19","date_gmt":"2025-04-22T11:04:19","guid":{"rendered":"https:\/\/zaciski-regtruck.pl\/produkt\/turbocharger-daf-lf-cummins-he300vg-1707990-3783023\/"},"modified":"2025-04-22T13:04:19","modified_gmt":"2025-04-22T11:04:19","slug":"turbocharger-daf-lf-cummins-he300vg-1707990-3783023","status":"publish","type":"product","link":"https:\/\/zaciski-regtruck.pl\/en\/produkt\/turbocharger-daf-lf-cummins-he300vg-1707990-3783023\/","title":{"rendered":"Turbocharger DAF LF Cummins HE300VG 1707990, 3783023"},"content":{"rendered":"\t\t<div data-elementor-type=\"product-post\" data-elementor-id=\"12192\" class=\"elementor elementor-12192 elementor-11850\" data-elementor-post-type=\"product\">\n\t\t\t\t\t\t<section data-particle_enable=\"false\" data-particle-mobile-disabled=\"false\" class=\"elementor-section elementor-top-section elementor-element elementor-element-35c913d9 elementor-section-boxed elementor-section-height-default elementor-section-height-default\" data-id=\"35c913d9\" data-element_type=\"section\" data-e-type=\"section\">\n\t\t\t\t\t\t<div class=\"elementor-container elementor-column-gap-default\">\n\t\t\t\t\t<div class=\"elementor-column elementor-col-100 elementor-top-column elementor-element elementor-element-7db474d\" data-id=\"7db474d\" data-element_type=\"column\" data-e-type=\"column\">\n\t\t\t<div class=\"elementor-widget-wrap elementor-element-populated\">\n\t\t\t\t\t\t<div class=\"elementor-element elementor-element-7d3ee497 elementor-widget elementor-widget-text-editor\" data-id=\"7d3ee497\" data-element_type=\"widget\" data-e-type=\"widget\" data-widget_type=\"text-editor.default\">\n\t\t\t\t<div class=\"elementor-widget-container\">\n\t\t\t\t\t\t\t\t\t<h2>Turbospr\u0119\u017carka DAF LF Cummins Holset HE300VG 1707990, 3783023<\/h2><hr \/><h3><span style=\"color: #000000;\">Oferujemy Pa\u0144stwu zregenerowan\u0105 turbospr\u0119\u017cark\u0119 <\/span><span style=\"color: #000000;\">DAF HOLSET <\/span>HE300VG \u00a0najwy\u017cszej jako\u015bci.\u00a0<\/h3><h3><span style=\"color: #000000;\">Gwarancja 24 miesi\u0105ce<\/span><\/h3>\t\t\t\t\t\t\t\t<\/div>\n\t\t\t\t<\/div>\n\t\t\t\t\t<\/div>\n\t\t<\/div>\n\t\t\t\t\t<\/div>\n\t\t<\/section>\n\t\t\t\t<\/div>\n\t\t","protected":false},"excerpt":{"rendered":"<h3>We offer for sale DAF LF HOLSET Turbocharger with VTG . Can be purchased without VTG<\/h3>\n<h3><\/h3>\n","protected":false},"featured_media":11852,"template":"","meta":[],"product_brand":[],"product_cat":[847,841],"product_tag":[3131,3133,3132,3128,3134,3135,3136,3137,3138,3139,3140,3141,3142,3143,3144,3145,3146,3147,3148,3149,3150,3130,3129,3151,3127,1414],"class_list":{"0":"post-12192","1":"product","2":"type-product","3":"status-publish","4":"has-post-thumbnail","6":"product_cat-scania-en-4","7":"product_cat-turbochargers","8":"product_tag-1707990-en","9":"product_tag-17134964r-en","10":"product_tag-1714964-en","11":"product_tag-3783023-en","12":"product_tag-3786020-en","13":"product_tag-3787269-en","14":"product_tag-3789373-en","15":"product_tag-3790659-en","16":"product_tag-3790661-en","17":"product_tag-3792222-en","18":"product_tag-3792223-en","19":"product_tag-4105698-en","20":"product_tag-4309469-en","21":"product_tag-5328073-en","22":"product_tag-5328083-en","23":"product_tag-5328083h-en","24":"product_tag-5452856-en","25":"product_tag-5452857-en","26":"product_tag-5453630-en","27":"product_tag-5453909-en","28":"product_tag-5501331-en","29":"product_tag-daf-lf-holset-turbocharger","30":"product_tag-daf-lf-turbocharger","31":"product_tag-small-bus","32":"product_tag-turbocharger-daf-lf-cummins-he300vg-1707990","33":"product_tag-turbocharger-regeneration","35":"first","36":"instock","37":"featured","38":"taxable","39":"shipping-taxable","40":"product-type-simple"},"_links":{"self":[{"href":"https:\/\/zaciski-regtruck.pl\/en\/wp-json\/wp\/v2\/product\/12192","targetHints":{"allow":["GET"]}}],"collection":[{"href":"https:\/\/zaciski-regtruck.pl\/en\/wp-json\/wp\/v2\/product"}],"about":[{"href":"https:\/\/zaciski-regtruck.pl\/en\/wp-json\/wp\/v2\/types\/product"}],"version-history":[{"count":0,"href":"https:\/\/zaciski-regtruck.pl\/en\/wp-json\/wp\/v2\/product\/12192\/revisions"}],"wp:featuredmedia":[{"embeddable":true,"href":"https:\/\/zaciski-regtruck.pl\/en\/wp-json\/wp\/v2\/media\/11852"}],"wp:attachment":[{"href":"https:\/\/zaciski-regtruck.pl\/en\/wp-json\/wp\/v2\/media?parent=12192"}],"wp:term":[{"taxonomy":"product_brand","embeddable":true,"href":"https:\/\/zaciski-regtruck.pl\/en\/wp-json\/wp\/v2\/product_brand?post=12192"},{"taxonomy":"product_cat","embeddable":true,"href":"https:\/\/zaciski-regtruck.pl\/en\/wp-json\/wp\/v2\/product_cat?post=12192"},{"taxonomy":"product_tag","embeddable":true,"href":"https:\/\/zaciski-regtruck.pl\/en\/wp-json\/wp\/v2\/product_tag?post=12192"}],"curies":[{"name":"wp","href":"https:\/\/api.w.org\/{rel}","templated":true}]}}