{"id":12368,"date":"2025-06-04T13:29:03","date_gmt":"2025-06-04T11:29:03","guid":{"rendered":"https:\/\/zaciski-regtruck.pl\/produkt\/bpv-valve-daf-xf-106-2052206-2104973\/"},"modified":"2025-06-04T13:29:03","modified_gmt":"2025-06-04T11:29:03","slug":"bpv-valve-daf-xf-106-2052206-2104973","status":"publish","type":"product","link":"https:\/\/zaciski-regtruck.pl\/en\/produkt\/bpv-valve-daf-xf-106-2052206-2104973\/","title":{"rendered":"BPV valve DAF XF 106 2052206, 2104973"},"content":{"rendered":"\t\t<div data-elementor-type=\"product-post\" data-elementor-id=\"12368\" class=\"elementor elementor-12368 elementor-12355\" data-elementor-post-type=\"product\">\n\t\t\t\t\t\t<section data-particle_enable=\"false\" data-particle-mobile-disabled=\"false\" class=\"elementor-section elementor-top-section elementor-element elementor-element-35c913d9 elementor-section-boxed elementor-section-height-default elementor-section-height-default\" data-id=\"35c913d9\" data-element_type=\"section\" data-e-type=\"section\">\n\t\t\t\t\t\t<div class=\"elementor-container elementor-column-gap-default\">\n\t\t\t\t\t<div class=\"elementor-column elementor-col-100 elementor-top-column elementor-element elementor-element-7db474d\" data-id=\"7db474d\" data-element_type=\"column\" data-e-type=\"column\">\n\t\t\t<div class=\"elementor-widget-wrap elementor-element-populated\">\n\t\t\t\t\t\t<div class=\"elementor-element elementor-element-7d3ee497 elementor-widget elementor-widget-text-editor\" data-id=\"7d3ee497\" data-element_type=\"widget\" data-e-type=\"widget\" data-widget_type=\"text-editor.default\">\n\t\t\t\t<div class=\"elementor-widget-container\">\n\t\t\t\t\t\t\t\t\t<h2>Zaw\u00f3r BPV DAF XF 106\u00a0<\/h2><hr \/><h3><span style=\"color: #000000;\">Oferujemy Pa\u0144stwu zregenerowany<\/span><\/h3><h2><span style=\"color: #000000;\">Zaw\u00f3r BPV DAF XF 106 2052206, 2104973 najwy\u017cszej jako\u015bci.\u00a0<\/span><\/h2><h3><span style=\"color: #000000;\">Naszym klientom gwarantujemy 100% satysfakcji<\/span><\/h3>\t\t\t\t\t\t\t\t<\/div>\n\t\t\t\t<\/div>\n\t\t\t\t\t<\/div>\n\t\t<\/div>\n\t\t\t\t\t<\/div>\n\t\t<\/section>\n\t\t\t\t<\/div>\n\t\t","protected":false},"excerpt":{"rendered":"<h3>We offer for sale the DAF XF 106 BPV valve after reconditioning.<\/h3>\n","protected":false},"featured_media":12357,"template":"","meta":[],"product_brand":[],"product_cat":[3306],"product_tag":[3309,3310,3315,3311,3312,3316,3317,3313,3318,3314,3319,3320,3307,3308,3322,3321],"class_list":{"0":"post-12368","1":"product","2":"type-product","3":"status-publish","4":"has-post-thumbnail","6":"product_cat-bpv-valves","7":"product_tag-2052206-en","8":"product_tag-2104973-en","9":"product_tag-2123991-en","10":"product_tag-2128863-en","11":"product_tag-2187593-en","12":"product_tag-2187598-en","13":"product_tag-2256371-en","14":"product_tag-2256376-en","15":"product_tag-2339631-en","16":"product_tag-2339636-en","17":"product_tag-2426244-en","18":"product_tag-2426244rn-en","19":"product_tag-bpv-valve","20":"product_tag-bpv-valve-reconditioning","21":"product_tag-daf-xf-106-bpv-valve","22":"product_tag-daf-xf-106-bpv-valve-2052206","24":"first","25":"instock","26":"featured","27":"taxable","28":"shipping-taxable","29":"product-type-simple"},"_links":{"self":[{"href":"https:\/\/zaciski-regtruck.pl\/en\/wp-json\/wp\/v2\/product\/12368","targetHints":{"allow":["GET"]}}],"collection":[{"href":"https:\/\/zaciski-regtruck.pl\/en\/wp-json\/wp\/v2\/product"}],"about":[{"href":"https:\/\/zaciski-regtruck.pl\/en\/wp-json\/wp\/v2\/types\/product"}],"version-history":[{"count":0,"href":"https:\/\/zaciski-regtruck.pl\/en\/wp-json\/wp\/v2\/product\/12368\/revisions"}],"wp:featuredmedia":[{"embeddable":true,"href":"https:\/\/zaciski-regtruck.pl\/en\/wp-json\/wp\/v2\/media\/12357"}],"wp:attachment":[{"href":"https:\/\/zaciski-regtruck.pl\/en\/wp-json\/wp\/v2\/media?parent=12368"}],"wp:term":[{"taxonomy":"product_brand","embeddable":true,"href":"https:\/\/zaciski-regtruck.pl\/en\/wp-json\/wp\/v2\/product_brand?post=12368"},{"taxonomy":"product_cat","embeddable":true,"href":"https:\/\/zaciski-regtruck.pl\/en\/wp-json\/wp\/v2\/product_cat?post=12368"},{"taxonomy":"product_tag","embeddable":true,"href":"https:\/\/zaciski-regtruck.pl\/en\/wp-json\/wp\/v2\/product_tag?post=12368"}],"curies":[{"name":"wp","href":"https:\/\/api.w.org\/{rel}","templated":true}]}}