{"id":12421,"date":"2025-06-06T12:12:35","date_gmt":"2025-06-06T10:12:35","guid":{"rendered":"https:\/\/zaciski-regtruck.pl\/produkt\/compressor-air-conditioning-compressor-man-tga-tgx-tgs-51-77970-7028-1986ad1074\/"},"modified":"2025-06-06T12:12:35","modified_gmt":"2025-06-06T10:12:35","slug":"compressor-air-conditioning-compressor-man-tga-tgx-tgs-51-77970-7028-1986ad1074","status":"publish","type":"product","link":"https:\/\/zaciski-regtruck.pl\/en\/produkt\/compressor-air-conditioning-compressor-man-tga-tgx-tgs-51-77970-7028-1986ad1074\/","title":{"rendered":"COMPRESSOR AIR CONDITIONING COMPRESSOR MAN TGA TGX TGS 51.77970-7028, 1986AD1074"},"content":{"rendered":"\t\t<div data-elementor-type=\"product-post\" data-elementor-id=\"12421\" class=\"elementor elementor-12421 elementor-12407\" data-elementor-post-type=\"product\">\n\t\t\t\t\t\t<section data-particle_enable=\"false\" data-particle-mobile-disabled=\"false\" class=\"elementor-section elementor-top-section elementor-element elementor-element-35c913d9 elementor-section-boxed elementor-section-height-default elementor-section-height-default\" data-id=\"35c913d9\" data-element_type=\"section\" data-e-type=\"section\">\n\t\t\t\t\t\t<div class=\"elementor-container elementor-column-gap-default\">\n\t\t\t\t\t<div class=\"elementor-column elementor-col-100 elementor-top-column elementor-element elementor-element-7db474d\" data-id=\"7db474d\" data-element_type=\"column\" data-e-type=\"column\">\n\t\t\t<div class=\"elementor-widget-wrap elementor-element-populated\">\n\t\t\t\t\t\t<div class=\"elementor-element elementor-element-7d3ee497 elementor-widget elementor-widget-text-editor\" data-id=\"7d3ee497\" data-element_type=\"widget\" data-e-type=\"widget\" data-widget_type=\"text-editor.default\">\n\t\t\t\t<div class=\"elementor-widget-container\">\n\t\t\t\t\t\t\t\t\t<h2>SPR\u0118\u017bARKA KOMPRESOR KLIMATYZACJI MAN TGA TGX TGS\u00a0<\/h2><hr \/><h3><span style=\"color: #000000;\">Oferujemy Pa\u0144stwu zregenerowan\u0105<\/span><\/h3><h2><span style=\"color: #000000;\">SPR\u0118\u017bARK\u0118 KOMPRESORA KLIMATYZACJI MAN TGA TGX TGS 51.77970-7028, 1986AD1074 najwy\u017cszej jako\u015bci.\u00a0<\/span><\/h2><h3><span style=\"color: #000000;\">Naszym klientom gwarantujemy 100% satysfakcji<\/span><\/h3>\t\t\t\t\t\t\t\t<\/div>\n\t\t\t\t<\/div>\n\t\t\t\t\t<\/div>\n\t\t<\/div>\n\t\t\t\t\t<\/div>\n\t\t<\/section>\n\t\t\t\t<\/div>\n\t\t","protected":false},"excerpt":{"rendered":"<h3>On offer for sale we have a compressor compressor air conditioning MAN TGA TGX TGS after regeneration.<\/h3>\n","protected":false},"featured_media":12411,"template":"","meta":[],"product_brand":[],"product_cat":[1926,1795,2786],"product_tag":[3388,3389,3390,3391,3392,3393,3394,3395,3385,3396,3397,3398,3399,3400,3401,3402,3403,3404,3405,3406,3407,3408,3409,3410,3386,3387,3411,3412,3384,3413,3414,3415,3416,3417],"class_list":{"0":"post-12421","1":"product","2":"type-product","3":"status-publish","4":"has-post-thumbnail","6":"product_cat-coolant-pumps","7":"product_cat-engine-parts","8":"product_cat-other","9":"product_tag-01-07-ma-418-dt-en","10":"product_tag-01-07-ma-468-nis-en","11":"product_tag-01-07-ma-486-nrf-en","12":"product_tag-01-07-ma-503-ht-en","13":"product_tag-01-07-ma-566-tit-en","14":"product_tag-01-07-ma-605-the-en","15":"product_tag-01-07-ma-606-mah-en","16":"product_tag-01-07-ma-688-poz-en","17":"product_tag-1986ad1074-en","18":"product_tag-3-82241-en","19":"product_tag-32706-en","20":"product_tag-382241-en","21":"product_tag-45031003hw-en","22":"product_tag-559000001-en","23":"product_tag-81-61906-6012-en","24":"product_tag-813014-en","25":"product_tag-850671n-en","26":"product_tag-89139-en","27":"product_tag-8fk351-135-141-en","28":"product_tag-8fk351135141-en","29":"product_tag-8fk351135641-en","30":"product_tag-90-07-ma-043-hel-en","31":"product_tag-92-0508-en","32":"product_tag-920508-en","33":"product_tag-a-c-compressor-compressor-man-tga-tgx-tgs","34":"product_tag-a-c-compressor-man","35":"product_tag-acp111000s-en","36":"product_tag-acp459-en","37":"product_tag-compressor-air-conditioning-compressor-man-tga-tgx-tgs-51-77970-7028","38":"product_tag-jsd06-15086-en","39":"product_tag-ktt090001-en","40":"product_tag-mnak048-en","41":"product_tag-nrf32706-en","42":"product_tag-tsp0155813-en","44":"first","45":"instock","46":"featured","47":"taxable","48":"shipping-taxable","49":"product-type-simple"},"_links":{"self":[{"href":"https:\/\/zaciski-regtruck.pl\/en\/wp-json\/wp\/v2\/product\/12421","targetHints":{"allow":["GET"]}}],"collection":[{"href":"https:\/\/zaciski-regtruck.pl\/en\/wp-json\/wp\/v2\/product"}],"about":[{"href":"https:\/\/zaciski-regtruck.pl\/en\/wp-json\/wp\/v2\/types\/product"}],"version-history":[{"count":0,"href":"https:\/\/zaciski-regtruck.pl\/en\/wp-json\/wp\/v2\/product\/12421\/revisions"}],"wp:featuredmedia":[{"embeddable":true,"href":"https:\/\/zaciski-regtruck.pl\/en\/wp-json\/wp\/v2\/media\/12411"}],"wp:attachment":[{"href":"https:\/\/zaciski-regtruck.pl\/en\/wp-json\/wp\/v2\/media?parent=12421"}],"wp:term":[{"taxonomy":"product_brand","embeddable":true,"href":"https:\/\/zaciski-regtruck.pl\/en\/wp-json\/wp\/v2\/product_brand?post=12421"},{"taxonomy":"product_cat","embeddable":true,"href":"https:\/\/zaciski-regtruck.pl\/en\/wp-json\/wp\/v2\/product_cat?post=12421"},{"taxonomy":"product_tag","embeddable":true,"href":"https:\/\/zaciski-regtruck.pl\/en\/wp-json\/wp\/v2\/product_tag?post=12421"}],"curies":[{"name":"wp","href":"https:\/\/api.w.org\/{rel}","templated":true}]}}