{"id":12422,"date":"2025-06-05T13:34:07","date_gmt":"2025-06-05T11:34:07","guid":{"rendered":"https:\/\/zaciski-regtruck.pl\/produkt\/bpv-valve-daf-xf-106-euro-6-2256380-2187597\/"},"modified":"2025-06-05T13:34:07","modified_gmt":"2025-06-05T11:34:07","slug":"bpv-valve-daf-xf-106-euro-6-2256380-2187597","status":"publish","type":"product","link":"https:\/\/zaciski-regtruck.pl\/en\/produkt\/bpv-valve-daf-xf-106-euro-6-2256380-2187597\/","title":{"rendered":"BPV valve DAF XF 106 Euro 6 2256380, 2187597"},"content":{"rendered":"\t\t<div data-elementor-type=\"product-post\" data-elementor-id=\"12422\" class=\"elementor elementor-12422 elementor-12395\" data-elementor-post-type=\"product\">\n\t\t\t\t\t\t<section data-particle_enable=\"false\" data-particle-mobile-disabled=\"false\" class=\"elementor-section elementor-top-section elementor-element elementor-element-35c913d9 elementor-section-boxed elementor-section-height-default elementor-section-height-default\" data-id=\"35c913d9\" data-element_type=\"section\" data-e-type=\"section\">\n\t\t\t\t\t\t<div class=\"elementor-container elementor-column-gap-default\">\n\t\t\t\t\t<div class=\"elementor-column elementor-col-100 elementor-top-column elementor-element elementor-element-7db474d\" data-id=\"7db474d\" data-element_type=\"column\" data-e-type=\"column\">\n\t\t\t<div class=\"elementor-widget-wrap elementor-element-populated\">\n\t\t\t\t\t\t<div class=\"elementor-element elementor-element-7d3ee497 elementor-widget elementor-widget-text-editor\" data-id=\"7d3ee497\" data-element_type=\"widget\" data-e-type=\"widget\" data-widget_type=\"text-editor.default\">\n\t\t\t\t<div class=\"elementor-widget-container\">\n\t\t\t\t\t\t\t\t\t<h2>Zaw\u00f3r BPV DAF XF 106 Euro 6\u00a0<\/h2><hr \/><h3><span style=\"color: #000000;\">Oferujemy Pa\u0144stwu zregenerowany<\/span><\/h3><h2><span style=\"color: #000000;\">Zaw\u00f3r BPV DAF XF 106 Euro 6 2256380, 2187597 najwy\u017cszej jako\u015bci.\u00a0<\/span><\/h2><h3><span style=\"color: #000000;\">Naszym klientom gwarantujemy 100% satysfakcji<\/span><\/h3>\t\t\t\t\t\t\t\t<\/div>\n\t\t\t\t<\/div>\n\t\t\t\t\t<\/div>\n\t\t<\/div>\n\t\t\t\t\t<\/div>\n\t\t<\/section>\n\t\t\t\t<\/div>\n\t\t","protected":false},"excerpt":{"rendered":"<h3>We offer for sale the BPV DAF XF 106 Euro 6 valve after reconditioning.<\/h3>\n","protected":false},"featured_media":12397,"template":"","meta":[],"product_brand":[],"product_cat":[3306],"product_tag":[3422,3423,3420,3424,3425,3426,3427,3307,3419,3322,3421],"class_list":{"0":"post-12422","1":"product","2":"type-product","3":"status-publish","4":"has-post-thumbnail","6":"product_cat-bpv-valves","7":"product_tag-2104977-en","8":"product_tag-2128867-en","9":"product_tag-2187597-en","10":"product_tag-2256380-en","11":"product_tag-2256380rn-en","12":"product_tag-2426255-en","13":"product_tag-2426255rn-en","14":"product_tag-bpv-valve","15":"product_tag-bpv-valve-daf-xf-106-euro-6-2256380","16":"product_tag-daf-xf-106-bpv-valve","17":"product_tag-daf-xf-106-euro-6-bpv-valve","19":"first","20":"instock","21":"featured","22":"taxable","23":"shipping-taxable","24":"product-type-simple"},"_links":{"self":[{"href":"https:\/\/zaciski-regtruck.pl\/en\/wp-json\/wp\/v2\/product\/12422","targetHints":{"allow":["GET"]}}],"collection":[{"href":"https:\/\/zaciski-regtruck.pl\/en\/wp-json\/wp\/v2\/product"}],"about":[{"href":"https:\/\/zaciski-regtruck.pl\/en\/wp-json\/wp\/v2\/types\/product"}],"version-history":[{"count":0,"href":"https:\/\/zaciski-regtruck.pl\/en\/wp-json\/wp\/v2\/product\/12422\/revisions"}],"wp:featuredmedia":[{"embeddable":true,"href":"https:\/\/zaciski-regtruck.pl\/en\/wp-json\/wp\/v2\/media\/12397"}],"wp:attachment":[{"href":"https:\/\/zaciski-regtruck.pl\/en\/wp-json\/wp\/v2\/media?parent=12422"}],"wp:term":[{"taxonomy":"product_brand","embeddable":true,"href":"https:\/\/zaciski-regtruck.pl\/en\/wp-json\/wp\/v2\/product_brand?post=12422"},{"taxonomy":"product_cat","embeddable":true,"href":"https:\/\/zaciski-regtruck.pl\/en\/wp-json\/wp\/v2\/product_cat?post=12422"},{"taxonomy":"product_tag","embeddable":true,"href":"https:\/\/zaciski-regtruck.pl\/en\/wp-json\/wp\/v2\/product_tag?post=12422"}],"curies":[{"name":"wp","href":"https:\/\/api.w.org\/{rel}","templated":true}]}}