{"id":12471,"date":"2025-06-04T09:30:52","date_gmt":"2025-06-04T07:30:52","guid":{"rendered":"https:\/\/zaciski-regtruck.pl\/produkt\/control-valve-vtg-daf-xf-106-2140165-5355674\/"},"modified":"2025-06-04T09:30:52","modified_gmt":"2025-06-04T07:30:52","slug":"control-valve-vtg-daf-xf-106-2140165-5355674","status":"publish","type":"product","link":"https:\/\/zaciski-regtruck.pl\/en\/produkt\/control-valve-vtg-daf-xf-106-2140165-5355674\/","title":{"rendered":"Control valve VTG DAF XF 106 2140165, 5355674"},"content":{"rendered":"\t\t<div data-elementor-type=\"product-post\" data-elementor-id=\"12471\" class=\"elementor elementor-12471 elementor-12335\" data-elementor-post-type=\"product\">\n\t\t\t\t\t\t<section data-particle_enable=\"false\" data-particle-mobile-disabled=\"false\" class=\"elementor-section elementor-top-section elementor-element elementor-element-35c913d9 elementor-section-boxed elementor-section-height-default elementor-section-height-default\" data-id=\"35c913d9\" data-element_type=\"section\" data-e-type=\"section\">\n\t\t\t\t\t\t<div class=\"elementor-container elementor-column-gap-default\">\n\t\t\t\t\t<div class=\"elementor-column elementor-col-100 elementor-top-column elementor-element elementor-element-7db474d\" data-id=\"7db474d\" data-element_type=\"column\" data-e-type=\"column\">\n\t\t\t<div class=\"elementor-widget-wrap elementor-element-populated\">\n\t\t\t\t\t\t<div class=\"elementor-element elementor-element-7d3ee497 elementor-widget__width-initial elementor-widget elementor-widget-text-editor\" data-id=\"7d3ee497\" data-element_type=\"widget\" data-e-type=\"widget\" data-widget_type=\"text-editor.default\">\n\t\t\t\t<div class=\"elementor-widget-container\">\n\t\t\t\t\t\t\t\t\t<h2>Zaw\u00f3r sterownik VTG DAF XF 106 2140165, 5355674<\/h2><h2>\u00a0<\/h2><h2>Oferujemy Pa\u0144stwu nastawnik zaworu VTG najwy\u017cszej jako\u015bci- NOWY.<\/h2><h3><span style=\"color: #000000;\">Naszym klientom gwarantujemy 100% satysfakcji<\/span><\/h3>\t\t\t\t\t\t\t\t<\/div>\n\t\t\t\t<\/div>\n\t\t\t\t\t<\/div>\n\t\t<\/div>\n\t\t\t\t\t<\/div>\n\t\t<\/section>\n\t\t\t\t<\/div>\n\t\t","protected":false},"excerpt":{"rendered":"<h3>We offer for sale<br \/>\nJumper, VTG Controller DAF XF 106 2140165, 5355674<\/h3>\n","protected":false},"featured_media":12348,"template":"","meta":[],"product_brand":[],"product_cat":[1479],"product_tag":[3598,3601,3602,3599,3603,3600,3597,1489,2361,2368,3596,1488,1660],"class_list":{"0":"post-12471","1":"product","2":"type-product","3":"status-publish","4":"has-post-thumbnail","6":"product_cat-vtg-valves","7":"product_tag-2140165-en","8":"product_tag-2140165r-en","9":"product_tag-2140165rn-en","10":"product_tag-2319700-en","11":"product_tag-2319700rn-en","12":"product_tag-5355672-en","13":"product_tag-5355674-en","14":"product_tag-regeneration-of-vtg-controllers","15":"product_tag-setters","16":"product_tag-valve","17":"product_tag-vtg-control-valve-daf-xf-106-2140165","18":"product_tag-vtg-regeneration","19":"product_tag-vtg-turbine-valve-controller","21":"first","22":"instock","23":"featured","24":"taxable","25":"shipping-taxable","26":"product-type-simple"},"_links":{"self":[{"href":"https:\/\/zaciski-regtruck.pl\/en\/wp-json\/wp\/v2\/product\/12471","targetHints":{"allow":["GET"]}}],"collection":[{"href":"https:\/\/zaciski-regtruck.pl\/en\/wp-json\/wp\/v2\/product"}],"about":[{"href":"https:\/\/zaciski-regtruck.pl\/en\/wp-json\/wp\/v2\/types\/product"}],"version-history":[{"count":0,"href":"https:\/\/zaciski-regtruck.pl\/en\/wp-json\/wp\/v2\/product\/12471\/revisions"}],"wp:featuredmedia":[{"embeddable":true,"href":"https:\/\/zaciski-regtruck.pl\/en\/wp-json\/wp\/v2\/media\/12348"}],"wp:attachment":[{"href":"https:\/\/zaciski-regtruck.pl\/en\/wp-json\/wp\/v2\/media?parent=12471"}],"wp:term":[{"taxonomy":"product_brand","embeddable":true,"href":"https:\/\/zaciski-regtruck.pl\/en\/wp-json\/wp\/v2\/product_brand?post=12471"},{"taxonomy":"product_cat","embeddable":true,"href":"https:\/\/zaciski-regtruck.pl\/en\/wp-json\/wp\/v2\/product_cat?post=12471"},{"taxonomy":"product_tag","embeddable":true,"href":"https:\/\/zaciski-regtruck.pl\/en\/wp-json\/wp\/v2\/product_tag?post=12471"}],"curies":[{"name":"wp","href":"https:\/\/api.w.org\/{rel}","templated":true}]}}