{"id":12474,"date":"2025-05-29T13:32:54","date_gmt":"2025-05-29T11:32:54","guid":{"rendered":"https:\/\/zaciski-regtruck.pl\/produkt\/power-steering-pump-mb-mercedes-actros-0004601580-0004601580\/"},"modified":"2025-05-29T13:32:54","modified_gmt":"2025-05-29T11:32:54","slug":"power-steering-pump-mb-mercedes-actros-0004601580-0004601580","status":"publish","type":"product","link":"https:\/\/zaciski-regtruck.pl\/en\/produkt\/power-steering-pump-mb-mercedes-actros-0004601580-0004601580\/","title":{"rendered":"POWER STEERING PUMP MB MERCEDES ACTROS 0004601580, 0004601580"},"content":{"rendered":"\t\t<div data-elementor-type=\"product-post\" data-elementor-id=\"12474\" class=\"elementor elementor-12474 elementor-12258\" data-elementor-post-type=\"product\">\n\t\t\t\t\t\t<section data-particle_enable=\"false\" data-particle-mobile-disabled=\"false\" class=\"elementor-section elementor-top-section elementor-element elementor-element-35c913d9 elementor-section-boxed elementor-section-height-default elementor-section-height-default\" data-id=\"35c913d9\" data-element_type=\"section\" data-e-type=\"section\">\n\t\t\t\t\t\t<div class=\"elementor-container elementor-column-gap-default\">\n\t\t\t\t\t<div class=\"elementor-column elementor-col-100 elementor-top-column elementor-element elementor-element-7db474d\" data-id=\"7db474d\" data-element_type=\"column\" data-e-type=\"column\">\n\t\t\t<div class=\"elementor-widget-wrap elementor-element-populated\">\n\t\t\t\t\t\t<div class=\"elementor-element elementor-element-7d3ee497 elementor-widget__width-initial elementor-widget elementor-widget-text-editor\" data-id=\"7d3ee497\" data-element_type=\"widget\" data-e-type=\"widget\" data-widget_type=\"text-editor.default\">\n\t\t\t\t<div class=\"elementor-widget-container\">\n\t\t\t\t\t\t\t\t\t<h2>POMPA WSPOMAGANIA UK\u0141ADU KIEROWNICZEGO MB MERCEDES ACTROS\u00a0<\/h2><hr \/><h3><span style=\"color: #000000;\">Oferujemy Pa\u0144stwu zregenerowany<\/span><\/h3><h2><span style=\"color: #000000;\">POMPA WSPOMAGANIA UK\u0141ADU KIEROWNICZEGO MB MERCEDES ACTROS 0004601580, 0004601580 najwy\u017cszej jako\u015bci.\u00a0<\/span><\/h2><h3><span style=\"color: #000000;\">Naszym klientom gwarantujemy 100% satysfakcji<\/span><\/h3>\t\t\t\t\t\t\t\t<\/div>\n\t\t\t\t<\/div>\n\t\t\t\t\t<\/div>\n\t\t<\/div>\n\t\t\t\t\t<\/div>\n\t\t<\/section>\n\t\t\t\t<\/div>\n\t\t","protected":false},"excerpt":{"rendered":"<h3>On offer for sale is a reconditioned MB power steering pump.<\/h3>\n","protected":false},"featured_media":12260,"template":"","meta":[],"product_brand":[],"product_cat":[1926,1795],"product_tag":[3618,3636,3619,3620,3621,3622,3623,3624,3625,3626,3615,3613,3612,3637,3638,3639,3640,3641,3642,3643,3644,3627,3628,3629,3630,3631,3632,3633,3634,3635,3616,3614,3645,3617,3646],"class_list":{"0":"post-12474","1":"product","2":"type-product","3":"status-publish","4":"has-post-thumbnail","6":"product_cat-coolant-pumps","7":"product_cat-engine-parts","8":"product_tag-0004601580-en","9":"product_tag-0004601580-mb-en","10":"product_tag-0004602258-en","11":"product_tag-0004602580-en","12":"product_tag-0004602980-en","13":"product_tag-0004606780-en","14":"product_tag-0014605980-en","15":"product_tag-0014664401-en","16":"product_tag-0014664501-en","17":"product_tag-0024607580-en","18":"product_tag-2137201-en","19":"product_tag-2184198-en","20":"product_tag-2267059-en","21":"product_tag-2836-801-en","22":"product_tag-50-010000-0142-en","23":"product_tag-542-0031-10-en","24":"product_tag-542003110-en","25":"product_tag-7673955719-zf-en","26":"product_tag-7684955106-en","27":"product_tag-7684955190-en","28":"product_tag-9074203110-77euro-en","29":"product_tag-a0004601580-en","30":"product_tag-a0004602258-en","31":"product_tag-a0004602580-en","32":"product_tag-a0004602980-en","33":"product_tag-a0004606780-en","34":"product_tag-a0014605980-en","35":"product_tag-a0014664401-en","36":"product_tag-a0014664501-en","37":"product_tag-a0024607580-en","38":"product_tag-daf-euro-6-mx11-coolant-pump","39":"product_tag-daf-euro-6-mx11-coolant-pump-2184198","40":"product_tag-jpr345-trw-en","41":"product_tag-rt2184198r-en","42":"product_tag-tt21-01-024-en","44":"first","45":"instock","46":"featured","47":"taxable","48":"shipping-taxable","49":"product-type-simple"},"_links":{"self":[{"href":"https:\/\/zaciski-regtruck.pl\/en\/wp-json\/wp\/v2\/product\/12474","targetHints":{"allow":["GET"]}}],"collection":[{"href":"https:\/\/zaciski-regtruck.pl\/en\/wp-json\/wp\/v2\/product"}],"about":[{"href":"https:\/\/zaciski-regtruck.pl\/en\/wp-json\/wp\/v2\/types\/product"}],"version-history":[{"count":0,"href":"https:\/\/zaciski-regtruck.pl\/en\/wp-json\/wp\/v2\/product\/12474\/revisions"}],"wp:featuredmedia":[{"embeddable":true,"href":"https:\/\/zaciski-regtruck.pl\/en\/wp-json\/wp\/v2\/media\/12260"}],"wp:attachment":[{"href":"https:\/\/zaciski-regtruck.pl\/en\/wp-json\/wp\/v2\/media?parent=12474"}],"wp:term":[{"taxonomy":"product_brand","embeddable":true,"href":"https:\/\/zaciski-regtruck.pl\/en\/wp-json\/wp\/v2\/product_brand?post=12474"},{"taxonomy":"product_cat","embeddable":true,"href":"https:\/\/zaciski-regtruck.pl\/en\/wp-json\/wp\/v2\/product_cat?post=12474"},{"taxonomy":"product_tag","embeddable":true,"href":"https:\/\/zaciski-regtruck.pl\/en\/wp-json\/wp\/v2\/product_tag?post=12474"}],"curies":[{"name":"wp","href":"https:\/\/api.w.org\/{rel}","templated":true}]}}