{"id":12485,"date":"2025-06-26T14:45:19","date_gmt":"2025-06-26T12:45:19","guid":{"rendered":"https:\/\/zaciski-regtruck.pl\/produkt\/turbocharger-daf-106-xf-mx13-he500vg-2403671-5356675\/"},"modified":"2025-06-27T08:52:18","modified_gmt":"2025-06-27T06:52:18","slug":"turbocharger-daf-106-xf-mx13-he500vg-2403671-5356675","status":"publish","type":"product","link":"https:\/\/zaciski-regtruck.pl\/en\/produkt\/turbocharger-daf-106-xf-mx13-he500vg-2403671-5356675\/","title":{"rendered":"Turbocharger DAF 106 XF MX13 HE500VG 2403671, 5356675"},"content":{"rendered":"\t\t<div data-elementor-type=\"product-post\" data-elementor-id=\"12485\" class=\"elementor elementor-12485 elementor-12475\" data-elementor-post-type=\"product\">\n\t\t\t\t\t\t<section data-particle_enable=\"false\" data-particle-mobile-disabled=\"false\" class=\"elementor-section elementor-top-section elementor-element elementor-element-35c913d9 elementor-section-boxed elementor-section-height-default elementor-section-height-default\" data-id=\"35c913d9\" data-element_type=\"section\" data-e-type=\"section\">\n\t\t\t\t\t\t<div class=\"elementor-container elementor-column-gap-default\">\n\t\t\t\t\t<div class=\"elementor-column elementor-col-100 elementor-top-column elementor-element elementor-element-7db474d\" data-id=\"7db474d\" data-element_type=\"column\" data-e-type=\"column\">\n\t\t\t<div class=\"elementor-widget-wrap elementor-element-populated\">\n\t\t\t\t\t\t<div class=\"elementor-element elementor-element-7d3ee497 elementor-widget elementor-widget-text-editor\" data-id=\"7d3ee497\" data-element_type=\"widget\" data-e-type=\"widget\" data-widget_type=\"text-editor.default\">\n\t\t\t\t<div class=\"elementor-widget-container\">\n\t\t\t\t\t\t\t\t\t<h2>Turbospr\u0119\u017carka DAF 106 XF MX13 HE500VG 2403671, 5356675<\/h2><div>\u00a0<\/div><hr \/><h3><span style=\"color: #000000;\">Oferujemy Pa\u0144stwu zregenerowan\u0105 turbospr\u0119\u017cark\u0119 <\/span><span style=\"color: #000000;\">Holset DAF 106 XF MX13 530km <\/span>najwy\u017cszej jako\u015bci.<\/h3><h3><span style=\"color: #000000;\">Gwarancja 24 miesi\u0105ce<\/span><\/h3>\t\t\t\t\t\t\t\t<\/div>\n\t\t\t\t<\/div>\n\t\t\t\t\t<\/div>\n\t\t<\/div>\n\t\t\t\t\t<\/div>\n\t\t<\/section>\n\t\t\t\t<\/div>\n\t\t","protected":false},"excerpt":{"rendered":"<h3>On offer for sale is a DAF 106 XF MX13 530km turbocharger .<\/h3>\n<h3><\/h3>\n","protected":false},"featured_media":12477,"template":"","meta":[],"product_brand":[],"product_cat":[842,841],"product_tag":[3665,3666,3667,3664,3662,3663,3661,3669,3670,3668,3660,1414],"class_list":{"0":"post-12485","1":"product","2":"type-product","3":"status-publish","4":"has-post-thumbnail","6":"product_cat-daf-en-4","7":"product_cat-turbochargers","8":"product_tag-2117463-en","9":"product_tag-2301181-en","10":"product_tag-2319257-en","11":"product_tag-2353021-en","12":"product_tag-2403671-en","13":"product_tag-2403671rn-en","14":"product_tag-5356675-en","15":"product_tag-daf-106-xf-mx13-turbocharger","16":"product_tag-turbocharger-daf-106-xf-mx13-530km","17":"product_tag-turbocharger-daf-106-xf-mx13-he500vg","18":"product_tag-turbocharger-daf-106-xf-mx13-he500vg-2403671","19":"product_tag-turbocharger-regeneration","21":"first","22":"instock","23":"featured","24":"taxable","25":"shipping-taxable","26":"product-type-simple"},"_links":{"self":[{"href":"https:\/\/zaciski-regtruck.pl\/en\/wp-json\/wp\/v2\/product\/12485","targetHints":{"allow":["GET"]}}],"collection":[{"href":"https:\/\/zaciski-regtruck.pl\/en\/wp-json\/wp\/v2\/product"}],"about":[{"href":"https:\/\/zaciski-regtruck.pl\/en\/wp-json\/wp\/v2\/types\/product"}],"version-history":[{"count":1,"href":"https:\/\/zaciski-regtruck.pl\/en\/wp-json\/wp\/v2\/product\/12485\/revisions"}],"predecessor-version":[{"id":12486,"href":"https:\/\/zaciski-regtruck.pl\/en\/wp-json\/wp\/v2\/product\/12485\/revisions\/12486"}],"wp:featuredmedia":[{"embeddable":true,"href":"https:\/\/zaciski-regtruck.pl\/en\/wp-json\/wp\/v2\/media\/12477"}],"wp:attachment":[{"href":"https:\/\/zaciski-regtruck.pl\/en\/wp-json\/wp\/v2\/media?parent=12485"}],"wp:term":[{"taxonomy":"product_brand","embeddable":true,"href":"https:\/\/zaciski-regtruck.pl\/en\/wp-json\/wp\/v2\/product_brand?post=12485"},{"taxonomy":"product_cat","embeddable":true,"href":"https:\/\/zaciski-regtruck.pl\/en\/wp-json\/wp\/v2\/product_cat?post=12485"},{"taxonomy":"product_tag","embeddable":true,"href":"https:\/\/zaciski-regtruck.pl\/en\/wp-json\/wp\/v2\/product_tag?post=12485"}],"curies":[{"name":"wp","href":"https:\/\/api.w.org\/{rel}","templated":true}]}}