{"id":12490,"date":"2025-05-26T08:21:41","date_gmt":"2025-05-26T06:21:41","guid":{"rendered":"https:\/\/zaciski-regtruck.pl\/produkt\/adblue-pump-man-tga-tgx-euro-6-81-15403-6139-81154036139\/"},"modified":"2025-05-26T08:21:41","modified_gmt":"2025-05-26T06:21:41","slug":"adblue-pump-man-tga-tgx-euro-6-81-15403-6139-81154036139","status":"publish","type":"product","link":"https:\/\/zaciski-regtruck.pl\/en\/produkt\/adblue-pump-man-tga-tgx-euro-6-81-15403-6139-81154036139\/","title":{"rendered":"ADblue pump MAN TGA TGX Euro 6 81.15403-6139, 81154036139"},"content":{"rendered":"\t\t<div data-elementor-type=\"product-post\" data-elementor-id=\"12490\" class=\"elementor elementor-12490 elementor-12195\" data-elementor-post-type=\"product\">\n\t\t\t\t\t\t<section data-particle_enable=\"false\" data-particle-mobile-disabled=\"false\" class=\"elementor-section elementor-top-section elementor-element elementor-element-35c913d9 elementor-section-boxed elementor-section-height-default elementor-section-height-default\" data-id=\"35c913d9\" data-element_type=\"section\" data-e-type=\"section\">\n\t\t\t\t\t\t<div class=\"elementor-container elementor-column-gap-default\">\n\t\t\t\t\t<div class=\"elementor-column elementor-col-100 elementor-top-column elementor-element elementor-element-7db474d\" data-id=\"7db474d\" data-element_type=\"column\" data-e-type=\"column\">\n\t\t\t<div class=\"elementor-widget-wrap elementor-element-populated\">\n\t\t\t\t\t\t<div class=\"elementor-element elementor-element-7d3ee497 elementor-widget elementor-widget-text-editor\" data-id=\"7d3ee497\" data-element_type=\"widget\" data-e-type=\"widget\" data-widget_type=\"text-editor.default\">\n\t\t\t\t<div class=\"elementor-widget-container\">\n\t\t\t\t\t\t\t\t\t<h2 style=\"display: var(--page-title-display);\">Pompa Adblue MAN TGA TGX Euro 6 81.15403-6139, 81154036139<\/h2><h2>Oferujemy Pa\u0144stwu Pompe ADBLUE najwy\u017cszej jako\u015bci.<\/h2><h3><span style=\"color: #000000;\">Naszym klientom gwarantujemy 100% satysfakcji<\/span><\/h3>\t\t\t\t\t\t\t\t<\/div>\n\t\t\t\t<\/div>\n\t\t\t\t\t<\/div>\n\t\t<\/div>\n\t\t\t\t\t<\/div>\n\t\t<\/section>\n\t\t\t\t<\/div>\n\t\t","protected":false},"excerpt":{"rendered":"<h3>We offer for sale<br \/>\nMAN TGA TGX Euro 6 Adblue pump after reconditioning.<\/h3>\n","protected":false},"featured_media":12199,"template":"","meta":[],"product_brand":[],"product_cat":[817,820],"product_tag":[1518,1519,3705,3707,3701,3709,3711,3713,3703,3704,3706,3708,3702,3710,3712,3714,1354,3715,3716,2237],"class_list":{"0":"post-12490","1":"product","2":"type-product","3":"status-publish","4":"has-post-thumbnail","6":"product_cat-adblue-pumps","7":"product_cat-man-en","8":"product_tag-81-15403-6117-en","9":"product_tag-81-15403-6118-en","10":"product_tag-81-15403-6134-en","11":"product_tag-81-15403-6138-en","12":"product_tag-81-15403-6139-en","13":"product_tag-81-15403-6146-en","14":"product_tag-81-15403-6157-en","15":"product_tag-81-15403-6165-en","16":"product_tag-81154036117-en","17":"product_tag-81154036118-en","18":"product_tag-81154036134-en","19":"product_tag-81154036138-en","20":"product_tag-81154036139-en","21":"product_tag-81154036146-en","22":"product_tag-81154036157-en","23":"product_tag-81154036165-en","24":"product_tag-adblue-pump","25":"product_tag-adblue-pump-man-tga-tgx-euro-6","26":"product_tag-adblue-pump-man-tga-tgx-euro-6-81-15403-6139","27":"product_tag-pompa-adblue-bosch-man-tgx-en","29":"first","30":"instock","31":"featured","32":"taxable","33":"shipping-taxable","34":"product-type-simple"},"_links":{"self":[{"href":"https:\/\/zaciski-regtruck.pl\/en\/wp-json\/wp\/v2\/product\/12490","targetHints":{"allow":["GET"]}}],"collection":[{"href":"https:\/\/zaciski-regtruck.pl\/en\/wp-json\/wp\/v2\/product"}],"about":[{"href":"https:\/\/zaciski-regtruck.pl\/en\/wp-json\/wp\/v2\/types\/product"}],"version-history":[{"count":0,"href":"https:\/\/zaciski-regtruck.pl\/en\/wp-json\/wp\/v2\/product\/12490\/revisions"}],"wp:featuredmedia":[{"embeddable":true,"href":"https:\/\/zaciski-regtruck.pl\/en\/wp-json\/wp\/v2\/media\/12199"}],"wp:attachment":[{"href":"https:\/\/zaciski-regtruck.pl\/en\/wp-json\/wp\/v2\/media?parent=12490"}],"wp:term":[{"taxonomy":"product_brand","embeddable":true,"href":"https:\/\/zaciski-regtruck.pl\/en\/wp-json\/wp\/v2\/product_brand?post=12490"},{"taxonomy":"product_cat","embeddable":true,"href":"https:\/\/zaciski-regtruck.pl\/en\/wp-json\/wp\/v2\/product_cat?post=12490"},{"taxonomy":"product_tag","embeddable":true,"href":"https:\/\/zaciski-regtruck.pl\/en\/wp-json\/wp\/v2\/product_tag?post=12490"}],"curies":[{"name":"wp","href":"https:\/\/api.w.org\/{rel}","templated":true}]}}