{"id":12495,"date":"2025-04-30T14:03:58","date_gmt":"2025-04-30T12:03:58","guid":{"rendered":"https:\/\/zaciski-regtruck.pl\/produkt\/turbocharger-daf-xf-106-mx13-he400vg-6456250\/"},"modified":"2025-04-30T14:03:58","modified_gmt":"2025-04-30T12:03:58","slug":"turbocharger-daf-xf-106-mx13-he400vg-6456250","status":"publish","type":"product","link":"https:\/\/zaciski-regtruck.pl\/en\/produkt\/turbocharger-daf-xf-106-mx13-he400vg-6456250\/","title":{"rendered":"Turbocharger DAF XF 106 MX13 HE400VG, 6456250"},"content":{"rendered":"\t\t<div data-elementor-type=\"product-post\" data-elementor-id=\"12495\" class=\"elementor elementor-12495 elementor-12056\" data-elementor-post-type=\"product\">\n\t\t\t\t\t\t<section data-particle_enable=\"false\" data-particle-mobile-disabled=\"false\" class=\"elementor-section elementor-top-section elementor-element elementor-element-35c913d9 elementor-section-boxed elementor-section-height-default elementor-section-height-default\" data-id=\"35c913d9\" data-element_type=\"section\" data-e-type=\"section\">\n\t\t\t\t\t\t<div class=\"elementor-container elementor-column-gap-default\">\n\t\t\t\t\t<div class=\"elementor-column elementor-col-100 elementor-top-column elementor-element elementor-element-7db474d\" data-id=\"7db474d\" data-element_type=\"column\" data-e-type=\"column\">\n\t\t\t<div class=\"elementor-widget-wrap elementor-element-populated\">\n\t\t\t\t\t\t<div class=\"elementor-element elementor-element-7d3ee497 elementor-widget elementor-widget-text-editor\" data-id=\"7d3ee497\" data-element_type=\"widget\" data-e-type=\"widget\" data-widget_type=\"text-editor.default\">\n\t\t\t\t<div class=\"elementor-widget-container\">\n\t\t\t\t\t\t\t\t\t<h2>NOWA Turbospr\u0119\u017carka DAF XF 106 MX13 HE400VG, 6456250<\/h2><hr \/><h3><span style=\"color: #000000;\">Oferujemy Pa\u0144stwu turbospr\u0119\u017cark\u0119 <\/span>DAF XF 106 HE400VG najwy\u017cszej jako\u015bci.<\/h3><h3><span style=\"color: #000000;\">Gwarancja 24 miesi\u0105ce<\/span><\/h3>\t\t\t\t\t\t\t\t<\/div>\n\t\t\t\t<\/div>\n\t\t\t\t\t<\/div>\n\t\t<\/div>\n\t\t\t\t\t<\/div>\n\t\t<\/section>\n\t\t\t\t<\/div>\n\t\t","protected":false},"excerpt":{"rendered":"<h3>We offer for sale a NEW DAF XF 106 MX13 turbocharger<\/h3>\n<div class=\"notranslate ESMNde HGLrXd ojE3Fb\">\n<div class=\"q0vns\"><\/div>\n<\/div>\n<h3><\/h3>\n","protected":false},"featured_media":12063,"template":"","meta":[],"product_brand":[],"product_cat":[842,841],"product_tag":[2812,2952,3749,3750,3751,3753,1884,3752,3748,1414],"class_list":{"0":"post-12495","1":"product","2":"type-product","3":"status-publish","4":"has-post-thumbnail","6":"product_cat-daf-en-4","7":"product_cat-turbochargers","8":"product_tag-2348170-en","9":"product_tag-2348172-en","10":"product_tag-6456250-en","11":"product_tag-6456680-en","12":"product_tag-6456681-en","13":"product_tag-daf-xf-106-mx13-he400vg-en","14":"product_tag-he400vg-en","15":"product_tag-turbocharger-daf-xf-106-mx13","16":"product_tag-turbocharger-daf-xf-106-mx13-he400vg","17":"product_tag-turbocharger-regeneration","19":"first","20":"instock","21":"featured","22":"taxable","23":"shipping-taxable","24":"product-type-simple"},"_links":{"self":[{"href":"https:\/\/zaciski-regtruck.pl\/en\/wp-json\/wp\/v2\/product\/12495","targetHints":{"allow":["GET"]}}],"collection":[{"href":"https:\/\/zaciski-regtruck.pl\/en\/wp-json\/wp\/v2\/product"}],"about":[{"href":"https:\/\/zaciski-regtruck.pl\/en\/wp-json\/wp\/v2\/types\/product"}],"version-history":[{"count":0,"href":"https:\/\/zaciski-regtruck.pl\/en\/wp-json\/wp\/v2\/product\/12495\/revisions"}],"wp:featuredmedia":[{"embeddable":true,"href":"https:\/\/zaciski-regtruck.pl\/en\/wp-json\/wp\/v2\/media\/12063"}],"wp:attachment":[{"href":"https:\/\/zaciski-regtruck.pl\/en\/wp-json\/wp\/v2\/media?parent=12495"}],"wp:term":[{"taxonomy":"product_brand","embeddable":true,"href":"https:\/\/zaciski-regtruck.pl\/en\/wp-json\/wp\/v2\/product_brand?post=12495"},{"taxonomy":"product_cat","embeddable":true,"href":"https:\/\/zaciski-regtruck.pl\/en\/wp-json\/wp\/v2\/product_cat?post=12495"},{"taxonomy":"product_tag","embeddable":true,"href":"https:\/\/zaciski-regtruck.pl\/en\/wp-json\/wp\/v2\/product_tag?post=12495"}],"curies":[{"name":"wp","href":"https:\/\/api.w.org\/{rel}","templated":true}]}}