{"id":12497,"date":"2025-04-25T10:41:28","date_gmt":"2025-04-25T08:41:28","guid":{"rendered":"https:\/\/zaciski-regtruck.pl\/produkt\/cummins-turbocharger-6-7-l-4043600-4037001\/"},"modified":"2025-04-25T10:41:28","modified_gmt":"2025-04-25T08:41:28","slug":"cummins-turbocharger-6-7-l-4043600-4037001","status":"publish","type":"product","link":"https:\/\/zaciski-regtruck.pl\/en\/produkt\/cummins-turbocharger-6-7-l-4043600-4037001\/","title":{"rendered":"Cummins turbocharger 6.7 L 4043600, 4037001"},"content":{"rendered":"\t\t<div data-elementor-type=\"product-post\" data-elementor-id=\"12497\" class=\"elementor elementor-12497 elementor-11962\" data-elementor-post-type=\"product\">\n\t\t\t\t\t\t<section data-particle_enable=\"false\" data-particle-mobile-disabled=\"false\" class=\"elementor-section elementor-top-section elementor-element elementor-element-35c913d9 elementor-section-boxed elementor-section-height-default elementor-section-height-default\" data-id=\"35c913d9\" data-element_type=\"section\" data-e-type=\"section\">\n\t\t\t\t\t\t<div class=\"elementor-container elementor-column-gap-default\">\n\t\t\t\t\t<div class=\"elementor-column elementor-col-100 elementor-top-column elementor-element elementor-element-7db474d\" data-id=\"7db474d\" data-element_type=\"column\" data-e-type=\"column\">\n\t\t\t<div class=\"elementor-widget-wrap elementor-element-populated\">\n\t\t\t\t\t\t<div class=\"elementor-element elementor-element-7d3ee497 elementor-widget elementor-widget-text-editor\" data-id=\"7d3ee497\" data-element_type=\"widget\" data-e-type=\"widget\" data-widget_type=\"text-editor.default\">\n\t\t\t\t<div class=\"elementor-widget-container\">\n\t\t\t\t\t\t\t\t\t<h2>Turbospr\u0119\u017carki Dodge Ram 2500\/3500 Cumminns 6.7 L 4043600, 4037001<\/h2><hr \/><h3><span style=\"color: #000000;\">Oferujemy Pa\u0144stwu zregenerowan\u0105 turbospr\u0119\u017cark\u0119 <\/span>Cumminns<\/h3><h3>\u00a0\u00a0najwy\u017cszej jako\u015bci.\u00a0<\/h3><h3><span style=\"color: #000000;\">Gwarancja 24 miesi\u0105ce<\/span><\/h3>\t\t\t\t\t\t\t\t<\/div>\n\t\t\t\t<\/div>\n\t\t\t\t\t<\/div>\n\t\t<\/div>\n\t\t\t\t\t<\/div>\n\t\t<\/section>\n\t\t\t\t<\/div>\n\t\t","protected":false},"excerpt":{"rendered":"<h3>We offer for sale Cummins turbocharger 6.7 L<\/h3>\n<h3><a class=\"zReHs\" href=\"https:\/\/genesisturbo.eu\/turbosprezarki\/2212-c75973-turbosprezarka-1\" data-ved=\"2ahUKEwjG69nH6fKMAxWTA9sEHfTfI1AQFnoECAwQAQ\"> <\/a><\/h3>\n<div class=\"notranslate ESMNde HGLrXd ojE3Fb\">\n<div class=\"q0vns\"><\/div>\n<\/div>\n<h3><\/h3>\n","protected":false},"featured_media":11964,"template":"","meta":[],"product_brand":[],"product_cat":[841],"product_tag":[3762,3756,3758,3761,3760,3759,3757,3755,3763,1414],"class_list":{"0":"post-12497","1":"product","2":"type-product","3":"status-publish","4":"has-post-thumbnail","6":"product_cat-turbochargers","7":"product_tag-4036835-en","8":"product_tag-4037001-en","9":"product_tag-4037002-en","10":"product_tag-4043600-en","11":"product_tag-4089673-en","12":"product_tag-4089797-en","13":"product_tag-cummins-turbocharger-6-7-l","14":"product_tag-cummins-turbocharger-6-7-l-4043600","15":"product_tag-dodge-ram-2500-3500-en","16":"product_tag-turbocharger-regeneration","18":"first","19":"instock","20":"featured","21":"taxable","22":"shipping-taxable","23":"product-type-simple"},"_links":{"self":[{"href":"https:\/\/zaciski-regtruck.pl\/en\/wp-json\/wp\/v2\/product\/12497","targetHints":{"allow":["GET"]}}],"collection":[{"href":"https:\/\/zaciski-regtruck.pl\/en\/wp-json\/wp\/v2\/product"}],"about":[{"href":"https:\/\/zaciski-regtruck.pl\/en\/wp-json\/wp\/v2\/types\/product"}],"version-history":[{"count":0,"href":"https:\/\/zaciski-regtruck.pl\/en\/wp-json\/wp\/v2\/product\/12497\/revisions"}],"wp:featuredmedia":[{"embeddable":true,"href":"https:\/\/zaciski-regtruck.pl\/en\/wp-json\/wp\/v2\/media\/11964"}],"wp:attachment":[{"href":"https:\/\/zaciski-regtruck.pl\/en\/wp-json\/wp\/v2\/media?parent=12497"}],"wp:term":[{"taxonomy":"product_brand","embeddable":true,"href":"https:\/\/zaciski-regtruck.pl\/en\/wp-json\/wp\/v2\/product_brand?post=12497"},{"taxonomy":"product_cat","embeddable":true,"href":"https:\/\/zaciski-regtruck.pl\/en\/wp-json\/wp\/v2\/product_cat?post=12497"},{"taxonomy":"product_tag","embeddable":true,"href":"https:\/\/zaciski-regtruck.pl\/en\/wp-json\/wp\/v2\/product_tag?post=12497"}],"curies":[{"name":"wp","href":"https:\/\/api.w.org\/{rel}","templated":true}]}}