{"id":12612,"date":"2025-07-04T13:22:05","date_gmt":"2025-07-04T11:22:05","guid":{"rendered":"https:\/\/zaciski-regtruck.pl\/produkt\/ebs-main-brake-valve-man-4800200030-4800200040\/"},"modified":"2025-07-04T13:22:05","modified_gmt":"2025-07-04T11:22:05","slug":"ebs-main-brake-valve-man-4800200030-4800200040","status":"publish","type":"product","link":"https:\/\/zaciski-regtruck.pl\/en\/produkt\/ebs-main-brake-valve-man-4800200030-4800200040\/","title":{"rendered":"EBS Main Brake Valve MAN 4800200030, 4800200040"},"content":{"rendered":"\t\t<div data-elementor-type=\"product-post\" data-elementor-id=\"12612\" class=\"elementor elementor-12612 elementor-12546\" data-elementor-post-type=\"product\">\n\t\t\t\t\t\t<section data-particle_enable=\"false\" data-particle-mobile-disabled=\"false\" class=\"elementor-section elementor-top-section elementor-element elementor-element-35c913d9 elementor-section-boxed elementor-section-height-default elementor-section-height-default\" data-id=\"35c913d9\" data-element_type=\"section\" data-e-type=\"section\">\n\t\t\t\t\t\t<div class=\"elementor-container elementor-column-gap-default\">\n\t\t\t\t\t<div class=\"elementor-column elementor-col-100 elementor-top-column elementor-element elementor-element-7db474d\" data-id=\"7db474d\" data-element_type=\"column\" data-e-type=\"column\">\n\t\t\t<div class=\"elementor-widget-wrap elementor-element-populated\">\n\t\t\t\t\t\t<div class=\"elementor-element elementor-element-7d3ee497 elementor-widget elementor-widget-text-editor\" data-id=\"7d3ee497\" data-element_type=\"widget\" data-e-type=\"widget\" data-widget_type=\"text-editor.default\">\n\t\t\t\t<div class=\"elementor-widget-container\">\n\t\t\t\t\t\t\t\t\t<h2>Zaw\u00f3r G\u0142\u00f3wny Hamulca EBS MAN 4800200030, 4800200040<\/h2><h2>Oferujemy Pa\u0144stwu zregenerowany<\/h2><h2>Zaw\u00f3r G\u0142\u00f3wny Hamulca EBS\u00a0MAN<\/h2><h2 class=\"product_title entry-title elementor-heading-title elementor-size-default\">najwy\u017cszej jako\u015bci.<\/h2><h3><span style=\"color: #000000;\">Naszym klientom gwarantujemy 100% satysfakcji<\/span><\/h3>\t\t\t\t\t\t\t\t<\/div>\n\t\t\t\t<\/div>\n\t\t\t\t\t<\/div>\n\t\t<\/div>\n\t\t\t\t\t<\/div>\n\t\t<\/section>\n\t\t\t\t<\/div>\n\t\t","protected":false},"excerpt":{"rendered":"<h3>We offer for sale the EBS MAN Brake Main Valve.<\/h3>\n","protected":false},"featured_media":12530,"template":"","meta":[],"product_brand":[],"product_cat":[3306,806,802],"product_tag":[3860,3844,3847,3846,3845,3859,3857,3856,3851,3852,3850,3858,3848,3842,3854,3855,3853,3849,3843,3868,3841,3861],"class_list":{"0":"post-12612","1":"product","2":"type-product","3":"status-publish","4":"has-post-thumbnail","6":"product_cat-bpv-valves","7":"product_cat-modulators-ebs","8":"product_cat-valves","9":"product_tag-1522235-en","10":"product_tag-4800200030-en","11":"product_tag-4800200040-en","12":"product_tag-4800200060-en","13":"product_tag-4800200200-en","14":"product_tag-81-52130-6285-en","15":"product_tag-81-52130-6286-en","16":"product_tag-81-52130-6288-en","17":"product_tag-81-52130-6292-en","18":"product_tag-81-52130-6300-en","19":"product_tag-81-52130-6304-en","20":"product_tag-81521306285-en","21":"product_tag-81521306286-en","22":"product_tag-81521306288-en","23":"product_tag-81521306292-en","24":"product_tag-81521306297-en","25":"product_tag-81521306300-en","26":"product_tag-81521306304-en","27":"product_tag-ebs-man-main-brake-valve","28":"product_tag-ebs-man-main-brake-valve-4800200030","29":"product_tag-ebs-man-main-brake-valve-4800200200","30":"product_tag-ebs-valve-regeneration","32":"first","33":"instock","34":"featured","35":"taxable","36":"shipping-taxable","37":"product-type-simple"},"_links":{"self":[{"href":"https:\/\/zaciski-regtruck.pl\/en\/wp-json\/wp\/v2\/product\/12612","targetHints":{"allow":["GET"]}}],"collection":[{"href":"https:\/\/zaciski-regtruck.pl\/en\/wp-json\/wp\/v2\/product"}],"about":[{"href":"https:\/\/zaciski-regtruck.pl\/en\/wp-json\/wp\/v2\/types\/product"}],"version-history":[{"count":0,"href":"https:\/\/zaciski-regtruck.pl\/en\/wp-json\/wp\/v2\/product\/12612\/revisions"}],"wp:featuredmedia":[{"embeddable":true,"href":"https:\/\/zaciski-regtruck.pl\/en\/wp-json\/wp\/v2\/media\/12530"}],"wp:attachment":[{"href":"https:\/\/zaciski-regtruck.pl\/en\/wp-json\/wp\/v2\/media?parent=12612"}],"wp:term":[{"taxonomy":"product_brand","embeddable":true,"href":"https:\/\/zaciski-regtruck.pl\/en\/wp-json\/wp\/v2\/product_brand?post=12612"},{"taxonomy":"product_cat","embeddable":true,"href":"https:\/\/zaciski-regtruck.pl\/en\/wp-json\/wp\/v2\/product_cat?post=12612"},{"taxonomy":"product_tag","embeddable":true,"href":"https:\/\/zaciski-regtruck.pl\/en\/wp-json\/wp\/v2\/product_tag?post=12612"}],"curies":[{"name":"wp","href":"https:\/\/api.w.org\/{rel}","templated":true}]}}