{"id":12661,"date":"2025-07-25T11:52:33","date_gmt":"2025-07-25T09:52:33","guid":{"rendered":"https:\/\/zaciski-regtruck.pl\/produkt\/spring-clutch-actuator-daf-iveco-man-zf-k013727-k015874\/"},"modified":"2025-07-25T11:52:33","modified_gmt":"2025-07-25T09:52:33","slug":"spring-clutch-actuator-daf-iveco-man-zf-k013727-k015874","status":"publish","type":"product","link":"https:\/\/zaciski-regtruck.pl\/en\/produkt\/spring-clutch-actuator-daf-iveco-man-zf-k013727-k015874\/","title":{"rendered":"SPRING CLUTCH ACTUATOR DAF IVECO MAN ZF K013727, K015874"},"content":{"rendered":"\t\t<div data-elementor-type=\"product-post\" data-elementor-id=\"12661\" class=\"elementor elementor-12661 elementor-12647\" data-elementor-post-type=\"product\">\n\t\t\t\t\t\t<section data-particle_enable=\"false\" data-particle-mobile-disabled=\"false\" class=\"elementor-section elementor-top-section elementor-element elementor-element-35c913d9 elementor-section-boxed elementor-section-height-default elementor-section-height-default\" data-id=\"35c913d9\" data-element_type=\"section\" data-e-type=\"section\">\n\t\t\t\t\t\t<div class=\"elementor-container elementor-column-gap-default\">\n\t\t\t\t\t<div class=\"elementor-column elementor-col-100 elementor-top-column elementor-element elementor-element-7db474d\" data-id=\"7db474d\" data-element_type=\"column\" data-e-type=\"column\">\n\t\t\t<div class=\"elementor-widget-wrap elementor-element-populated\">\n\t\t\t\t\t\t<div class=\"elementor-element elementor-element-7d3ee497 elementor-widget__width-initial elementor-widget elementor-widget-text-editor\" data-id=\"7d3ee497\" data-element_type=\"widget\" data-e-type=\"widget\" data-widget_type=\"text-editor.default\">\n\t\t\t\t<div class=\"elementor-widget-container\">\n\t\t\t\t\t\t\t\t\t<h2>WYSPRZ\u0118GLIK SI\u0141OWNIK SPRZ\u0118G\u0141A DAF IVECO MAN ZF K013727, K015874<\/h2><hr \/><h3><span style=\"color: #000000;\">Oferujemy Pa\u0144stwu zregenerowany<\/span><\/h3><h2>SI\u0141OWNIK SPRZ\u0118G\u0141A Knorr-Bremse K013727, K015874<br \/><span style=\"color: #000000;\">najwy\u017cszej jako\u015bci.\u00a0<\/span><\/h2><h3><span style=\"color: #000000;\">Naszym klientom gwarantujemy 100% satysfakcji<\/span><\/h3>\t\t\t\t\t\t\t\t<\/div>\n\t\t\t\t<\/div>\n\t\t\t\t\t<\/div>\n\t\t<\/div>\n\t\t\t\t\t<\/div>\n\t\t<\/section>\n\t\t\t\t<\/div>\n\t\t","protected":false},"excerpt":{"rendered":"<h3>We are offering for sale DAF IVECO MAN ZF Knorr-Bremse SPRING ENGINE after reconditioning.<\/h3>\n","protected":false},"featured_media":12649,"template":"","meta":[],"product_brand":[],"product_cat":[798,801],"product_tag":[3991,3987,3986,3988,3989,3974,3975,3990,3977,3978,3980,3982,3984,3979,3981,3983,3985,3961,3963,3965,3967,3969,3971,3960,3962,3964,3966,3968,3970,3972,3973,3956,3976,3955,3958,3957,3959,3954],"class_list":{"0":"post-12661","1":"product","2":"type-product","3":"status-publish","4":"has-post-thumbnail","6":"product_cat-actuators","7":"product_cat-clutch","8":"product_tag-0501-212-474-en","9":"product_tag-0501-219-051-en","10":"product_tag-0501212474-en","11":"product_tag-0501219051-en","12":"product_tag-1447248-en","13":"product_tag-1815943-en","14":"product_tag-1938762-en","15":"product_tag-4253-6490-en","16":"product_tag-42536490-en","17":"product_tag-4256-0762-en","18":"product_tag-4256-1466-en","19":"product_tag-4256-8691-en","20":"product_tag-4256-900-en","21":"product_tag-42560762-en","22":"product_tag-42561466-en","23":"product_tag-42568691-en","24":"product_tag-42569800-zf-0501-212-474-en","25":"product_tag-81-30716-6102-en","26":"product_tag-81-30716-6109-en","27":"product_tag-81-30716-6111-en","28":"product_tag-81-30716-6113-en","29":"product_tag-81-30716-6115-en","30":"product_tag-81-30716-9111-en","31":"product_tag-81307166099-en","32":"product_tag-81307166102-en","33":"product_tag-81307166109-en","34":"product_tag-81307166111-en","35":"product_tag-81307166113-en","36":"product_tag-81307166115-en","37":"product_tag-81307169111-en","38":"product_tag-daf-1447248-en","39":"product_tag-engineering-springs-daf","40":"product_tag-iveco-4253-6490-en","41":"product_tag-k015874-en","42":"product_tag-k015874n50-en","43":"product_tag-knorr-bremse-k013727-en","44":"product_tag-man-81-30716-6099-en","45":"product_tag-spring-engineering-springs-daf-iveco-man-zf-k013727","47":"first","48":"instock","49":"featured","50":"taxable","51":"shipping-taxable","52":"product-type-simple"},"_links":{"self":[{"href":"https:\/\/zaciski-regtruck.pl\/en\/wp-json\/wp\/v2\/product\/12661","targetHints":{"allow":["GET"]}}],"collection":[{"href":"https:\/\/zaciski-regtruck.pl\/en\/wp-json\/wp\/v2\/product"}],"about":[{"href":"https:\/\/zaciski-regtruck.pl\/en\/wp-json\/wp\/v2\/types\/product"}],"version-history":[{"count":0,"href":"https:\/\/zaciski-regtruck.pl\/en\/wp-json\/wp\/v2\/product\/12661\/revisions"}],"wp:featuredmedia":[{"embeddable":true,"href":"https:\/\/zaciski-regtruck.pl\/en\/wp-json\/wp\/v2\/media\/12649"}],"wp:attachment":[{"href":"https:\/\/zaciski-regtruck.pl\/en\/wp-json\/wp\/v2\/media?parent=12661"}],"wp:term":[{"taxonomy":"product_brand","embeddable":true,"href":"https:\/\/zaciski-regtruck.pl\/en\/wp-json\/wp\/v2\/product_brand?post=12661"},{"taxonomy":"product_cat","embeddable":true,"href":"https:\/\/zaciski-regtruck.pl\/en\/wp-json\/wp\/v2\/product_cat?post=12661"},{"taxonomy":"product_tag","embeddable":true,"href":"https:\/\/zaciski-regtruck.pl\/en\/wp-json\/wp\/v2\/product_tag?post=12661"}],"curies":[{"name":"wp","href":"https:\/\/api.w.org\/{rel}","templated":true}]}}