{"id":12709,"date":"2025-07-31T14:08:32","date_gmt":"2025-07-31T12:08:32","guid":{"rendered":"https:\/\/zaciski-regtruck.pl\/produkt\/steering-gear-daf-cf-mx11-mx13-thp90614-1860626\/"},"modified":"2025-07-31T14:08:32","modified_gmt":"2025-07-31T12:08:32","slug":"steering-gear-daf-cf-mx11-mx13-thp90614-1860626","status":"publish","type":"product","link":"https:\/\/zaciski-regtruck.pl\/en\/produkt\/steering-gear-daf-cf-mx11-mx13-thp90614-1860626\/","title":{"rendered":"Steering gear DAF CF MX11 MX13 THP90614, 1860626"},"content":{"rendered":"\t\t<div data-elementor-type=\"product-post\" data-elementor-id=\"12709\" class=\"elementor elementor-12709 elementor-12690\" data-elementor-post-type=\"product\">\n\t\t\t\t\t\t<section data-particle_enable=\"false\" data-particle-mobile-disabled=\"false\" class=\"elementor-section elementor-top-section elementor-element elementor-element-35c913d9 elementor-section-boxed elementor-section-height-default elementor-section-height-default\" data-id=\"35c913d9\" data-element_type=\"section\" data-e-type=\"section\">\n\t\t\t\t\t\t<div class=\"elementor-container elementor-column-gap-default\">\n\t\t\t\t\t<div class=\"elementor-column elementor-col-100 elementor-top-column elementor-element elementor-element-7db474d\" data-id=\"7db474d\" data-element_type=\"column\" data-e-type=\"column\">\n\t\t\t<div class=\"elementor-widget-wrap elementor-element-populated\">\n\t\t\t\t\t\t<div class=\"elementor-element elementor-element-7d3ee497 elementor-widget elementor-widget-text-editor\" data-id=\"7d3ee497\" data-element_type=\"widget\" data-e-type=\"widget\" data-widget_type=\"text-editor.default\">\n\t\t\t\t<div class=\"elementor-widget-container\">\n\t\t\t\t\t\t\t\t\t<h2>Przek\u0142adnia Kierownicza DAF CF MX11 MX13 THP90614, 1860626<\/h2><hr \/><h3><span style=\"color: #000000;\">Oferujemy Pa\u0144stwu zregenerowan\u0105<\/span><\/h3><h3>Przek\u0142adnie Kierownicz\u0105 DAF CF MX11, MX13, PX7-2,3,4 o\u015bka THP90, 8X4, 175 bar\u00f3w, obroty 5,5 (g\u0142owiczka sko\u015bna z wypustkami)<br \/><span style=\"color: #000000; font-family: inherit; font-size: 1.75rem;\">najwy\u017cszej jako\u015bci.\u00a0<\/span><\/h3><h3><span style=\"color: #000000;\">Naszym klientom gwarantujemy 100% satysfakcji<\/span><span style=\"color: #000000;\">\u00a0<\/span><\/h3>\t\t\t\t\t\t\t\t<\/div>\n\t\t\t\t<\/div>\n\t\t\t\t\t<\/div>\n\t\t<\/div>\n\t\t\t\t\t<\/div>\n\t\t<\/section>\n\t\t\t\t<\/div>\n\t\t","protected":false},"excerpt":{"rendered":"<h3>We offer for sale DAF CF MX11 MX13 steering gear THP90614, 1860626<\/h3>\n","protected":false},"featured_media":12692,"template":"","meta":[],"product_brand":[],"product_cat":[826,825],"product_tag":[4050,4051,4055,4054,4053,4052,4057,4049,1392,4056,4048],"class_list":{"0":"post-12709","1":"product","2":"type-product","3":"status-publish","4":"has-post-thumbnail","6":"product_cat-daf-en-2","7":"product_cat-steering-gears","8":"product_tag-1860622-en","9":"product_tag-1860626-en","10":"product_tag-1860626r-en","11":"product_tag-1861580-en","12":"product_tag-1889966-en","13":"product_tag-2405464-en","14":"product_tag-daf-cf-steering-gear","15":"product_tag-jrb5540-en","16":"product_tag-steering-gear","17":"product_tag-steering-gear-daf-cf-mx11-mx13-thp90614","18":"product_tag-thp90614-en","20":"first","21":"instock","22":"featured","23":"taxable","24":"shipping-taxable","25":"product-type-simple"},"_links":{"self":[{"href":"https:\/\/zaciski-regtruck.pl\/en\/wp-json\/wp\/v2\/product\/12709","targetHints":{"allow":["GET"]}}],"collection":[{"href":"https:\/\/zaciski-regtruck.pl\/en\/wp-json\/wp\/v2\/product"}],"about":[{"href":"https:\/\/zaciski-regtruck.pl\/en\/wp-json\/wp\/v2\/types\/product"}],"version-history":[{"count":0,"href":"https:\/\/zaciski-regtruck.pl\/en\/wp-json\/wp\/v2\/product\/12709\/revisions"}],"wp:featuredmedia":[{"embeddable":true,"href":"https:\/\/zaciski-regtruck.pl\/en\/wp-json\/wp\/v2\/media\/12692"}],"wp:attachment":[{"href":"https:\/\/zaciski-regtruck.pl\/en\/wp-json\/wp\/v2\/media?parent=12709"}],"wp:term":[{"taxonomy":"product_brand","embeddable":true,"href":"https:\/\/zaciski-regtruck.pl\/en\/wp-json\/wp\/v2\/product_brand?post=12709"},{"taxonomy":"product_cat","embeddable":true,"href":"https:\/\/zaciski-regtruck.pl\/en\/wp-json\/wp\/v2\/product_cat?post=12709"},{"taxonomy":"product_tag","embeddable":true,"href":"https:\/\/zaciski-regtruck.pl\/en\/wp-json\/wp\/v2\/product_tag?post=12709"}],"curies":[{"name":"wp","href":"https:\/\/api.w.org\/{rel}","templated":true}]}}