{"id":12732,"date":"2025-08-18T12:34:56","date_gmt":"2025-08-18T10:34:56","guid":{"rendered":"https:\/\/zaciski-regtruck.pl\/produkt\/holset-cummins-turbocharger-6-7l-he300vg-3792225\/"},"modified":"2025-08-18T12:34:56","modified_gmt":"2025-08-18T10:34:56","slug":"holset-cummins-turbocharger-6-7l-he300vg-3792225","status":"publish","type":"product","link":"https:\/\/zaciski-regtruck.pl\/en\/produkt\/holset-cummins-turbocharger-6-7l-he300vg-3792225\/","title":{"rendered":"HOLSET Cummins turbocharger 6.7L HE300VG, 3792225"},"content":{"rendered":"\t\t<div data-elementor-type=\"product-post\" data-elementor-id=\"12732\" class=\"elementor elementor-12732 elementor-12720\" data-elementor-post-type=\"product\">\n\t\t\t\t\t\t<section data-particle_enable=\"false\" data-particle-mobile-disabled=\"false\" class=\"elementor-section elementor-top-section elementor-element elementor-element-35c913d9 elementor-section-boxed elementor-section-height-default elementor-section-height-default\" data-id=\"35c913d9\" data-element_type=\"section\" data-e-type=\"section\">\n\t\t\t\t\t\t<div class=\"elementor-container elementor-column-gap-default\">\n\t\t\t\t\t<div class=\"elementor-column elementor-col-100 elementor-top-column elementor-element elementor-element-7db474d\" data-id=\"7db474d\" data-element_type=\"column\" data-e-type=\"column\">\n\t\t\t<div class=\"elementor-widget-wrap elementor-element-populated\">\n\t\t\t\t\t\t<div class=\"elementor-element elementor-element-7d3ee497 elementor-widget elementor-widget-text-editor\" data-id=\"7d3ee497\" data-element_type=\"widget\" data-e-type=\"widget\" data-widget_type=\"text-editor.default\">\n\t\t\t\t<div class=\"elementor-widget-container\">\n\t\t\t\t\t\t\t\t\t<h2>Turbospr\u0119\u017carka HOLSET Cummins 6.7L HE300VG, 3792225<\/h2><div>\u00a0<\/div><hr \/><h3><span style=\"color: #000000;\">Oferujemy Pa\u0144stwu zregenerowan\u0105 turbospr\u0119\u017cark\u0119 <\/span>Cummins 6.7L HE300VG<span style=\"color: #000000;\">\u00a0<\/span>najwy\u017cszej jako\u015bci.<\/h3><h3><span style=\"color: #000000;\">Gwarancja 24 miesi\u0105ce<\/span><span style=\"color: #000000;\">Turbospr\u0119\u017carka HOLSET Cummins 6.7L HE300VG, 3792225<\/span><\/h3>\t\t\t\t\t\t\t\t<\/div>\n\t\t\t\t<\/div>\n\t\t\t\t\t<\/div>\n\t\t<\/div>\n\t\t\t\t\t<\/div>\n\t\t<\/section>\n\t\t\t\t<\/div>\n\t\t","protected":false},"excerpt":{"rendered":"<h3>W ofercie sprzeda\u017cy posiadamy Turbospr\u0119\u017carka Cummins 6.7L HE300VG .<\/h3>\n<h3><\/h3>\n","protected":false},"featured_media":12722,"template":"","meta":[],"product_brand":[],"product_cat":[841],"product_tag":[4138,4139,4145,4146,4147,4148,4149,4144,4110,4132,4108,4109,4122,4123,4111,4112,4124,4113,4114,4137,4125,4141,4140,4126,4128,4127,4129,4115,4116,4135,4142,4130,4121,4120,4117,4133,4131,4118,4119,4143,4136,4134,4151,4150,1414],"class_list":{"0":"post-12732","1":"product","2":"type-product","3":"status-publish","4":"has-post-thumbnail","6":"product_cat-turbochargers","7":"product_tag-0120303328-en","8":"product_tag-120303328-en","9":"product_tag-170-032-2474-en","10":"product_tag-1700322474-en","11":"product_tag-3783026-en","12":"product_tag-3786023-en","13":"product_tag-3787272-en","14":"product_tag-3789375-en","15":"product_tag-3790664-en","16":"product_tag-3792224-en","17":"product_tag-3792225-en","18":"product_tag-3792226-en","19":"product_tag-3792227-en","20":"product_tag-4309470-en","21":"product_tag-430947000-en","22":"product_tag-430947000hx-en","23":"product_tag-4309470h-en","24":"product_tag-4309470nx-en","25":"product_tag-4309470rx-en","26":"product_tag-4309471-en","27":"product_tag-4309471h-en","28":"product_tag-5327717-en","29":"product_tag-5327719-en","30":"product_tag-5328084-en","31":"product_tag-5328084h-en","32":"product_tag-5328085-en","33":"product_tag-5328085h-en","34":"product_tag-5328119-en","35":"product_tag-5328119rx-en","36":"product_tag-5328296-en","37":"product_tag-5501332-en","38":"product_tag-5604739-en","39":"product_tag-5604741-en","40":"product_tag-5604741h-en","41":"product_tag-5604741hx-en","42":"product_tag-5604742-en","43":"product_tag-5604742h-en","44":"product_tag-5608235-en","45":"product_tag-5608235rx-en","46":"product_tag-5608236-en","47":"product_tag-5640455-en","48":"product_tag-6324563-en","49":"product_tag-holset-cummins-6-7l-he300vg-turbocharger","50":"product_tag-holset-cummins-6-7l-turbocharger","51":"product_tag-turbocharger-regeneration","53":"first","54":"instock","55":"featured","56":"taxable","57":"shipping-taxable","58":"product-type-simple"},"_links":{"self":[{"href":"https:\/\/zaciski-regtruck.pl\/en\/wp-json\/wp\/v2\/product\/12732","targetHints":{"allow":["GET"]}}],"collection":[{"href":"https:\/\/zaciski-regtruck.pl\/en\/wp-json\/wp\/v2\/product"}],"about":[{"href":"https:\/\/zaciski-regtruck.pl\/en\/wp-json\/wp\/v2\/types\/product"}],"version-history":[{"count":0,"href":"https:\/\/zaciski-regtruck.pl\/en\/wp-json\/wp\/v2\/product\/12732\/revisions"}],"wp:featuredmedia":[{"embeddable":true,"href":"https:\/\/zaciski-regtruck.pl\/en\/wp-json\/wp\/v2\/media\/12722"}],"wp:attachment":[{"href":"https:\/\/zaciski-regtruck.pl\/en\/wp-json\/wp\/v2\/media?parent=12732"}],"wp:term":[{"taxonomy":"product_brand","embeddable":true,"href":"https:\/\/zaciski-regtruck.pl\/en\/wp-json\/wp\/v2\/product_brand?post=12732"},{"taxonomy":"product_cat","embeddable":true,"href":"https:\/\/zaciski-regtruck.pl\/en\/wp-json\/wp\/v2\/product_cat?post=12732"},{"taxonomy":"product_tag","embeddable":true,"href":"https:\/\/zaciski-regtruck.pl\/en\/wp-json\/wp\/v2\/product_tag?post=12732"}],"curies":[{"name":"wp","href":"https:\/\/api.w.org\/{rel}","templated":true}]}}