{"id":13081,"date":"2025-10-30T14:21:28","date_gmt":"2025-10-30T13:21:28","guid":{"rendered":"https:\/\/zaciski-regtruck.pl\/produkt\/eca-scania-clutch-actuator-10572941-2475267\/"},"modified":"2025-10-30T14:21:28","modified_gmt":"2025-10-30T13:21:28","slug":"eca-scania-clutch-actuator-10572941-2475267","status":"publish","type":"product","link":"https:\/\/zaciski-regtruck.pl\/en\/produkt\/eca-scania-clutch-actuator-10572941-2475267\/","title":{"rendered":"ECA Scania clutch actuator 10572941, 2475267"},"content":{"rendered":"\t\t<div data-elementor-type=\"product-post\" data-elementor-id=\"13081\" class=\"elementor elementor-13081 elementor-13002\" data-elementor-post-type=\"product\">\n\t\t\t\t\t\t<section data-particle_enable=\"false\" data-particle-mobile-disabled=\"false\" class=\"elementor-section elementor-top-section elementor-element elementor-element-35c913d9 elementor-section-boxed elementor-section-height-default elementor-section-height-default\" data-id=\"35c913d9\" data-element_type=\"section\" data-e-type=\"section\">\n\t\t\t\t\t\t<div class=\"elementor-container elementor-column-gap-default\">\n\t\t\t\t\t<div class=\"elementor-column elementor-col-100 elementor-top-column elementor-element elementor-element-7db474d\" data-id=\"7db474d\" data-element_type=\"column\" data-e-type=\"column\">\n\t\t\t<div class=\"elementor-widget-wrap elementor-element-populated\">\n\t\t\t\t\t\t<div class=\"elementor-element elementor-element-7d3ee497 elementor-widget elementor-widget-text-editor\" data-id=\"7d3ee497\" data-element_type=\"widget\" data-e-type=\"widget\" data-widget_type=\"text-editor.default\">\n\t\t\t\t<div class=\"elementor-widget-container\">\n\t\t\t\t\t\t\t\t\t<h2>Si\u0142ownik sprz\u0119g\u0142a ECA Scania 10572941, 2475267<\/h2><h2>Oferujemy Pa\u0144stwu zregenerowany<\/h2><h2>WYSPRZ\u0118GLIK, SI\u0141OWNIK, SPRZ\u0118G\u0141A ECA Scania NA DWIE WTYCZKI<\/h2><h2>najwy\u017cszej jako\u015bci.<\/h2><h3><span style=\"color: #000000;\">Naszym klientom gwarantujemy 100% satysfakcji<\/span><\/h3>\t\t\t\t\t\t\t\t<\/div>\n\t\t\t\t<\/div>\n\t\t\t\t\t<\/div>\n\t\t<\/div>\n\t\t\t\t\t<\/div>\n\t\t<\/section>\n\t\t\t\t<\/div>\n\t\t","protected":false},"excerpt":{"rendered":"<h3>We offer the following items for sale: CLUTCH RELEASE, ACTUATOR, ECA Clutches Scania<\/h3>\n","protected":false},"featured_media":13006,"template":"","meta":[],"product_brand":[],"product_cat":[798,3306,801],"product_tag":[4436,4437,4438,4439,4440,4441,4442,4443,4444,4446,4447,4448,4449,4450,4451,4452,4453,4445,4455,4454,4457,4456],"class_list":{"0":"post-13081","1":"product","2":"type-product","3":"status-publish","4":"has-post-thumbnail","6":"product_cat-actuators","7":"product_cat-bpv-valves","8":"product_cat-clutch","9":"product_tag-10572941-en","10":"product_tag-10572946-en","11":"product_tag-10572951-en","12":"product_tag-10574929-en","13":"product_tag-10574930-en","14":"product_tag-10574936-en","15":"product_tag-1849429-en","16":"product_tag-1931444-en","17":"product_tag-20230-en","18":"product_tag-2037304-en","19":"product_tag-2082082-en","20":"product_tag-2131963-en","21":"product_tag-2290706-en","22":"product_tag-2392193-en","23":"product_tag-2441305-en","24":"product_tag-2450508-en","25":"product_tag-2475267-en","26":"product_tag-59-en","27":"product_tag-actuator","28":"product_tag-clutch","29":"product_tag-eca-scania-clutch-actuator-10572941","30":"product_tag-sprzegla-eca-scania-na-dwie-wtyczki-en","32":"first","33":"instock","34":"featured","35":"taxable","36":"shipping-taxable","37":"product-type-simple"},"_links":{"self":[{"href":"https:\/\/zaciski-regtruck.pl\/en\/wp-json\/wp\/v2\/product\/13081","targetHints":{"allow":["GET"]}}],"collection":[{"href":"https:\/\/zaciski-regtruck.pl\/en\/wp-json\/wp\/v2\/product"}],"about":[{"href":"https:\/\/zaciski-regtruck.pl\/en\/wp-json\/wp\/v2\/types\/product"}],"version-history":[{"count":0,"href":"https:\/\/zaciski-regtruck.pl\/en\/wp-json\/wp\/v2\/product\/13081\/revisions"}],"wp:featuredmedia":[{"embeddable":true,"href":"https:\/\/zaciski-regtruck.pl\/en\/wp-json\/wp\/v2\/media\/13006"}],"wp:attachment":[{"href":"https:\/\/zaciski-regtruck.pl\/en\/wp-json\/wp\/v2\/media?parent=13081"}],"wp:term":[{"taxonomy":"product_brand","embeddable":true,"href":"https:\/\/zaciski-regtruck.pl\/en\/wp-json\/wp\/v2\/product_brand?post=13081"},{"taxonomy":"product_cat","embeddable":true,"href":"https:\/\/zaciski-regtruck.pl\/en\/wp-json\/wp\/v2\/product_cat?post=13081"},{"taxonomy":"product_tag","embeddable":true,"href":"https:\/\/zaciski-regtruck.pl\/en\/wp-json\/wp\/v2\/product_tag?post=13081"}],"curies":[{"name":"wp","href":"https:\/\/api.w.org\/{rel}","templated":true}]}}