{"id":10347,"date":"2024-05-02T09:06:11","date_gmt":"2024-05-02T07:06:11","guid":{"rendered":"https:\/\/zaciski-regtruck.pl\/?post_type=product&#038;p=10347"},"modified":"2026-01-29T12:04:57","modified_gmt":"2026-01-29T11:04:57","slug":"silownik-hydrauliczny-renault-premium-5010630753","status":"publish","type":"product","link":"https:\/\/zaciski-regtruck.pl\/fr\/produkt\/silownik-hydrauliczny-renault-premium-5010630753\/","title":{"rendered":"Si\u0142ownik hydrauliczny RENAULT PREMIUM 5010630753"},"content":{"rendered":"\t\t<div data-elementor-type=\"product-post\" data-elementor-id=\"10347\" class=\"elementor elementor-10347\" data-elementor-post-type=\"product\">\n\t\t\t\t\t\t<section data-particle_enable=\"false\" data-particle-mobile-disabled=\"false\" class=\"elementor-section elementor-top-section elementor-element elementor-element-35c913d9 elementor-section-boxed elementor-section-height-default elementor-section-height-default\" data-id=\"35c913d9\" data-element_type=\"section\" data-e-type=\"section\">\n\t\t\t\t\t\t<div class=\"elementor-container elementor-column-gap-default\">\n\t\t\t\t\t<div class=\"elementor-column elementor-col-100 elementor-top-column elementor-element elementor-element-7db474d\" data-id=\"7db474d\" data-element_type=\"column\" data-e-type=\"column\">\n\t\t\t<div class=\"elementor-widget-wrap elementor-element-populated\">\n\t\t\t\t\t\t<div class=\"elementor-element elementor-element-7d3ee497 elementor-widget elementor-widget-text-editor\" data-id=\"7d3ee497\" data-element_type=\"widget\" data-e-type=\"widget\" data-widget_type=\"text-editor.default\">\n\t\t\t\t<div class=\"elementor-widget-container\">\n\t\t\t\t\t\t\t\t\t<h2 style=\"font-family: -apple-system, BlinkMacSystemFont, 'Segoe UI', Roboto, 'Helvetica Neue', Arial, 'Noto Sans', sans-serif, 'Apple Color Emoji', 'Segoe UI Emoji', 'Segoe UI Symbol', 'Noto Color Emoji'; color: #333333;\">Si\u0142ownik hydrauliczny RENAULT PREMIUM, KERAX Various<\/h2><hr \/><h2><span style=\"color: #000000; font-family: inherit; font-size: 1.75rem; background-color: var( --e-global-color-065b12e );\">Oferujemy Pa\u0144stwu NOWY\u00a0<\/span>Si\u0142ownik hydrauliczny RENAULT PREMIUM 5010630753<\/h2><div>\u00a0<\/div><h3><span style=\"color: #000000;\"> najwy\u017cszej jako\u015bci.\u00a0<\/span><\/h3><h3><span style=\"color: #000000;\">Naszym klientom gwarantujemy 100% satysfakcji<\/span><\/h3>\t\t\t\t\t\t\t\t<\/div>\n\t\t\t\t<\/div>\n\t\t\t\t\t<\/div>\n\t\t<\/div>\n\t\t\t\t\t<\/div>\n\t\t<\/section>\n\t\t\t\t<\/div>\n\t\t","protected":false},"excerpt":{"rendered":"<h3>W ofercie sprzeda\u017cy posiadamy Si\u0142ownik hydrauliczny RENAULT PREMIUM NOWY.<\/h3>\n<h3><span style=\"color: #ff0000;\"><strong>W SPRZEDA\u017bY SI\u0141OWNIKI SKR\u0118TU S\u0104 NOWYMI ZAMIENNIKAMI!<\/strong><\/span><\/h3>\n<h3><span style=\"color: #ff0000;\"><strong>NIE REGENERUJEMY SI\u0141OWNIK\u00d3W!<\/strong><\/span><\/h3>\n","protected":false},"featured_media":10616,"template":"","meta":[],"product_brand":[],"product_cat":[192,1819,189],"product_tag":[2509,2511,2510,2002,2508,2507],"class_list":{"0":"post-10347","1":"product","2":"type-product","3":"status-publish","4":"has-post-thumbnail","6":"product_cat-hydrauliczne","7":"product_cat-nowy","8":"product_cat-silowniki","9":"product_tag-2509","10":"product_tag-kerax-various","11":"product_tag-renault-premium","12":"product_tag-silownik-hydrauliczny","13":"product_tag-silownik-hydrauliczny-renault-premium","14":"product_tag-silownik-hydrauliczny-renault-premium-5010630753","16":"first","17":"instock","18":"featured","19":"taxable","20":"shipping-taxable","21":"purchasable","22":"product-type-simple"},"_links":{"self":[{"href":"https:\/\/zaciski-regtruck.pl\/fr\/wp-json\/wp\/v2\/product\/10347","targetHints":{"allow":["GET"]}}],"collection":[{"href":"https:\/\/zaciski-regtruck.pl\/fr\/wp-json\/wp\/v2\/product"}],"about":[{"href":"https:\/\/zaciski-regtruck.pl\/fr\/wp-json\/wp\/v2\/types\/product"}],"version-history":[{"count":12,"href":"https:\/\/zaciski-regtruck.pl\/fr\/wp-json\/wp\/v2\/product\/10347\/revisions"}],"predecessor-version":[{"id":13746,"href":"https:\/\/zaciski-regtruck.pl\/fr\/wp-json\/wp\/v2\/product\/10347\/revisions\/13746"}],"wp:featuredmedia":[{"embeddable":true,"href":"https:\/\/zaciski-regtruck.pl\/fr\/wp-json\/wp\/v2\/media\/10616"}],"wp:attachment":[{"href":"https:\/\/zaciski-regtruck.pl\/fr\/wp-json\/wp\/v2\/media?parent=10347"}],"wp:term":[{"taxonomy":"product_brand","embeddable":true,"href":"https:\/\/zaciski-regtruck.pl\/fr\/wp-json\/wp\/v2\/product_brand?post=10347"},{"taxonomy":"product_cat","embeddable":true,"href":"https:\/\/zaciski-regtruck.pl\/fr\/wp-json\/wp\/v2\/product_cat?post=10347"},{"taxonomy":"product_tag","embeddable":true,"href":"https:\/\/zaciski-regtruck.pl\/fr\/wp-json\/wp\/v2\/product_tag?post=10347"}],"curies":[{"name":"wp","href":"https:\/\/api.w.org\/{rel}","templated":true}]}}