{"id":10371,"date":"2024-05-02T09:54:19","date_gmt":"2024-05-02T07:54:19","guid":{"rendered":"https:\/\/zaciski-regtruck.pl\/?post_type=product&#038;p=10371"},"modified":"2026-01-29T12:03:44","modified_gmt":"2026-01-29T11:03:44","slug":"silownik-hydrauliczny-man-81475016067-82475016020","status":"publish","type":"product","link":"https:\/\/zaciski-regtruck.pl\/fr\/produkt\/silownik-hydrauliczny-man-81475016067-82475016020\/","title":{"rendered":"Si\u0142ownik hydrauliczny MAN 81475016067, 82475016020"},"content":{"rendered":"\t\t<div data-elementor-type=\"product-post\" data-elementor-id=\"10371\" class=\"elementor elementor-10371\" data-elementor-post-type=\"product\">\n\t\t\t\t\t\t<section data-particle_enable=\"false\" data-particle-mobile-disabled=\"false\" class=\"elementor-section elementor-top-section elementor-element elementor-element-35c913d9 elementor-section-boxed elementor-section-height-default elementor-section-height-default\" data-id=\"35c913d9\" data-element_type=\"section\" data-e-type=\"section\">\n\t\t\t\t\t\t<div class=\"elementor-container elementor-column-gap-default\">\n\t\t\t\t\t<div class=\"elementor-column elementor-col-100 elementor-top-column elementor-element elementor-element-7db474d\" data-id=\"7db474d\" data-element_type=\"column\" data-e-type=\"column\">\n\t\t\t<div class=\"elementor-widget-wrap elementor-element-populated\">\n\t\t\t\t\t\t<div class=\"elementor-element elementor-element-7d3ee497 elementor-widget__width-initial elementor-widget elementor-widget-text-editor\" data-id=\"7d3ee497\" data-element_type=\"widget\" data-e-type=\"widget\" data-widget_type=\"text-editor.default\">\n\t\t\t\t<div class=\"elementor-widget-container\">\n\t\t\t\t\t\t\t\t\t<h2 style=\"\">Si\u0142ownik hydrauliczny MAN<\/h2>\n<h2><span style=\"color: #000000; font-family: inherit; font-size: 1.75rem; background-color: var( --e-global-color-065b12e );\">Oferujemy Pa\u0144stwu NOWY&nbsp;<\/span>Si\u0142ownik hydrauliczny MAN 81475016067, 82475016020<\/h2><div><br><\/div>\n<div>&nbsp;<\/div>\n<h3><span style=\"color: #000000;\"> najwy\u017cszej jako\u015bci.&nbsp;<\/span><\/h3>\n<h3><span style=\"color: #000000;\">Naszym klientom gwarantujemy 100% satysfakcji<\/span><\/h3>\t\t\t\t\t\t\t\t<\/div>\n\t\t\t\t<\/div>\n\t\t\t\t\t<\/div>\n\t\t<\/div>\n\t\t\t\t\t<\/div>\n\t\t<\/section>\n\t\t\t\t<\/div>\n\t\t","protected":false},"excerpt":{"rendered":"<h3>W ofercie sprzeda\u017cy posiadamy Si\u0142ownik hydrauliczny\u00a0MAN NOWY.<\/h3>\n<h3><span style=\"color: #ff0000;\"><strong>W SPRZEDA\u017bY SI\u0141OWNIKI SKR\u0118TU S\u0104 NOWYMI ZAMIENNIKAMI!<\/strong><\/span><\/h3>\n<h3><span style=\"color: #ff0000;\"><strong>NIE REGENERUJEMY SI\u0141OWNIK\u00d3W!<\/strong><\/span><\/h3>\n","protected":false},"featured_media":10375,"template":"","meta":[],"product_brand":[],"product_cat":[192,1819,189],"product_tag":[2522,2520,2523,2524,2521,2519,2002,2003,2518],"class_list":{"0":"post-10371","1":"product","2":"type-product","3":"status-publish","4":"has-post-thumbnail","6":"product_cat-hydrauliczne","7":"product_cat-nowy","8":"product_cat-silowniki","9":"product_tag-2522","10":"product_tag-2520","11":"product_tag-2523","12":"product_tag-2524","13":"product_tag-2521","14":"product_tag-2519","15":"product_tag-silownik-hydrauliczny","16":"product_tag-silownik-hydrauliczny-man","17":"product_tag-silownik-hydrauliczny-man-81475016067","19":"first","20":"instock","21":"featured","22":"taxable","23":"shipping-taxable","24":"purchasable","25":"product-type-simple"},"_links":{"self":[{"href":"https:\/\/zaciski-regtruck.pl\/fr\/wp-json\/wp\/v2\/product\/10371","targetHints":{"allow":["GET"]}}],"collection":[{"href":"https:\/\/zaciski-regtruck.pl\/fr\/wp-json\/wp\/v2\/product"}],"about":[{"href":"https:\/\/zaciski-regtruck.pl\/fr\/wp-json\/wp\/v2\/types\/product"}],"version-history":[{"count":8,"href":"https:\/\/zaciski-regtruck.pl\/fr\/wp-json\/wp\/v2\/product\/10371\/revisions"}],"predecessor-version":[{"id":13745,"href":"https:\/\/zaciski-regtruck.pl\/fr\/wp-json\/wp\/v2\/product\/10371\/revisions\/13745"}],"wp:featuredmedia":[{"embeddable":true,"href":"https:\/\/zaciski-regtruck.pl\/fr\/wp-json\/wp\/v2\/media\/10375"}],"wp:attachment":[{"href":"https:\/\/zaciski-regtruck.pl\/fr\/wp-json\/wp\/v2\/media?parent=10371"}],"wp:term":[{"taxonomy":"product_brand","embeddable":true,"href":"https:\/\/zaciski-regtruck.pl\/fr\/wp-json\/wp\/v2\/product_brand?post=10371"},{"taxonomy":"product_cat","embeddable":true,"href":"https:\/\/zaciski-regtruck.pl\/fr\/wp-json\/wp\/v2\/product_cat?post=10371"},{"taxonomy":"product_tag","embeddable":true,"href":"https:\/\/zaciski-regtruck.pl\/fr\/wp-json\/wp\/v2\/product_tag?post=10371"}],"curies":[{"name":"wp","href":"https:\/\/api.w.org\/{rel}","templated":true}]}}