{"id":10667,"date":"2024-05-21T10:58:31","date_gmt":"2024-05-21T08:58:31","guid":{"rendered":"https:\/\/zaciski-regtruck.pl\/?post_type=product&#038;p=10667"},"modified":"2026-01-29T12:02:54","modified_gmt":"2026-01-29T11:02:54","slug":"silownik-hydrauliczny-osi-skretnej-man-81475016000-81475016079","status":"publish","type":"product","link":"https:\/\/zaciski-regtruck.pl\/fr\/produkt\/silownik-hydrauliczny-osi-skretnej-man-81475016000-81475016079\/","title":{"rendered":"Si\u0142ownik hydrauliczny osi skr\u0119tnej MAN 81475016000, 81475016079"},"content":{"rendered":"\t\t<div data-elementor-type=\"product-post\" data-elementor-id=\"10667\" class=\"elementor elementor-10667\" data-elementor-post-type=\"product\">\n\t\t\t\t\t\t<section data-particle_enable=\"false\" data-particle-mobile-disabled=\"false\" class=\"elementor-section elementor-top-section elementor-element elementor-element-1a43bee elementor-section-boxed elementor-section-height-default elementor-section-height-default\" data-id=\"1a43bee\" data-element_type=\"section\" data-e-type=\"section\">\n\t\t\t\t\t\t<div class=\"elementor-container elementor-column-gap-default\">\n\t\t\t\t\t<div class=\"elementor-column elementor-col-100 elementor-top-column elementor-element elementor-element-c34b4e8\" data-id=\"c34b4e8\" data-element_type=\"column\" data-e-type=\"column\">\n\t\t\t<div class=\"elementor-widget-wrap elementor-element-populated\">\n\t\t\t\t\t\t<div class=\"elementor-element elementor-element-9a214e8 elementor-widget__width-initial elementor-widget elementor-widget-text-editor\" data-id=\"9a214e8\" data-element_type=\"widget\" data-e-type=\"widget\" data-widget_type=\"text-editor.default\">\n\t\t\t\t<div class=\"elementor-widget-container\">\n\t\t\t\t\t\t\t\t\t<h2 style=\"font-family: -apple-system, BlinkMacSystemFont, 'Segoe UI', Roboto, 'Helvetica Neue', Arial, 'Noto Sans', sans-serif, 'Apple Color Emoji', 'Segoe UI Emoji', 'Segoe UI Symbol', 'Noto Color Emoji'; color: #333333; display: var(--page-title-display);\">Si\u0142ownik osi skr\u0119tnej&nbsp; MAN<\/h2>\n<hr>\n<h2><span style=\"color: #000000; font-family: inherit; font-size: 1.75rem; background-color: var( --e-global-color-065b12e );\">Oferujemy Pa\u0144stwu NOWY Si\u0142ownik hydrauliczny osi skr\u0119tnej&nbsp;<\/span><font color=\"#000000\"><span style=\"font-size: 28px;\">MAN 81475016000, 81475016079<\/span><\/font><\/h2>\n<h3><span style=\"color: #000000;\"> najwy\u017cszej jako\u015bci.&nbsp;<\/span><\/h3>\n<h3><span style=\"color: #000000;\">Naszym klientom gwarantujemy 100% satysfakcji<\/span><\/h3>\t\t\t\t\t\t\t\t<\/div>\n\t\t\t\t<\/div>\n\t\t\t\t\t<\/div>\n\t\t<\/div>\n\t\t\t\t\t<\/div>\n\t\t<\/section>\n\t\t\t\t<\/div>\n\t\t","protected":false},"excerpt":{"rendered":"<h3>W ofercie sprzeda\u017cy posiadamy Si\u0142ownik osi skr\u0119tnej MAN NOWY.<\/h3>\n<h3><span style=\"color: #ff0000;\"><strong>W SPRZEDA\u017bY SI\u0141OWNIKI SKR\u0118TU S\u0104 NOWYMI ZAMIENNIKAMI!<\/strong><\/span><\/h3>\n<h3><span style=\"color: #ff0000;\"><strong>NIE REGENERUJEMY SI\u0141OWNIK\u00d3W!<\/strong><\/span><\/h3>\n","protected":false},"featured_media":10669,"template":"","meta":[],"product_brand":[],"product_cat":[192,1819,189],"product_tag":[2636,2635,2002,2621,2633,2634,2631],"class_list":{"0":"post-10667","1":"product","2":"type-product","3":"status-publish","4":"has-post-thumbnail","6":"product_cat-hydrauliczne","7":"product_cat-nowy","8":"product_cat-silowniki","9":"product_tag-2636","10":"product_tag-2635","11":"product_tag-silownik-hydrauliczny","12":"product_tag-silownik-hydrauliczny-osi-skretnej","13":"product_tag-silownik-hydrauliczny-osi-skretnej-man","14":"product_tag-silownik-hydrauliczny-osi-skretnej-man-81475016000","15":"product_tag-silownik-osi-skretu","17":"first","18":"instock","19":"featured","20":"taxable","21":"shipping-taxable","22":"purchasable","23":"product-type-simple"},"_links":{"self":[{"href":"https:\/\/zaciski-regtruck.pl\/fr\/wp-json\/wp\/v2\/product\/10667","targetHints":{"allow":["GET"]}}],"collection":[{"href":"https:\/\/zaciski-regtruck.pl\/fr\/wp-json\/wp\/v2\/product"}],"about":[{"href":"https:\/\/zaciski-regtruck.pl\/fr\/wp-json\/wp\/v2\/types\/product"}],"version-history":[{"count":10,"href":"https:\/\/zaciski-regtruck.pl\/fr\/wp-json\/wp\/v2\/product\/10667\/revisions"}],"predecessor-version":[{"id":13735,"href":"https:\/\/zaciski-regtruck.pl\/fr\/wp-json\/wp\/v2\/product\/10667\/revisions\/13735"}],"wp:featuredmedia":[{"embeddable":true,"href":"https:\/\/zaciski-regtruck.pl\/fr\/wp-json\/wp\/v2\/media\/10669"}],"wp:attachment":[{"href":"https:\/\/zaciski-regtruck.pl\/fr\/wp-json\/wp\/v2\/media?parent=10667"}],"wp:term":[{"taxonomy":"product_brand","embeddable":true,"href":"https:\/\/zaciski-regtruck.pl\/fr\/wp-json\/wp\/v2\/product_brand?post=10667"},{"taxonomy":"product_cat","embeddable":true,"href":"https:\/\/zaciski-regtruck.pl\/fr\/wp-json\/wp\/v2\/product_cat?post=10667"},{"taxonomy":"product_tag","embeddable":true,"href":"https:\/\/zaciski-regtruck.pl\/fr\/wp-json\/wp\/v2\/product_tag?post=10667"}],"curies":[{"name":"wp","href":"https:\/\/api.w.org\/{rel}","templated":true}]}}