{"id":10966,"date":"2024-06-18T07:37:44","date_gmt":"2024-06-18T05:37:44","guid":{"rendered":"https:\/\/zaciski-regtruck.pl\/?post_type=product&#038;p=10966"},"modified":"2026-01-28T12:02:29","modified_gmt":"2026-01-28T11:02:29","slug":"uszczelka-vtg-daf-xf-106-euro-6-2175723r","status":"publish","type":"product","link":"https:\/\/zaciski-regtruck.pl\/fr\/produkt\/uszczelka-vtg-daf-xf-106-euro-6-2175723r\/","title":{"rendered":"USZCZELKA METALOWA VTG Z KABLEM DAF, SCANIA, VOLVO 2037562R, 3789658"},"content":{"rendered":"\t\t<div data-elementor-type=\"product-post\" data-elementor-id=\"10966\" class=\"elementor elementor-10966\" data-elementor-post-type=\"product\">\n\t\t\t\t\t\t<section data-particle_enable=\"false\" data-particle-mobile-disabled=\"false\" class=\"elementor-section elementor-top-section elementor-element elementor-element-35c913d9 elementor-section-boxed elementor-section-height-default elementor-section-height-default\" data-id=\"35c913d9\" data-element_type=\"section\" data-e-type=\"section\">\n\t\t\t\t\t\t<div class=\"elementor-container elementor-column-gap-default\">\n\t\t\t\t\t<div class=\"elementor-column elementor-col-100 elementor-top-column elementor-element elementor-element-7db474d\" data-id=\"7db474d\" data-element_type=\"column\" data-e-type=\"column\">\n\t\t\t<div class=\"elementor-widget-wrap elementor-element-populated\">\n\t\t\t\t\t\t<div class=\"elementor-element elementor-element-7d3ee497 elementor-widget__width-initial elementor-widget elementor-widget-text-editor\" data-id=\"7d3ee497\" data-element_type=\"widget\" data-e-type=\"widget\" data-widget_type=\"text-editor.default\">\n\t\t\t\t<div class=\"elementor-widget-container\">\n\t\t\t\t\t\t\t\t\t<h2>USZCZELKA METALOWA VTG Z KABLEM DAF, SCANIA, VOLVO 2037562R, 3789658<\/h2><h2>Oferujemy Pa\u0144stwu nastawnik zaworu VTG najwy\u017cszej jako\u015bci- NOWY.<\/h2><h3><span style=\"color: #000000;\">Naszym klientom gwarantujemy 100% satysfakcji<\/span><\/h3>\t\t\t\t\t\t\t\t<\/div>\n\t\t\t\t<\/div>\n\t\t\t\t\t<\/div>\n\t\t<\/div>\n\t\t\t\t\t<\/div>\n\t\t<\/section>\n\t\t\t\t<\/div>\n\t\t","protected":false},"excerpt":{"rendered":"<h3>W ofercie sprzeda\u017cy posiadamy<br \/>\nUSZCZELKA METALOWA VTG Z KABLEM DAF, SCANIA, VOLVO NOWY.<\/h3>\n","protected":false},"featured_media":13643,"template":"","meta":[],"product_brand":[],"product_cat":[1461,1819],"product_tag":[4706,4707,4694,4702,4695,4701,4693,4700,4703,4697,4698,4696,4699,4705,4704,2330,1474,1473,4708,221,4691,4692,2337],"class_list":{"0":"post-10966","1":"product","2":"type-product","3":"status-publish","4":"has-post-thumbnail","6":"product_cat-zawory-vtg","7":"product_cat-nowy","8":"product_tag-rt2037562r","9":"product_tag-2099353r","10":"product_tag-4694","11":"product_tag-4702","12":"product_tag-4695","13":"product_tag-4701","14":"product_tag-4693","15":"product_tag-4700","16":"product_tag-4042304-silnik-he400vg","17":"product_tag-4697","18":"product_tag-4698","19":"product_tag-4696","20":"product_tag-4699","21":"product_tag-he400ve","22":"product_tag-he451ve","23":"product_tag-nastawniki","24":"product_tag-regeneracja-sterownikow-vtg","25":"product_tag-regeneracja-vtg","26":"product_tag-rt21517180r","27":"product_tag-scania","28":"product_tag-uszczelka-metalowa-vtg-z-kablem-daf","29":"product_tag-volvo-2037562r","30":"product_tag-zawor","32":"first","33":"instock","34":"featured","35":"taxable","36":"shipping-taxable","37":"purchasable","38":"product-type-simple"},"_links":{"self":[{"href":"https:\/\/zaciski-regtruck.pl\/fr\/wp-json\/wp\/v2\/product\/10966","targetHints":{"allow":["GET"]}}],"collection":[{"href":"https:\/\/zaciski-regtruck.pl\/fr\/wp-json\/wp\/v2\/product"}],"about":[{"href":"https:\/\/zaciski-regtruck.pl\/fr\/wp-json\/wp\/v2\/types\/product"}],"version-history":[{"count":12,"href":"https:\/\/zaciski-regtruck.pl\/fr\/wp-json\/wp\/v2\/product\/10966\/revisions"}],"predecessor-version":[{"id":13852,"href":"https:\/\/zaciski-regtruck.pl\/fr\/wp-json\/wp\/v2\/product\/10966\/revisions\/13852"}],"wp:featuredmedia":[{"embeddable":true,"href":"https:\/\/zaciski-regtruck.pl\/fr\/wp-json\/wp\/v2\/media\/13643"}],"wp:attachment":[{"href":"https:\/\/zaciski-regtruck.pl\/fr\/wp-json\/wp\/v2\/media?parent=10966"}],"wp:term":[{"taxonomy":"product_brand","embeddable":true,"href":"https:\/\/zaciski-regtruck.pl\/fr\/wp-json\/wp\/v2\/product_brand?post=10966"},{"taxonomy":"product_cat","embeddable":true,"href":"https:\/\/zaciski-regtruck.pl\/fr\/wp-json\/wp\/v2\/product_cat?post=10966"},{"taxonomy":"product_tag","embeddable":true,"href":"https:\/\/zaciski-regtruck.pl\/fr\/wp-json\/wp\/v2\/product_tag?post=10966"}],"curies":[{"name":"wp","href":"https:\/\/api.w.org\/{rel}","templated":true}]}}