{"id":11259,"date":"2024-11-18T09:40:35","date_gmt":"2024-11-18T08:40:35","guid":{"rendered":"https:\/\/zaciski-regtruck.pl\/?post_type=product&#038;p=11259"},"modified":"2024-11-18T13:19:53","modified_gmt":"2024-11-18T12:19:53","slug":"zawor-hamulca-gorskiego-volvo-fh-renault-20451967-21707054","status":"publish","type":"product","link":"https:\/\/zaciski-regtruck.pl\/fr\/produkt\/zawor-hamulca-gorskiego-volvo-fh-renault-20451967-21707054\/","title":{"rendered":"ZAW\u00d3R HAMULCA G\u00d3RSKIEGO VOLVO FH RENAULT 20451967, 21707054"},"content":{"rendered":"\t\t<div data-elementor-type=\"product-post\" data-elementor-id=\"11259\" class=\"elementor elementor-11259\" data-elementor-post-type=\"product\">\n\t\t\t\t\t\t<section data-particle_enable=\"false\" data-particle-mobile-disabled=\"false\" class=\"elementor-section elementor-top-section elementor-element elementor-element-35c913d9 elementor-section-boxed elementor-section-height-default elementor-section-height-default\" data-id=\"35c913d9\" data-element_type=\"section\" data-e-type=\"section\">\n\t\t\t\t\t\t<div class=\"elementor-container elementor-column-gap-default\">\n\t\t\t\t\t<div class=\"elementor-column elementor-col-100 elementor-top-column elementor-element elementor-element-7db474d\" data-id=\"7db474d\" data-element_type=\"column\" data-e-type=\"column\">\n\t\t\t<div class=\"elementor-widget-wrap elementor-element-populated\">\n\t\t\t\t\t\t<div class=\"elementor-element elementor-element-7d3ee497 elementor-widget__width-initial elementor-widget elementor-widget-text-editor\" data-id=\"7d3ee497\" data-element_type=\"widget\" data-e-type=\"widget\" data-widget_type=\"text-editor.default\">\n\t\t\t\t<div class=\"elementor-widget-container\">\n\t\t\t\t\t\t\t\t\t<h2>ZAW\u00d3R HAMULCA G\u00d3RSKIEGO VOLVO FH RENAULT 20451967, 21707054<\/h2><h2>Oferujemy<\/h2><h2>ZAW\u00d3R HAMULCA G\u00d3RSKIEGO VOLVO FH RENAULT<\/h2><h2>najwy\u017cszej jako\u015bci &#8211; NOWY.<\/h2><h3><span style=\"color: #000000;\">Naszym klientom gwarantujemy 100% satysfakcji<\/span><\/h3>\t\t\t\t\t\t\t\t<\/div>\n\t\t\t\t<\/div>\n\t\t\t\t\t<\/div>\n\t\t<\/div>\n\t\t\t\t\t<\/div>\n\t\t<\/section>\n\t\t\t\t<\/div>\n\t\t","protected":false},"excerpt":{"rendered":"<h3>W ofercie sprzeda\u017cy posiadamy ZAW\u00d3R HAMULCA G\u00d3RSKIEGO VOLVO FH RENAULT NOWY.<\/h3>\n","protected":false},"featured_media":11261,"template":"","meta":[],"product_brand":[],"product_cat":[2768,1819],"product_tag":[2783,2784,2782,2780,2781],"class_list":{"0":"post-11259","1":"product","2":"type-product","3":"status-publish","4":"has-post-thumbnail","6":"product_cat-inne","7":"product_cat-nowy","8":"product_tag-2783","9":"product_tag-2784","10":"product_tag-2782","11":"product_tag-zawor-hamulca-gorskiego","12":"product_tag-zawor-hamulca-gorskiego-volvo-fh-renault-20451967","14":"first","15":"instock","16":"featured","17":"taxable","18":"shipping-taxable","19":"purchasable","20":"product-type-simple"},"_links":{"self":[{"href":"https:\/\/zaciski-regtruck.pl\/fr\/wp-json\/wp\/v2\/product\/11259","targetHints":{"allow":["GET"]}}],"collection":[{"href":"https:\/\/zaciski-regtruck.pl\/fr\/wp-json\/wp\/v2\/product"}],"about":[{"href":"https:\/\/zaciski-regtruck.pl\/fr\/wp-json\/wp\/v2\/types\/product"}],"version-history":[{"count":5,"href":"https:\/\/zaciski-regtruck.pl\/fr\/wp-json\/wp\/v2\/product\/11259\/revisions"}],"predecessor-version":[{"id":11273,"href":"https:\/\/zaciski-regtruck.pl\/fr\/wp-json\/wp\/v2\/product\/11259\/revisions\/11273"}],"wp:featuredmedia":[{"embeddable":true,"href":"https:\/\/zaciski-regtruck.pl\/fr\/wp-json\/wp\/v2\/media\/11261"}],"wp:attachment":[{"href":"https:\/\/zaciski-regtruck.pl\/fr\/wp-json\/wp\/v2\/media?parent=11259"}],"wp:term":[{"taxonomy":"product_brand","embeddable":true,"href":"https:\/\/zaciski-regtruck.pl\/fr\/wp-json\/wp\/v2\/product_brand?post=11259"},{"taxonomy":"product_cat","embeddable":true,"href":"https:\/\/zaciski-regtruck.pl\/fr\/wp-json\/wp\/v2\/product_cat?post=11259"},{"taxonomy":"product_tag","embeddable":true,"href":"https:\/\/zaciski-regtruck.pl\/fr\/wp-json\/wp\/v2\/product_tag?post=11259"}],"curies":[{"name":"wp","href":"https:\/\/api.w.org\/{rel}","templated":true}]}}