{"id":11322,"date":"2024-12-20T11:00:13","date_gmt":"2024-12-20T10:00:13","guid":{"rendered":"https:\/\/zaciski-regtruck.pl\/?post_type=product&#038;p=11322"},"modified":"2025-01-22T14:26:08","modified_gmt":"2025-01-22T13:26:08","slug":"turbosprezarka-daf-xf-106-5642907-he400vg-nowa","status":"publish","type":"product","link":"https:\/\/zaciski-regtruck.pl\/fr\/produkt\/turbosprezarka-daf-xf-106-5642907-he400vg-nowa\/","title":{"rendered":"Turbospr\u0119\u017carka DAF XF 106 5642907, HE400VG NOWA"},"content":{"rendered":"\t\t<div data-elementor-type=\"product-post\" data-elementor-id=\"11322\" class=\"elementor elementor-11322\" data-elementor-post-type=\"product\">\n\t\t\t\t\t\t<section data-particle_enable=\"false\" data-particle-mobile-disabled=\"false\" class=\"elementor-section elementor-top-section elementor-element elementor-element-35c913d9 elementor-section-boxed elementor-section-height-default elementor-section-height-default\" data-id=\"35c913d9\" data-element_type=\"section\" data-e-type=\"section\">\n\t\t\t\t\t\t<div class=\"elementor-container elementor-column-gap-default\">\n\t\t\t\t\t<div class=\"elementor-column elementor-col-100 elementor-top-column elementor-element elementor-element-7db474d\" data-id=\"7db474d\" data-element_type=\"column\" data-e-type=\"column\">\n\t\t\t<div class=\"elementor-widget-wrap elementor-element-populated\">\n\t\t\t\t\t\t<div class=\"elementor-element elementor-element-7d3ee497 elementor-widget elementor-widget-text-editor\" data-id=\"7d3ee497\" data-element_type=\"widget\" data-e-type=\"widget\" data-widget_type=\"text-editor.default\">\n\t\t\t\t<div class=\"elementor-widget-container\">\n\t\t\t\t\t\t\t\t\t<h2>Turbospr\u0119\u017carka DAF XF 106 PO LIFT Z SILNIKIEM MX13 HE400VG, 5642904 NOWA<\/h2>\n<div>&nbsp;<\/div>\n<hr>\n<h3><span style=\"color: #000000;\">Oferujemy Pa\u0144stwu NOW\u0104 turbospr\u0119\u017cark\u0119 Zamiennik&nbsp;<\/span><span style=\"color: #000000;\">Holset&nbsp;<\/span><span style=\"color: #000000;\">5459135<\/span><\/h3>\n<h3>&nbsp;najwy\u017cszej jako\u015bci.&nbsp;<\/h3>\n<h3><span style=\"color: #000000;\">Gwarancja 24 miesi\u0105ce<\/span><\/h3>\t\t\t\t\t\t\t\t<\/div>\n\t\t\t\t<\/div>\n\t\t\t\t\t<\/div>\n\t\t<\/div>\n\t\t\t\t\t<\/div>\n\t\t<\/section>\n\t\t\t\t<\/div>\n\t\t","protected":false},"excerpt":{"rendered":"<h3>W ofercie sprzeda\u017cy posiadamy Turbospr\u0119\u017cark\u0119 DAF XF 106 PO LIFT zamiennik Holset NOWA.<\/h3>\n<h3><span style=\"color: #ff0000;\"><strong>CENA 6500 netto z zwrotem rdzenia (starej)<\/strong><\/span><\/h3>\n<h3><span style=\"color: #ff0000;\">CENA bez rdzenia 8500 netto<\/span><\/h3>\n","protected":false},"featured_media":9952,"template":"","meta":[],"product_brand":[],"product_cat":[163,1819,42],"product_tag":[1469,2799,1468,2800,2377,2793,2801,2792,2794,2802,2795,2803,2796,2804,1845,2376,2378,2373,2372,2375,2374,1847,2806,252,2380,1850,2805,2379,2371],"class_list":{"0":"post-11322","1":"product","2":"type-product","3":"status-publish","4":"has-post-thumbnail","6":"product_cat-daf-regeneracja-turbosprezarek","7":"product_cat-nowy","8":"product_cat-regeneracja-turbosprezarek","9":"product_tag-1469","10":"product_tag-2136753r","11":"product_tag-1468","12":"product_tag-2154699r","13":"product_tag-2377","14":"product_tag-2793","15":"product_tag-2301176r","16":"product_tag-2792","17":"product_tag-2794","18":"product_tag-2301192r","19":"product_tag-2795","20":"product_tag-2343158r","21":"product_tag-2796","22":"product_tag-2348170rn","23":"product_tag-1845","24":"product_tag-2376","25":"product_tag-2378","26":"product_tag-2373","27":"product_tag-2372","28":"product_tag-2375","29":"product_tag-2374","30":"product_tag-he400vg","31":"product_tag-he400vg-nowa","32":"product_tag-regeneracja-turbosprezarek","33":"product_tag-turbosprezarka-daf-xf-106","34":"product_tag-turbosprezarka-daf-xf-106-5459129","35":"product_tag-turbosprezarka-daf-xf-106-5642907","36":"product_tag-turbosprezarka-daf-xf-106-holset","37":"product_tag-turbosprezarka-daf-xf-106-holset-he400vg","39":"first","40":"instock","41":"featured","42":"taxable","43":"shipping-taxable","44":"purchasable","45":"product-type-simple"},"_links":{"self":[{"href":"https:\/\/zaciski-regtruck.pl\/fr\/wp-json\/wp\/v2\/product\/11322","targetHints":{"allow":["GET"]}}],"collection":[{"href":"https:\/\/zaciski-regtruck.pl\/fr\/wp-json\/wp\/v2\/product"}],"about":[{"href":"https:\/\/zaciski-regtruck.pl\/fr\/wp-json\/wp\/v2\/types\/product"}],"version-history":[{"count":8,"href":"https:\/\/zaciski-regtruck.pl\/fr\/wp-json\/wp\/v2\/product\/11322\/revisions"}],"predecessor-version":[{"id":11421,"href":"https:\/\/zaciski-regtruck.pl\/fr\/wp-json\/wp\/v2\/product\/11322\/revisions\/11421"}],"wp:featuredmedia":[{"embeddable":true,"href":"https:\/\/zaciski-regtruck.pl\/fr\/wp-json\/wp\/v2\/media\/9952"}],"wp:attachment":[{"href":"https:\/\/zaciski-regtruck.pl\/fr\/wp-json\/wp\/v2\/media?parent=11322"}],"wp:term":[{"taxonomy":"product_brand","embeddable":true,"href":"https:\/\/zaciski-regtruck.pl\/fr\/wp-json\/wp\/v2\/product_brand?post=11322"},{"taxonomy":"product_cat","embeddable":true,"href":"https:\/\/zaciski-regtruck.pl\/fr\/wp-json\/wp\/v2\/product_cat?post=11322"},{"taxonomy":"product_tag","embeddable":true,"href":"https:\/\/zaciski-regtruck.pl\/fr\/wp-json\/wp\/v2\/product_tag?post=11322"}],"curies":[{"name":"wp","href":"https:\/\/api.w.org\/{rel}","templated":true}]}}