{"id":11423,"date":"2025-01-20T08:11:04","date_gmt":"2025-01-20T07:11:04","guid":{"rendered":"https:\/\/zaciski-regtruck.pl\/?post_type=product&#038;p=11423"},"modified":"2025-01-20T08:22:08","modified_gmt":"2025-01-20T07:22:08","slug":"turbosprezarka-daf-xf-106-zamiennik-holset-he400vg-2154699-nowa","status":"publish","type":"product","link":"https:\/\/zaciski-regtruck.pl\/fr\/produkt\/turbosprezarka-daf-xf-106-zamiennik-holset-he400vg-2154699-nowa\/","title":{"rendered":"Turbospr\u0119\u017carka DAF XF 106 Zamiennik Holset HE400VG, 2154699 NOWA"},"content":{"rendered":"\t\t<div data-elementor-type=\"product-post\" data-elementor-id=\"11423\" class=\"elementor elementor-11423\" data-elementor-post-type=\"product\">\n\t\t\t\t\t\t<section data-particle_enable=\"false\" data-particle-mobile-disabled=\"false\" class=\"elementor-section elementor-top-section elementor-element elementor-element-35c913d9 elementor-section-boxed elementor-section-height-default elementor-section-height-default\" data-id=\"35c913d9\" data-element_type=\"section\" data-e-type=\"section\">\n\t\t\t\t\t\t<div class=\"elementor-container elementor-column-gap-default\">\n\t\t\t\t\t<div class=\"elementor-column elementor-col-100 elementor-top-column elementor-element elementor-element-7db474d\" data-id=\"7db474d\" data-element_type=\"column\" data-e-type=\"column\">\n\t\t\t<div class=\"elementor-widget-wrap elementor-element-populated\">\n\t\t\t\t\t\t<div class=\"elementor-element elementor-element-7d3ee497 elementor-widget elementor-widget-text-editor\" data-id=\"7d3ee497\" data-element_type=\"widget\" data-e-type=\"widget\" data-widget_type=\"text-editor.default\">\n\t\t\t\t<div class=\"elementor-widget-container\">\n\t\t\t\t\t\t\t\t\t<h2>Turbospr\u0119\u017carka DAF XF 106 PO LIFT Z SILNIKIEM MX13 HE400VG, 5642904 NOWA<\/h2>\n<div>&nbsp;<\/div>\n<hr>\n<h3><span style=\"color: #000000;\">Oferujemy Pa\u0144stwu NOW\u0104 turbospr\u0119\u017cark\u0119 Zamiennik&nbsp;<\/span><span style=\"color: #000000;\">Holset&nbsp;<\/span><span style=\"color: #000000;\">5459135<\/span><\/h3>\n<h3>&nbsp;najwy\u017cszej jako\u015bci.&nbsp;<\/h3>\n<h3><span style=\"color: #000000;\">Gwarancja 24 miesi\u0105ce<\/span><\/h3>\t\t\t\t\t\t\t\t<\/div>\n\t\t\t\t<\/div>\n\t\t\t\t\t<\/div>\n\t\t<\/div>\n\t\t\t\t\t<\/div>\n\t\t<\/section>\n\t\t\t\t<\/div>\n\t\t","protected":false},"excerpt":{"rendered":"<h3>W ofercie sprzeda\u017cy posiadamy Turbospr\u0119\u017cark\u0119 DAF XF 106 PO LIFT zamiennik Holset NOWA.<\/h3>\n<h3><span style=\"color: #ff0000;\"><strong>CENA 6500 netto z zwrotem rdzenia (starej)<\/strong><\/span><\/h3>\n<h3><span style=\"color: #ff0000;\">CENA bez rdzenia 8500 netto<\/span><\/h3>\n","protected":false},"featured_media":9948,"template":"","meta":[],"product_brand":[],"product_cat":[163,1819,42],"product_tag":[1469,1468,2377,2793,2792,2794,2795,2796,1845,2376,2378,2373,2372,2375,2374,1847,252,2380,1850,2379,2371],"class_list":{"0":"post-11423","1":"product","2":"type-product","3":"status-publish","4":"has-post-thumbnail","6":"product_cat-daf-regeneracja-turbosprezarek","7":"product_cat-nowy","8":"product_cat-regeneracja-turbosprezarek","9":"product_tag-1469","10":"product_tag-1468","11":"product_tag-2377","12":"product_tag-2793","13":"product_tag-2792","14":"product_tag-2794","15":"product_tag-2795","16":"product_tag-2796","17":"product_tag-1845","18":"product_tag-2376","19":"product_tag-2378","20":"product_tag-2373","21":"product_tag-2372","22":"product_tag-2375","23":"product_tag-2374","24":"product_tag-he400vg","25":"product_tag-regeneracja-turbosprezarek","26":"product_tag-turbosprezarka-daf-xf-106","27":"product_tag-turbosprezarka-daf-xf-106-5459129","28":"product_tag-turbosprezarka-daf-xf-106-holset","29":"product_tag-turbosprezarka-daf-xf-106-holset-he400vg","31":"first","32":"instock","33":"featured","34":"taxable","35":"shipping-taxable","36":"purchasable","37":"product-type-simple"},"_links":{"self":[{"href":"https:\/\/zaciski-regtruck.pl\/fr\/wp-json\/wp\/v2\/product\/11423","targetHints":{"allow":["GET"]}}],"collection":[{"href":"https:\/\/zaciski-regtruck.pl\/fr\/wp-json\/wp\/v2\/product"}],"about":[{"href":"https:\/\/zaciski-regtruck.pl\/fr\/wp-json\/wp\/v2\/types\/product"}],"version-history":[{"count":3,"href":"https:\/\/zaciski-regtruck.pl\/fr\/wp-json\/wp\/v2\/product\/11423\/revisions"}],"predecessor-version":[{"id":11427,"href":"https:\/\/zaciski-regtruck.pl\/fr\/wp-json\/wp\/v2\/product\/11423\/revisions\/11427"}],"wp:featuredmedia":[{"embeddable":true,"href":"https:\/\/zaciski-regtruck.pl\/fr\/wp-json\/wp\/v2\/media\/9948"}],"wp:attachment":[{"href":"https:\/\/zaciski-regtruck.pl\/fr\/wp-json\/wp\/v2\/media?parent=11423"}],"wp:term":[{"taxonomy":"product_brand","embeddable":true,"href":"https:\/\/zaciski-regtruck.pl\/fr\/wp-json\/wp\/v2\/product_brand?post=11423"},{"taxonomy":"product_cat","embeddable":true,"href":"https:\/\/zaciski-regtruck.pl\/fr\/wp-json\/wp\/v2\/product_cat?post=11423"},{"taxonomy":"product_tag","embeddable":true,"href":"https:\/\/zaciski-regtruck.pl\/fr\/wp-json\/wp\/v2\/product_tag?post=11423"}],"curies":[{"name":"wp","href":"https:\/\/api.w.org\/{rel}","templated":true}]}}