{"id":11459,"date":"2025-01-28T13:29:40","date_gmt":"2025-01-28T12:29:40","guid":{"rendered":"https:\/\/zaciski-regtruck.pl\/?post_type=product&#038;p=11459"},"modified":"2025-05-07T12:50:38","modified_gmt":"2025-05-07T10:50:38","slug":"turbosprezarka-scania-holset-he531ve-1849535","status":"publish","type":"product","link":"https:\/\/zaciski-regtruck.pl\/fr\/produkt\/turbosprezarka-scania-holset-he531ve-1849535\/","title":{"rendered":"Turbospr\u0119\u017carka SCANIA HOLSET HE531Ve, 1849535"},"content":{"rendered":"\t\t<div data-elementor-type=\"product-post\" data-elementor-id=\"11459\" class=\"elementor elementor-11459\" data-elementor-post-type=\"product\">\n\t\t\t\t\t\t<section data-particle_enable=\"false\" data-particle-mobile-disabled=\"false\" class=\"elementor-section elementor-top-section elementor-element elementor-element-35c913d9 elementor-section-boxed elementor-section-height-default elementor-section-height-default\" data-id=\"35c913d9\" data-element_type=\"section\" data-e-type=\"section\">\n\t\t\t\t\t\t<div class=\"elementor-container elementor-column-gap-default\">\n\t\t\t\t\t<div class=\"elementor-column elementor-col-100 elementor-top-column elementor-element elementor-element-7db474d\" data-id=\"7db474d\" data-element_type=\"column\" data-e-type=\"column\">\n\t\t\t<div class=\"elementor-widget-wrap elementor-element-populated\">\n\t\t\t\t\t\t<div class=\"elementor-element elementor-element-7d3ee497 elementor-widget elementor-widget-text-editor\" data-id=\"7d3ee497\" data-element_type=\"widget\" data-e-type=\"widget\" data-widget_type=\"text-editor.default\">\n\t\t\t\t<div class=\"elementor-widget-container\">\n\t\t\t\t\t\t\t\t\t<h2>Turbospr\u0119\u017carka \u00a0SCANIA Z SILNIKIEM XPI DC13 05,DC13 10, DC13 161, HE500VG &#8211;\u00a0<em>HE531VE<\/em>\u00a0<\/h2><div>\u00a0<\/div><hr \/><h3><span style=\"color: #000000;\">Oferujemy Pa\u0144stwu zregenerowan\u0105 turbospr\u0119\u017cark\u0119 <\/span><span style=\"color: #000000;\">Holset 1849535<\/span>\u00a0najwy\u017cszej jako\u015bci.\u00a0<\/h3><h3><span style=\"color: #000000;\">Gwarancja 24 miesi\u0105ce<\/span><\/h3>\t\t\t\t\t\t\t\t<\/div>\n\t\t\t\t<\/div>\n\t\t\t\t\t<\/div>\n\t\t<\/div>\n\t\t\t\t\t<\/div>\n\t\t<\/section>\n\t\t\t\t<\/div>\n\t\t","protected":false},"excerpt":{"rendered":"<h3>W ofercie sprzeda\u017cy posiadamy Turbospr\u0119\u017carka SCANIA HOLSET\u00a0do ci\u0105gnika siod\u0142owego Scania P R G.<\/h3>\n<h3><\/h3>\n","protected":false},"featured_media":11460,"template":"","meta":[],"product_brand":[],"product_cat":[163,42],"product_tag":[2844,2841,2845,2846,2847,2860,2848,2861,2849,2862,2850,2863,2851,2852,2332,2853,2334,2864,2854,2865,2855,2859,2866,2867,2856,2868,2869,2870,2857,2871,2872,2873,2874,2858,2843,252,2842,2840],"class_list":{"0":"post-11459","1":"product","2":"type-product","3":"status-publish","4":"has-post-thumbnail","6":"product_cat-daf-regeneracja-turbosprezarek","7":"product_cat-regeneracja-turbosprezarek","8":"product_tag-2844","9":"product_tag-2841","10":"product_tag-2845","11":"product_tag-2846","12":"product_tag-2847","13":"product_tag-2860","14":"product_tag-2848","15":"product_tag-2861","16":"product_tag-2849","17":"product_tag-2862","18":"product_tag-2850","19":"product_tag-2863","20":"product_tag-2851","21":"product_tag-2852","22":"product_tag-2332","23":"product_tag-2853","24":"product_tag-2334","25":"product_tag-2864","26":"product_tag-2854","27":"product_tag-2865","28":"product_tag-2855","29":"product_tag-2859","30":"product_tag-3776905d","31":"product_tag-2867","32":"product_tag-2856","33":"product_tag-2868","34":"product_tag-2869","35":"product_tag-2870","36":"product_tag-2857","37":"product_tag-2871","38":"product_tag-2872","39":"product_tag-2873","40":"product_tag-2874","41":"product_tag-2858","42":"product_tag-he531ve","43":"product_tag-regeneracja-turbosprezarek","44":"product_tag-turbosprezarka-scania-holset","45":"product_tag-turbosprezarka-scania-holset-he531ve","47":"first","48":"instock","49":"featured","50":"taxable","51":"shipping-taxable","52":"product-type-simple"},"_links":{"self":[{"href":"https:\/\/zaciski-regtruck.pl\/fr\/wp-json\/wp\/v2\/product\/11459","targetHints":{"allow":["GET"]}}],"collection":[{"href":"https:\/\/zaciski-regtruck.pl\/fr\/wp-json\/wp\/v2\/product"}],"about":[{"href":"https:\/\/zaciski-regtruck.pl\/fr\/wp-json\/wp\/v2\/types\/product"}],"version-history":[{"count":6,"href":"https:\/\/zaciski-regtruck.pl\/fr\/wp-json\/wp\/v2\/product\/11459\/revisions"}],"predecessor-version":[{"id":11474,"href":"https:\/\/zaciski-regtruck.pl\/fr\/wp-json\/wp\/v2\/product\/11459\/revisions\/11474"}],"wp:featuredmedia":[{"embeddable":true,"href":"https:\/\/zaciski-regtruck.pl\/fr\/wp-json\/wp\/v2\/media\/11460"}],"wp:attachment":[{"href":"https:\/\/zaciski-regtruck.pl\/fr\/wp-json\/wp\/v2\/media?parent=11459"}],"wp:term":[{"taxonomy":"product_brand","embeddable":true,"href":"https:\/\/zaciski-regtruck.pl\/fr\/wp-json\/wp\/v2\/product_brand?post=11459"},{"taxonomy":"product_cat","embeddable":true,"href":"https:\/\/zaciski-regtruck.pl\/fr\/wp-json\/wp\/v2\/product_cat?post=11459"},{"taxonomy":"product_tag","embeddable":true,"href":"https:\/\/zaciski-regtruck.pl\/fr\/wp-json\/wp\/v2\/product_tag?post=11459"}],"curies":[{"name":"wp","href":"https:\/\/api.w.org\/{rel}","templated":true}]}}