{"id":11475,"date":"2025-01-31T12:39:51","date_gmt":"2025-01-31T11:39:51","guid":{"rendered":"https:\/\/zaciski-regtruck.pl\/?post_type=product&#038;p=11475"},"modified":"2025-05-07T12:50:30","modified_gmt":"2025-05-07T10:50:30","slug":"turbosprezarka-daf-106-polift-he400vg-2348172","status":"publish","type":"product","link":"https:\/\/zaciski-regtruck.pl\/fr\/produkt\/turbosprezarka-daf-106-polift-he400vg-2348172\/","title":{"rendered":"Turbospr\u0119\u017carka DAF 106 Polift\u00a0HE400VG, 2348172"},"content":{"rendered":"\t\t<div data-elementor-type=\"product-post\" data-elementor-id=\"11475\" class=\"elementor elementor-11475\" data-elementor-post-type=\"product\">\n\t\t\t\t\t\t<section data-particle_enable=\"false\" data-particle-mobile-disabled=\"false\" class=\"elementor-section elementor-top-section elementor-element elementor-element-35c913d9 elementor-section-boxed elementor-section-height-default elementor-section-height-default\" data-id=\"35c913d9\" data-element_type=\"section\" data-e-type=\"section\">\n\t\t\t\t\t\t<div class=\"elementor-container elementor-column-gap-default\">\n\t\t\t\t\t<div class=\"elementor-column elementor-col-100 elementor-top-column elementor-element elementor-element-7db474d\" data-id=\"7db474d\" data-element_type=\"column\" data-e-type=\"column\">\n\t\t\t<div class=\"elementor-widget-wrap elementor-element-populated\">\n\t\t\t\t\t\t<div class=\"elementor-element elementor-element-7d3ee497 elementor-widget elementor-widget-text-editor\" data-id=\"7d3ee497\" data-element_type=\"widget\" data-e-type=\"widget\" data-widget_type=\"text-editor.default\">\n\t\t\t\t<div class=\"elementor-widget-container\">\n\t\t\t\t\t\t\t\t\t<h2>Turbospr\u0119\u017carka DAF 106 Polift HE400VG, 2348172<\/h2><div>\u00a0<\/div><hr \/><h3><span style=\"color: #000000;\">Oferujemy Pa\u0144stwu zregenerowan\u0105 turbospr\u0119\u017cark\u0119 <\/span><span style=\"color: #000000;\">Holset 2348172<\/span>\u00a0najwy\u017cszej jako\u015bci.<\/h3><h3><span style=\"color: #000000;\">Gwarancja 24 miesi\u0105ce<\/span><\/h3>\t\t\t\t\t\t\t\t<\/div>\n\t\t\t\t<\/div>\n\t\t\t\t\t<\/div>\n\t\t<\/div>\n\t\t\t\t\t<\/div>\n\t\t<\/section>\n\t\t\t\t<\/div>\n\t\t","protected":false},"excerpt":{"rendered":"<h3>W ofercie sprzeda\u017cy posiadamy Turbospr\u0119\u017carka DAF 106 Polift\u00a0.<\/h3>\n<h3><\/h3>\n","protected":false},"featured_media":11476,"template":"","meta":[],"product_brand":[],"product_cat":[163,42],"product_tag":[1469,2881,2377,2792,2880,2887,2886,2882,2883,2884,2885,2878,1847,252,2879],"class_list":{"0":"post-11475","1":"product","2":"type-product","3":"status-publish","4":"has-post-thumbnail","6":"product_cat-daf-regeneracja-turbosprezarek","7":"product_cat-regeneracja-turbosprezarek","8":"product_tag-1469","9":"product_tag-2881","10":"product_tag-2377","11":"product_tag-2792","12":"product_tag-2880","13":"product_tag-2348172r","14":"product_tag-2348172rn","15":"product_tag-2882","16":"product_tag-5457475h","17":"product_tag-2884","18":"product_tag-2885","19":"product_tag-daf-106","20":"product_tag-he400vg","21":"product_tag-regeneracja-turbosprezarek","22":"product_tag-turbosprezarka-daf-106-polift-he400vg","24":"first","25":"instock","26":"featured","27":"taxable","28":"shipping-taxable","29":"product-type-simple"},"_links":{"self":[{"href":"https:\/\/zaciski-regtruck.pl\/fr\/wp-json\/wp\/v2\/product\/11475","targetHints":{"allow":["GET"]}}],"collection":[{"href":"https:\/\/zaciski-regtruck.pl\/fr\/wp-json\/wp\/v2\/product"}],"about":[{"href":"https:\/\/zaciski-regtruck.pl\/fr\/wp-json\/wp\/v2\/types\/product"}],"version-history":[{"count":8,"href":"https:\/\/zaciski-regtruck.pl\/fr\/wp-json\/wp\/v2\/product\/11475\/revisions"}],"predecessor-version":[{"id":11489,"href":"https:\/\/zaciski-regtruck.pl\/fr\/wp-json\/wp\/v2\/product\/11475\/revisions\/11489"}],"wp:featuredmedia":[{"embeddable":true,"href":"https:\/\/zaciski-regtruck.pl\/fr\/wp-json\/wp\/v2\/media\/11476"}],"wp:attachment":[{"href":"https:\/\/zaciski-regtruck.pl\/fr\/wp-json\/wp\/v2\/media?parent=11475"}],"wp:term":[{"taxonomy":"product_brand","embeddable":true,"href":"https:\/\/zaciski-regtruck.pl\/fr\/wp-json\/wp\/v2\/product_brand?post=11475"},{"taxonomy":"product_cat","embeddable":true,"href":"https:\/\/zaciski-regtruck.pl\/fr\/wp-json\/wp\/v2\/product_cat?post=11475"},{"taxonomy":"product_tag","embeddable":true,"href":"https:\/\/zaciski-regtruck.pl\/fr\/wp-json\/wp\/v2\/product_tag?post=11475"}],"curies":[{"name":"wp","href":"https:\/\/api.w.org\/{rel}","templated":true}]}}