{"id":11490,"date":"2025-01-31T13:00:52","date_gmt":"2025-01-31T12:00:52","guid":{"rendered":"https:\/\/zaciski-regtruck.pl\/?post_type=product&#038;p=11490"},"modified":"2025-05-07T12:50:23","modified_gmt":"2025-05-07T10:50:23","slug":"turbosprezarka-daf-106-przedlift-he500vg-1901518","status":"publish","type":"product","link":"https:\/\/zaciski-regtruck.pl\/fr\/produkt\/turbosprezarka-daf-106-przedlift-he500vg-1901518\/","title":{"rendered":"Turbospr\u0119\u017carka DAF 106 Przedlift HE500VG, 1901518"},"content":{"rendered":"\t\t<div data-elementor-type=\"product-post\" data-elementor-id=\"11490\" class=\"elementor elementor-11490\" data-elementor-post-type=\"product\">\n\t\t\t\t\t\t<section data-particle_enable=\"false\" data-particle-mobile-disabled=\"false\" class=\"elementor-section elementor-top-section elementor-element elementor-element-35c913d9 elementor-section-boxed elementor-section-height-default elementor-section-height-default\" data-id=\"35c913d9\" data-element_type=\"section\" data-e-type=\"section\">\n\t\t\t\t\t\t<div class=\"elementor-container elementor-column-gap-default\">\n\t\t\t\t\t<div class=\"elementor-column elementor-col-100 elementor-top-column elementor-element elementor-element-7db474d\" data-id=\"7db474d\" data-element_type=\"column\" data-e-type=\"column\">\n\t\t\t<div class=\"elementor-widget-wrap elementor-element-populated\">\n\t\t\t\t\t\t<div class=\"elementor-element elementor-element-7d3ee497 elementor-widget elementor-widget-text-editor\" data-id=\"7d3ee497\" data-element_type=\"widget\" data-e-type=\"widget\" data-widget_type=\"text-editor.default\">\n\t\t\t\t<div class=\"elementor-widget-container\">\n\t\t\t\t\t\t\t\t\t<h2>Turbospr\u0119\u017carka DAF 106 Przedlift HE500VG, 1901518<\/h2>\n<div><\/div>\n\n<hr \/>\n\n<h3><span style=\"color: #000000;\">Oferujemy Pa\u0144stwu zregenerowan\u0105 turbospr\u0119\u017cark\u0119 <\/span><span style=\"color: #000000;\">Holset HE500VG<\/span>\u00a0najwy\u017cszej jako\u015bci.<\/h3>\n<h3><span style=\"color: #000000;\">Gwarancja 24 miesi\u0105ce<\/span><\/h3>\t\t\t\t\t\t\t\t<\/div>\n\t\t\t\t<\/div>\n\t\t\t\t\t<\/div>\n\t\t<\/div>\n\t\t\t\t\t<\/div>\n\t\t<\/section>\n\t\t\t\t<\/div>\n\t\t","protected":false},"excerpt":{"rendered":"<h3>W ofercie sprzeda\u017cy posiadamy Turbospr\u0119\u017carka DAF 106 Przedlift 460i 510 .<\/h3>\n<h3><\/h3>\n","protected":false},"featured_media":11491,"template":"","meta":[],"product_brand":[],"product_cat":[163,42],"product_tag":[2890,2892,2893,2894,2895,2896,2897,2898,2899,2900,2901,2902,2903,2904,2905,2906,2907,2908,2909,2910,2911,2891,252,2889],"class_list":{"0":"post-11490","1":"product","2":"type-product","3":"status-publish","4":"has-post-thumbnail","6":"product_cat-daf-regeneracja-turbosprezarek","7":"product_cat-regeneracja-turbosprezarek","8":"product_tag-2890","9":"product_tag-2892","10":"product_tag-2893","11":"product_tag-2894","12":"product_tag-2895","13":"product_tag-2896","14":"product_tag-2897","15":"product_tag-2898","16":"product_tag-2899","17":"product_tag-2900","18":"product_tag-2901","19":"product_tag-2902","20":"product_tag-2903","21":"product_tag-2904","22":"product_tag-2905","23":"product_tag-2906","24":"product_tag-2907","25":"product_tag-2908","26":"product_tag-2909","27":"product_tag-2910","28":"product_tag-2911","29":"product_tag-e500vg","30":"product_tag-regeneracja-turbosprezarek","31":"product_tag-turbosprezarka-daf-106-przedlift-he500vg","33":"first","34":"instock","35":"featured","36":"taxable","37":"shipping-taxable","38":"product-type-simple"},"_links":{"self":[{"href":"https:\/\/zaciski-regtruck.pl\/fr\/wp-json\/wp\/v2\/product\/11490","targetHints":{"allow":["GET"]}}],"collection":[{"href":"https:\/\/zaciski-regtruck.pl\/fr\/wp-json\/wp\/v2\/product"}],"about":[{"href":"https:\/\/zaciski-regtruck.pl\/fr\/wp-json\/wp\/v2\/types\/product"}],"version-history":[{"count":5,"href":"https:\/\/zaciski-regtruck.pl\/fr\/wp-json\/wp\/v2\/product\/11490\/revisions"}],"predecessor-version":[{"id":11502,"href":"https:\/\/zaciski-regtruck.pl\/fr\/wp-json\/wp\/v2\/product\/11490\/revisions\/11502"}],"wp:featuredmedia":[{"embeddable":true,"href":"https:\/\/zaciski-regtruck.pl\/fr\/wp-json\/wp\/v2\/media\/11491"}],"wp:attachment":[{"href":"https:\/\/zaciski-regtruck.pl\/fr\/wp-json\/wp\/v2\/media?parent=11490"}],"wp:term":[{"taxonomy":"product_brand","embeddable":true,"href":"https:\/\/zaciski-regtruck.pl\/fr\/wp-json\/wp\/v2\/product_brand?post=11490"},{"taxonomy":"product_cat","embeddable":true,"href":"https:\/\/zaciski-regtruck.pl\/fr\/wp-json\/wp\/v2\/product_cat?post=11490"},{"taxonomy":"product_tag","embeddable":true,"href":"https:\/\/zaciski-regtruck.pl\/fr\/wp-json\/wp\/v2\/product_tag?post=11490"}],"curies":[{"name":"wp","href":"https:\/\/api.w.org\/{rel}","templated":true}]}}