{"id":11710,"date":"2025-02-17T14:35:23","date_gmt":"2025-02-17T13:35:23","guid":{"rendered":"https:\/\/zaciski-regtruck.pl\/?post_type=product&#038;p=11710"},"modified":"2025-05-07T12:50:15","modified_gmt":"2025-05-07T10:50:15","slug":"turbosprezarka-scania-r-730-he500vg-2238824","status":"publish","type":"product","link":"https:\/\/zaciski-regtruck.pl\/fr\/produkt\/turbosprezarka-scania-r-730-he500vg-2238824\/","title":{"rendered":"Turbospr\u0119\u017carka SCANIA R 730 HE500VG, 2238824"},"content":{"rendered":"\t\t<div data-elementor-type=\"product-post\" data-elementor-id=\"11710\" class=\"elementor elementor-11710\" data-elementor-post-type=\"product\">\n\t\t\t\t\t\t<section data-particle_enable=\"false\" data-particle-mobile-disabled=\"false\" class=\"elementor-section elementor-top-section elementor-element elementor-element-35c913d9 elementor-section-boxed elementor-section-height-default elementor-section-height-default\" data-id=\"35c913d9\" data-element_type=\"section\" data-e-type=\"section\">\n\t\t\t\t\t\t<div class=\"elementor-container elementor-column-gap-default\">\n\t\t\t\t\t<div class=\"elementor-column elementor-col-100 elementor-top-column elementor-element elementor-element-7db474d\" data-id=\"7db474d\" data-element_type=\"column\" data-e-type=\"column\">\n\t\t\t<div class=\"elementor-widget-wrap elementor-element-populated\">\n\t\t\t\t\t\t<div class=\"elementor-element elementor-element-7d3ee497 elementor-widget elementor-widget-text-editor\" data-id=\"7d3ee497\" data-element_type=\"widget\" data-e-type=\"widget\" data-widget_type=\"text-editor.default\">\n\t\t\t\t<div class=\"elementor-widget-container\">\n\t\t\t\t\t\t\t\t\t<h2>Turbospr\u0119\u017carka&nbsp; Turbospr\u0119\u017carka SCANIA R 730 HE500VG &#8211; 2001910<\/h2>\n<hr>\n<h3><span style=\"color: #000000;\">Oferujemy Pa\u0144stwu zregenerowan\u0105 turbospr\u0119\u017cark\u0119 <\/span><span style=\"color: #000000;\">scania HOLSET HE500VG <\/span>&nbsp;najwy\u017cszej jako\u015bci.&nbsp;<\/h3>\n<h3><span style=\"color: #000000;\">Gwarancja 24 miesi\u0105ce<\/span><\/h3>\t\t\t\t\t\t\t\t<\/div>\n\t\t\t\t<\/div>\n\t\t\t\t\t<\/div>\n\t\t<\/div>\n\t\t\t\t\t<\/div>\n\t\t<\/section>\n\t\t\t\t<\/div>\n\t\t","protected":false},"excerpt":{"rendered":"<h3>W ofercie sprzeda\u017cy posiadamy Turbospr\u0119\u017carka SCANIA R 730 .<\/h3>\n<h3><\/h3>\n","protected":false},"featured_media":11711,"template":"","meta":[],"product_brand":[],"product_cat":[168,42],"product_tag":[2987,2988,2992,2993,2995,2986,2996,2990,2994,2999,2998,3001,3000,2997,2991,2989,252,2842,3003,3002],"class_list":{"0":"post-11710","1":"product","2":"type-product","3":"status-publish","4":"has-post-thumbnail","6":"product_cat-scania-regeneracja-turbosprezarek","7":"product_cat-regeneracja-turbosprezarek","8":"product_tag-2987","9":"product_tag-2988","10":"product_tag-2992","11":"product_tag-2993","12":"product_tag-2995","13":"product_tag-2986","14":"product_tag-2996","15":"product_tag-2990","16":"product_tag-2994","17":"product_tag-2999","18":"product_tag-2998","19":"product_tag-3001","20":"product_tag-3000","21":"product_tag-2997","22":"product_tag-2991","23":"product_tag-2989","24":"product_tag-regeneracja-turbosprezarek","25":"product_tag-turbosprezarka-scania-holset","26":"product_tag-turbosprezarka-scania-r-730","27":"product_tag-turbosprezarka-scania-r-730-he500vg","29":"first","30":"instock","31":"featured","32":"taxable","33":"shipping-taxable","34":"product-type-simple"},"_links":{"self":[{"href":"https:\/\/zaciski-regtruck.pl\/fr\/wp-json\/wp\/v2\/product\/11710","targetHints":{"allow":["GET"]}}],"collection":[{"href":"https:\/\/zaciski-regtruck.pl\/fr\/wp-json\/wp\/v2\/product"}],"about":[{"href":"https:\/\/zaciski-regtruck.pl\/fr\/wp-json\/wp\/v2\/types\/product"}],"version-history":[{"count":9,"href":"https:\/\/zaciski-regtruck.pl\/fr\/wp-json\/wp\/v2\/product\/11710\/revisions"}],"predecessor-version":[{"id":12088,"href":"https:\/\/zaciski-regtruck.pl\/fr\/wp-json\/wp\/v2\/product\/11710\/revisions\/12088"}],"wp:featuredmedia":[{"embeddable":true,"href":"https:\/\/zaciski-regtruck.pl\/fr\/wp-json\/wp\/v2\/media\/11711"}],"wp:attachment":[{"href":"https:\/\/zaciski-regtruck.pl\/fr\/wp-json\/wp\/v2\/media?parent=11710"}],"wp:term":[{"taxonomy":"product_brand","embeddable":true,"href":"https:\/\/zaciski-regtruck.pl\/fr\/wp-json\/wp\/v2\/product_brand?post=11710"},{"taxonomy":"product_cat","embeddable":true,"href":"https:\/\/zaciski-regtruck.pl\/fr\/wp-json\/wp\/v2\/product_cat?post=11710"},{"taxonomy":"product_tag","embeddable":true,"href":"https:\/\/zaciski-regtruck.pl\/fr\/wp-json\/wp\/v2\/product_tag?post=11710"}],"curies":[{"name":"wp","href":"https:\/\/api.w.org\/{rel}","templated":true}]}}