{"id":11833,"date":"2025-04-11T09:35:50","date_gmt":"2025-04-11T07:35:50","guid":{"rendered":"https:\/\/zaciski-regtruck.pl\/?post_type=product&#038;p=11833"},"modified":"2025-06-02T08:00:01","modified_gmt":"2025-06-02T06:00:01","slug":"przekladnia-kierownicza-vdl-bova-41162916-1153696","status":"publish","type":"product","link":"https:\/\/zaciski-regtruck.pl\/fr\/produkt\/przekladnia-kierownicza-vdl-bova-41162916-1153696\/","title":{"rendered":"Przek\u0142adnia Kierownicza VDL BOVA\u00a041162916, 1153696"},"content":{"rendered":"\t\t<div data-elementor-type=\"product-post\" data-elementor-id=\"11833\" class=\"elementor elementor-11833\" data-elementor-post-type=\"product\">\n\t\t\t\t\t\t<section data-particle_enable=\"false\" data-particle-mobile-disabled=\"false\" class=\"elementor-section elementor-top-section elementor-element elementor-element-35c913d9 elementor-section-boxed elementor-section-height-default elementor-section-height-default\" data-id=\"35c913d9\" data-element_type=\"section\" data-e-type=\"section\">\n\t\t\t\t\t\t<div class=\"elementor-container elementor-column-gap-default\">\n\t\t\t\t\t<div class=\"elementor-column elementor-col-100 elementor-top-column elementor-element elementor-element-7db474d\" data-id=\"7db474d\" data-element_type=\"column\" data-e-type=\"column\">\n\t\t\t<div class=\"elementor-widget-wrap elementor-element-populated\">\n\t\t\t\t\t\t<div class=\"elementor-element elementor-element-7d3ee497 elementor-widget elementor-widget-text-editor\" data-id=\"7d3ee497\" data-element_type=\"widget\" data-e-type=\"widget\" data-widget_type=\"text-editor.default\">\n\t\t\t\t<div class=\"elementor-widget-container\">\n\t\t\t\t\t\t\t\t\t<h2>Przek\u0142adnie Kierownicz\u0105 Daf XF 105<\/h2><hr \/><h3><span style=\"color: #000000;\">Oferujemy Pa\u0144stwu zregenerowan\u0105<\/span><\/h3><h3>Przek\u0142adnie Kierownicz\u0105 Daf XF 105\u00a0<\/h3><h4>VDL\/BOVA: 1153696, 41153696, 41162916,<br \/>ZF: THP80646, THP80648,<br \/>TRW: JRB 5059<\/h4><h3><span style=\"color: #000000;\">najwy\u017cszej jako\u015bci.\u00a0<\/span><\/h3><h3><span style=\"color: #000000;\">Naszym klientom gwarantujemy 100% satysfakcji<\/span><\/h3>\t\t\t\t\t\t\t\t<\/div>\n\t\t\t\t<\/div>\n\t\t\t\t\t<\/div>\n\t\t<\/div>\n\t\t\t\t\t<\/div>\n\t\t<\/section>\n\t\t\t\t<\/div>\n\t\t","protected":false},"excerpt":{"rendered":"<h3>W ofercie sprzeda\u017cy posiadamy Przek\u0142adnie Kierownicz\u0105 BOVA 41162916, 1153696 po regeneracji.<\/h3>\n","protected":false},"featured_media":11834,"template":"","meta":[],"product_brand":[],"product_cat":[40,149],"product_tag":[3014,3009,3010,285,3017,3016,3015,3012,1724,3013,3008,3011],"class_list":{"0":"post-11833","1":"product","2":"type-product","3":"status-publish","4":"has-post-thumbnail","6":"product_cat-przekladnie-kierownicze","7":"product_cat-daf-przekladnie-kierownicze","8":"product_tag-3014","9":"product_tag-3009","10":"product_tag-3010","11":"product_tag-przekladnia-kierownicza","12":"product_tag-przekladnia-kierownicza-daf-xf-105","13":"product_tag-przekladnia-kierownicza-daf-xf-105-41162916","14":"product_tag-thp80646","15":"product_tag-thp80648","16":"product_tag-trw","17":"product_tag-trw-jrb-5059","18":"product_tag-vdl-bova-1153696","19":"product_tag-zf-thp80646","21":"first","22":"instock","23":"featured","24":"taxable","25":"shipping-taxable","26":"product-type-simple"},"_links":{"self":[{"href":"https:\/\/zaciski-regtruck.pl\/fr\/wp-json\/wp\/v2\/product\/11833","targetHints":{"allow":["GET"]}}],"collection":[{"href":"https:\/\/zaciski-regtruck.pl\/fr\/wp-json\/wp\/v2\/product"}],"about":[{"href":"https:\/\/zaciski-regtruck.pl\/fr\/wp-json\/wp\/v2\/types\/product"}],"version-history":[{"count":7,"href":"https:\/\/zaciski-regtruck.pl\/fr\/wp-json\/wp\/v2\/product\/11833\/revisions"}],"predecessor-version":[{"id":11846,"href":"https:\/\/zaciski-regtruck.pl\/fr\/wp-json\/wp\/v2\/product\/11833\/revisions\/11846"}],"wp:featuredmedia":[{"embeddable":true,"href":"https:\/\/zaciski-regtruck.pl\/fr\/wp-json\/wp\/v2\/media\/11834"}],"wp:attachment":[{"href":"https:\/\/zaciski-regtruck.pl\/fr\/wp-json\/wp\/v2\/media?parent=11833"}],"wp:term":[{"taxonomy":"product_brand","embeddable":true,"href":"https:\/\/zaciski-regtruck.pl\/fr\/wp-json\/wp\/v2\/product_brand?post=11833"},{"taxonomy":"product_cat","embeddable":true,"href":"https:\/\/zaciski-regtruck.pl\/fr\/wp-json\/wp\/v2\/product_cat?post=11833"},{"taxonomy":"product_tag","embeddable":true,"href":"https:\/\/zaciski-regtruck.pl\/fr\/wp-json\/wp\/v2\/product_tag?post=11833"}],"curies":[{"name":"wp","href":"https:\/\/api.w.org\/{rel}","templated":true}]}}