{"id":11850,"date":"2025-04-22T13:04:19","date_gmt":"2025-04-22T11:04:19","guid":{"rendered":"https:\/\/zaciski-regtruck.pl\/?post_type=product&#038;p=11850"},"modified":"2025-05-07T12:50:00","modified_gmt":"2025-05-07T10:50:00","slug":"turbosprezarka-daf-lf-cummins-he300vg-1707990-3783023","status":"publish","type":"product","link":"https:\/\/zaciski-regtruck.pl\/fr\/produkt\/turbosprezarka-daf-lf-cummins-he300vg-1707990-3783023\/","title":{"rendered":"Turbospr\u0119\u017carka DAF LF Cummins HE300VG 1707990, 3783023"},"content":{"rendered":"\t\t<div data-elementor-type=\"product-post\" data-elementor-id=\"11850\" class=\"elementor elementor-11850\" data-elementor-post-type=\"product\">\n\t\t\t\t\t\t<section data-particle_enable=\"false\" data-particle-mobile-disabled=\"false\" class=\"elementor-section elementor-top-section elementor-element elementor-element-35c913d9 elementor-section-boxed elementor-section-height-default elementor-section-height-default\" data-id=\"35c913d9\" data-element_type=\"section\" data-e-type=\"section\">\n\t\t\t\t\t\t<div class=\"elementor-container elementor-column-gap-default\">\n\t\t\t\t\t<div class=\"elementor-column elementor-col-100 elementor-top-column elementor-element elementor-element-7db474d\" data-id=\"7db474d\" data-element_type=\"column\" data-e-type=\"column\">\n\t\t\t<div class=\"elementor-widget-wrap elementor-element-populated\">\n\t\t\t\t\t\t<div class=\"elementor-element elementor-element-7d3ee497 elementor-widget elementor-widget-text-editor\" data-id=\"7d3ee497\" data-element_type=\"widget\" data-e-type=\"widget\" data-widget_type=\"text-editor.default\">\n\t\t\t\t<div class=\"elementor-widget-container\">\n\t\t\t\t\t\t\t\t\t<h2>Turbospr\u0119\u017carka DAF LF Cummins Holset HE300VG 1707990, 3783023<\/h2><hr \/><h3><span style=\"color: #000000;\">Oferujemy Pa\u0144stwu zregenerowan\u0105 turbospr\u0119\u017cark\u0119 <\/span><span style=\"color: #000000;\">DAF HOLSET <\/span>HE300VG \u00a0najwy\u017cszej jako\u015bci.\u00a0<\/h3><h3><span style=\"color: #000000;\">Gwarancja 24 miesi\u0105ce<\/span><\/h3>\t\t\t\t\t\t\t\t<\/div>\n\t\t\t\t<\/div>\n\t\t\t\t\t<\/div>\n\t\t<\/div>\n\t\t\t\t\t<\/div>\n\t\t<\/section>\n\t\t\t\t<\/div>\n\t\t","protected":false},"excerpt":{"rendered":"<h3>W ofercie sprzeda\u017cy posiadamy Turbospr\u0119\u017carka DAF LF HOLSET Z VTG . Mo\u017cliwo\u015b\u0107 zakupu bez VTG<\/h3>\n<h3><\/h3>\n","protected":false},"featured_media":11851,"template":"","meta":[],"product_brand":[],"product_cat":[168,42],"product_tag":[3024,3026,3025,3021,3027,3028,3029,3030,3031,3032,3033,3034,3035,3036,3037,3038,3039,3040,3041,3042,3043,3044,252,3022,3020,3023],"class_list":{"0":"post-11850","1":"product","2":"type-product","3":"status-publish","4":"has-post-thumbnail","6":"product_cat-scania-regeneracja-turbosprezarek","7":"product_cat-regeneracja-turbosprezarek","8":"product_tag-3024","9":"product_tag-17134964r","10":"product_tag-3025","11":"product_tag-3021","12":"product_tag-3027","13":"product_tag-3028","14":"product_tag-3029","15":"product_tag-3030","16":"product_tag-3031","17":"product_tag-3032","18":"product_tag-3033","19":"product_tag-3034","20":"product_tag-3035","21":"product_tag-3036","22":"product_tag-3037","23":"product_tag-5328083h","24":"product_tag-3039","25":"product_tag-3040","26":"product_tag-3041","27":"product_tag-3042","28":"product_tag-3043","29":"product_tag-autobus-maly","30":"product_tag-regeneracja-turbosprezarek","31":"product_tag-turbosprezarka-daf-lf","32":"product_tag-turbosprezarka-daf-lf-cummins-he300vg-1707990","33":"product_tag-turbosprezarka-daf-lf-holset","35":"first","36":"instock","37":"featured","38":"taxable","39":"shipping-taxable","40":"product-type-simple"},"_links":{"self":[{"href":"https:\/\/zaciski-regtruck.pl\/fr\/wp-json\/wp\/v2\/product\/11850","targetHints":{"allow":["GET"]}}],"collection":[{"href":"https:\/\/zaciski-regtruck.pl\/fr\/wp-json\/wp\/v2\/product"}],"about":[{"href":"https:\/\/zaciski-regtruck.pl\/fr\/wp-json\/wp\/v2\/types\/product"}],"version-history":[{"count":6,"href":"https:\/\/zaciski-regtruck.pl\/fr\/wp-json\/wp\/v2\/product\/11850\/revisions"}],"predecessor-version":[{"id":11859,"href":"https:\/\/zaciski-regtruck.pl\/fr\/wp-json\/wp\/v2\/product\/11850\/revisions\/11859"}],"wp:featuredmedia":[{"embeddable":true,"href":"https:\/\/zaciski-regtruck.pl\/fr\/wp-json\/wp\/v2\/media\/11851"}],"wp:attachment":[{"href":"https:\/\/zaciski-regtruck.pl\/fr\/wp-json\/wp\/v2\/media?parent=11850"}],"wp:term":[{"taxonomy":"product_brand","embeddable":true,"href":"https:\/\/zaciski-regtruck.pl\/fr\/wp-json\/wp\/v2\/product_brand?post=11850"},{"taxonomy":"product_cat","embeddable":true,"href":"https:\/\/zaciski-regtruck.pl\/fr\/wp-json\/wp\/v2\/product_cat?post=11850"},{"taxonomy":"product_tag","embeddable":true,"href":"https:\/\/zaciski-regtruck.pl\/fr\/wp-json\/wp\/v2\/product_tag?post=11850"}],"curies":[{"name":"wp","href":"https:\/\/api.w.org\/{rel}","templated":true}]}}