{"id":11962,"date":"2025-04-25T10:41:28","date_gmt":"2025-04-25T08:41:28","guid":{"rendered":"https:\/\/zaciski-regtruck.pl\/?post_type=product&#038;p=11962"},"modified":"2025-05-07T12:49:50","modified_gmt":"2025-05-07T10:49:50","slug":"turbosprezarka-cumminns-6-7-l-4043600-4037001","status":"publish","type":"product","link":"https:\/\/zaciski-regtruck.pl\/fr\/produkt\/turbosprezarka-cumminns-6-7-l-4043600-4037001\/","title":{"rendered":"Turbospr\u0119\u017carka Cumminns 6.7 L 4043600, 4037001"},"content":{"rendered":"\t\t<div data-elementor-type=\"product-post\" data-elementor-id=\"11962\" class=\"elementor elementor-11962\" data-elementor-post-type=\"product\">\n\t\t\t\t\t\t<section data-particle_enable=\"false\" data-particle-mobile-disabled=\"false\" class=\"elementor-section elementor-top-section elementor-element elementor-element-35c913d9 elementor-section-boxed elementor-section-height-default elementor-section-height-default\" data-id=\"35c913d9\" data-element_type=\"section\" data-e-type=\"section\">\n\t\t\t\t\t\t<div class=\"elementor-container elementor-column-gap-default\">\n\t\t\t\t\t<div class=\"elementor-column elementor-col-100 elementor-top-column elementor-element elementor-element-7db474d\" data-id=\"7db474d\" data-element_type=\"column\" data-e-type=\"column\">\n\t\t\t<div class=\"elementor-widget-wrap elementor-element-populated\">\n\t\t\t\t\t\t<div class=\"elementor-element elementor-element-7d3ee497 elementor-widget elementor-widget-text-editor\" data-id=\"7d3ee497\" data-element_type=\"widget\" data-e-type=\"widget\" data-widget_type=\"text-editor.default\">\n\t\t\t\t<div class=\"elementor-widget-container\">\n\t\t\t\t\t\t\t\t\t<h2>Turbospr\u0119\u017carki Dodge Ram 2500\/3500 Cumminns 6.7 L 4043600, 4037001<\/h2><hr \/><h3><span style=\"color: #000000;\">Oferujemy Pa\u0144stwu zregenerowan\u0105 turbospr\u0119\u017cark\u0119 <\/span>Cumminns<\/h3><h3>\u00a0\u00a0najwy\u017cszej jako\u015bci.\u00a0<\/h3><h3><span style=\"color: #000000;\">Gwarancja 24 miesi\u0105ce<\/span><\/h3>\t\t\t\t\t\t\t\t<\/div>\n\t\t\t\t<\/div>\n\t\t\t\t\t<\/div>\n\t\t<\/div>\n\t\t\t\t\t<\/div>\n\t\t<\/section>\n\t\t\t\t<\/div>\n\t\t","protected":false},"excerpt":{"rendered":"<h3>W ofercie sprzeda\u017cy posiadamy Turbospr\u0119\u017carka Cumminns 6.7 L<\/h3>\n<h3><a class=\"zReHs\" href=\"https:\/\/genesisturbo.eu\/turbosprezarki\/2212-c75973-turbosprezarka-1\" data-ved=\"2ahUKEwjG69nH6fKMAxWTA9sEHfTfI1AQFnoECAwQAQ\">\u00a0<\/a><\/h3>\n<div class=\"notranslate ESMNde HGLrXd ojE3Fb\">\n<div class=\"q0vns\"><\/div>\n<\/div>\n<h3><\/h3>\n","protected":false},"featured_media":11963,"template":"","meta":[],"product_brand":[],"product_cat":[42],"product_tag":[3053,3047,3049,3052,3051,3050,3054,252,3048,3046],"class_list":{"0":"post-11962","1":"product","2":"type-product","3":"status-publish","4":"has-post-thumbnail","6":"product_cat-regeneracja-turbosprezarek","7":"product_tag-3053","8":"product_tag-3047","9":"product_tag-3049","10":"product_tag-3052","11":"product_tag-3051","12":"product_tag-3050","13":"product_tag-dodge-ram-2500-3500","14":"product_tag-regeneracja-turbosprezarek","15":"product_tag-turbosprezarka-cumminns-6-7-l","16":"product_tag-turbosprezarka-cumminns-6-7-l-4043600","18":"first","19":"instock","20":"featured","21":"taxable","22":"shipping-taxable","23":"product-type-simple"},"_links":{"self":[{"href":"https:\/\/zaciski-regtruck.pl\/fr\/wp-json\/wp\/v2\/product\/11962","targetHints":{"allow":["GET"]}}],"collection":[{"href":"https:\/\/zaciski-regtruck.pl\/fr\/wp-json\/wp\/v2\/product"}],"about":[{"href":"https:\/\/zaciski-regtruck.pl\/fr\/wp-json\/wp\/v2\/types\/product"}],"version-history":[{"count":9,"href":"https:\/\/zaciski-regtruck.pl\/fr\/wp-json\/wp\/v2\/product\/11962\/revisions"}],"predecessor-version":[{"id":11978,"href":"https:\/\/zaciski-regtruck.pl\/fr\/wp-json\/wp\/v2\/product\/11962\/revisions\/11978"}],"wp:featuredmedia":[{"embeddable":true,"href":"https:\/\/zaciski-regtruck.pl\/fr\/wp-json\/wp\/v2\/media\/11963"}],"wp:attachment":[{"href":"https:\/\/zaciski-regtruck.pl\/fr\/wp-json\/wp\/v2\/media?parent=11962"}],"wp:term":[{"taxonomy":"product_brand","embeddable":true,"href":"https:\/\/zaciski-regtruck.pl\/fr\/wp-json\/wp\/v2\/product_brand?post=11962"},{"taxonomy":"product_cat","embeddable":true,"href":"https:\/\/zaciski-regtruck.pl\/fr\/wp-json\/wp\/v2\/product_cat?post=11962"},{"taxonomy":"product_tag","embeddable":true,"href":"https:\/\/zaciski-regtruck.pl\/fr\/wp-json\/wp\/v2\/product_tag?post=11962"}],"curies":[{"name":"wp","href":"https:\/\/api.w.org\/{rel}","templated":true}]}}