{"id":12073,"date":"2025-05-07T11:49:33","date_gmt":"2025-05-07T09:49:33","guid":{"rendered":"https:\/\/zaciski-regtruck.pl\/?post_type=product&#038;p=12073"},"modified":"2025-05-15T11:05:04","modified_gmt":"2025-05-15T09:05:04","slug":"sprezarka-powietrza-wabco-daf-9125181070-2020640","status":"publish","type":"product","link":"https:\/\/zaciski-regtruck.pl\/fr\/produkt\/sprezarka-powietrza-wabco-daf-9125181070-2020640\/","title":{"rendered":"SPR\u0118\u017bARKA POWIETRZA WABCO DAF 9125181070, 2020640"},"content":{"rendered":"\t\t<div data-elementor-type=\"product-post\" data-elementor-id=\"12073\" class=\"elementor elementor-12073\" data-elementor-post-type=\"product\">\n\t\t\t\t\t\t<section data-particle_enable=\"false\" data-particle-mobile-disabled=\"false\" class=\"elementor-section elementor-top-section elementor-element elementor-element-35c913d9 elementor-section-boxed elementor-section-height-default elementor-section-height-default\" data-id=\"35c913d9\" data-element_type=\"section\" data-e-type=\"section\">\n\t\t\t\t\t\t<div class=\"elementor-container elementor-column-gap-default\">\n\t\t\t\t\t<div class=\"elementor-column elementor-col-100 elementor-top-column elementor-element elementor-element-7db474d\" data-id=\"7db474d\" data-element_type=\"column\" data-e-type=\"column\">\n\t\t\t<div class=\"elementor-widget-wrap elementor-element-populated\">\n\t\t\t\t\t\t<div class=\"elementor-element elementor-element-7d3ee497 elementor-widget elementor-widget-text-editor\" data-id=\"7d3ee497\" data-element_type=\"widget\" data-e-type=\"widget\" data-widget_type=\"text-editor.default\">\n\t\t\t\t<div class=\"elementor-widget-container\">\n\t\t\t\t\t\t\t\t\t<h2>Spr\u0119\u017carka Powietrza DAF WABCO<\/h2><hr \/><h3><span style=\"color: #000000;\">Oferujemy Pa\u0144stwu zregenerowan\u0105<\/span><\/h3><h2>Spr\u0119\u017carka Powietrza WABCO DAF 9125181070, 2020640\u00a0<span style=\"color: #000000;\">najwy\u017cszej jako\u015bci.\u00a0<\/span><\/h2><h3><span style=\"color: #000000;\">Naszym klientom gwarantujemy 100% satysfakcji<\/span><\/h3>\t\t\t\t\t\t\t\t<\/div>\n\t\t\t\t<\/div>\n\t\t\t\t\t<\/div>\n\t\t<\/div>\n\t\t\t\t\t<\/div>\n\t\t<\/section>\n\t\t\t\t<\/div>\n\t\t","protected":false},"excerpt":{"rendered":"<h3>W ofercie sprzeda\u017cy posiadamy Spr\u0119\u017cark\u0119 Powietrza DAF WABCO po regeneracji.<\/h3>\n","protected":false},"featured_media":12076,"template":"","meta":[],"product_brand":[],"product_cat":[193,45],"product_tag":[3066,3064,3070,3071,3072,3067,3068,3069,322,3065,3063],"class_list":{"0":"post-12073","1":"product","2":"type-product","3":"status-publish","4":"has-post-thumbnail","6":"product_cat-daf-sprezarki-powietrza","7":"product_cat-sprezarki-powietrza","8":"product_tag-3066","9":"product_tag-3064","10":"product_tag-912-518-107-0","11":"product_tag-912-518-111-0","12":"product_tag-912-518-113-0","13":"product_tag-3067","14":"product_tag-3068","15":"product_tag-3069","16":"product_tag-sprezarka-powietrza","17":"product_tag-sprezarka-powietrza-wabco-daf","18":"product_tag-sprezarka-powietrza-wabco-daf-9125181070","20":"first","21":"instock","22":"featured","23":"taxable","24":"shipping-taxable","25":"product-type-simple"},"_links":{"self":[{"href":"https:\/\/zaciski-regtruck.pl\/fr\/wp-json\/wp\/v2\/product\/12073","targetHints":{"allow":["GET"]}}],"collection":[{"href":"https:\/\/zaciski-regtruck.pl\/fr\/wp-json\/wp\/v2\/product"}],"about":[{"href":"https:\/\/zaciski-regtruck.pl\/fr\/wp-json\/wp\/v2\/types\/product"}],"version-history":[{"count":6,"href":"https:\/\/zaciski-regtruck.pl\/fr\/wp-json\/wp\/v2\/product\/12073\/revisions"}],"predecessor-version":[{"id":12082,"href":"https:\/\/zaciski-regtruck.pl\/fr\/wp-json\/wp\/v2\/product\/12073\/revisions\/12082"}],"wp:featuredmedia":[{"embeddable":true,"href":"https:\/\/zaciski-regtruck.pl\/fr\/wp-json\/wp\/v2\/media\/12076"}],"wp:attachment":[{"href":"https:\/\/zaciski-regtruck.pl\/fr\/wp-json\/wp\/v2\/media?parent=12073"}],"wp:term":[{"taxonomy":"product_brand","embeddable":true,"href":"https:\/\/zaciski-regtruck.pl\/fr\/wp-json\/wp\/v2\/product_brand?post=12073"},{"taxonomy":"product_cat","embeddable":true,"href":"https:\/\/zaciski-regtruck.pl\/fr\/wp-json\/wp\/v2\/product_cat?post=12073"},{"taxonomy":"product_tag","embeddable":true,"href":"https:\/\/zaciski-regtruck.pl\/fr\/wp-json\/wp\/v2\/product_tag?post=12073"}],"curies":[{"name":"wp","href":"https:\/\/api.w.org\/{rel}","templated":true}]}}