{"id":12168,"date":"2025-05-16T13:28:35","date_gmt":"2025-05-16T11:28:35","guid":{"rendered":"https:\/\/zaciski-regtruck.pl\/?post_type=product&#038;p=12168"},"modified":"2025-05-16T14:00:30","modified_gmt":"2025-05-16T12:00:30","slug":"sprezarka-kmpresor-powietrza-daf-105-e5-9125180116-1696197s3","status":"publish","type":"product","link":"https:\/\/zaciski-regtruck.pl\/fr\/produkt\/sprezarka-kmpresor-powietrza-daf-105-e5-9125180116-1696197s3\/","title":{"rendered":"SPR\u0118\u017bARKA KMPRESOR POWIETRZA DAF 105 E5 9125180116, 1696197S3"},"content":{"rendered":"\t\t<div data-elementor-type=\"product-post\" data-elementor-id=\"12168\" class=\"elementor elementor-12168\" data-elementor-post-type=\"product\">\n\t\t\t\t\t\t<section data-particle_enable=\"false\" data-particle-mobile-disabled=\"false\" class=\"elementor-section elementor-top-section elementor-element elementor-element-35c913d9 elementor-section-boxed elementor-section-height-default elementor-section-height-default\" data-id=\"35c913d9\" data-element_type=\"section\" data-e-type=\"section\">\n\t\t\t\t\t\t<div class=\"elementor-container elementor-column-gap-default\">\n\t\t\t\t\t<div class=\"elementor-column elementor-col-100 elementor-top-column elementor-element elementor-element-7db474d\" data-id=\"7db474d\" data-element_type=\"column\" data-e-type=\"column\">\n\t\t\t<div class=\"elementor-widget-wrap elementor-element-populated\">\n\t\t\t\t\t\t<div class=\"elementor-element elementor-element-7d3ee497 elementor-widget elementor-widget-text-editor\" data-id=\"7d3ee497\" data-element_type=\"widget\" data-e-type=\"widget\" data-widget_type=\"text-editor.default\">\n\t\t\t\t<div class=\"elementor-widget-container\">\n\t\t\t\t\t\t\t\t\t<h2>Spr\u0119\u017carka Powietrza DAF 105 E5<\/h2><hr \/><h3><span style=\"color: #000000;\">Oferujemy Pa\u0144stwu zregenerowan\u0105<\/span><\/h3><h2>SPR\u0118\u017bARKA KMPRESOR POWIETRZA DAF 105 E5 9125180116, 1696197S3 <span style=\"color: #000000;\">najwy\u017cszej jako\u015bci.\u00a0<\/span><\/h2><h3><span style=\"color: #000000;\">Naszym klientom gwarantujemy 100% satysfakcji<\/span><\/h3>\t\t\t\t\t\t\t\t<\/div>\n\t\t\t\t<\/div>\n\t\t\t\t\t<\/div>\n\t\t<\/div>\n\t\t\t\t\t<\/div>\n\t\t<\/section>\n\t\t\t\t<\/div>\n\t\t","protected":false},"excerpt":{"rendered":"<h3>W ofercie sprzeda\u017cy posiadamy Spr\u0119\u017cark\u0119 Powietrza DAF 105 E5 po regeneracji.<\/h3>\n","protected":false},"featured_media":12170,"template":"","meta":[],"product_brand":[],"product_cat":[193,45],"product_tag":[3089,3090,3088,3087,3086,3085,3084,3092,322,3091],"class_list":{"0":"post-12168","1":"product","2":"type-product","3":"status-publish","4":"has-post-thumbnail","6":"product_cat-daf-sprezarki-powietrza","7":"product_cat-sprezarki-powietrza","8":"product_tag-1622355s1","9":"product_tag-1696197s3","10":"product_tag-3088","11":"product_tag-3087","12":"product_tag-3086","13":"product_tag-3085","14":"product_tag-kompresor-powietrza","15":"product_tag-sprezarka-kmpresor-powietrza-daf-105-e5-9125180116","16":"product_tag-sprezarka-powietrza","17":"product_tag-sprezarka-powietrza-daf-105-e5","19":"first","20":"instock","21":"featured","22":"taxable","23":"shipping-taxable","24":"product-type-simple"},"_links":{"self":[{"href":"https:\/\/zaciski-regtruck.pl\/fr\/wp-json\/wp\/v2\/product\/12168","targetHints":{"allow":["GET"]}}],"collection":[{"href":"https:\/\/zaciski-regtruck.pl\/fr\/wp-json\/wp\/v2\/product"}],"about":[{"href":"https:\/\/zaciski-regtruck.pl\/fr\/wp-json\/wp\/v2\/types\/product"}],"version-history":[{"count":5,"href":"https:\/\/zaciski-regtruck.pl\/fr\/wp-json\/wp\/v2\/product\/12168\/revisions"}],"predecessor-version":[{"id":12181,"href":"https:\/\/zaciski-regtruck.pl\/fr\/wp-json\/wp\/v2\/product\/12168\/revisions\/12181"}],"wp:featuredmedia":[{"embeddable":true,"href":"https:\/\/zaciski-regtruck.pl\/fr\/wp-json\/wp\/v2\/media\/12170"}],"wp:attachment":[{"href":"https:\/\/zaciski-regtruck.pl\/fr\/wp-json\/wp\/v2\/media?parent=12168"}],"wp:term":[{"taxonomy":"product_brand","embeddable":true,"href":"https:\/\/zaciski-regtruck.pl\/fr\/wp-json\/wp\/v2\/product_brand?post=12168"},{"taxonomy":"product_cat","embeddable":true,"href":"https:\/\/zaciski-regtruck.pl\/fr\/wp-json\/wp\/v2\/product_cat?post=12168"},{"taxonomy":"product_tag","embeddable":true,"href":"https:\/\/zaciski-regtruck.pl\/fr\/wp-json\/wp\/v2\/product_tag?post=12168"}],"curies":[{"name":"wp","href":"https:\/\/api.w.org\/{rel}","templated":true}]}}