{"id":12195,"date":"2025-05-26T08:21:41","date_gmt":"2025-05-26T06:21:41","guid":{"rendered":"https:\/\/zaciski-regtruck.pl\/?post_type=product&#038;p=12195"},"modified":"2025-05-26T09:06:06","modified_gmt":"2025-05-26T07:06:06","slug":"pompa-adblue-man-tga-tgx-euro-6-81-15403-6139-81154036139","status":"publish","type":"product","link":"https:\/\/zaciski-regtruck.pl\/fr\/produkt\/pompa-adblue-man-tga-tgx-euro-6-81-15403-6139-81154036139\/","title":{"rendered":"Pompa ADblue MAN TGA TGX Euro 6 81.15403-6139, 81154036139"},"content":{"rendered":"\t\t<div data-elementor-type=\"product-post\" data-elementor-id=\"12195\" class=\"elementor elementor-12195\" data-elementor-post-type=\"product\">\n\t\t\t\t\t\t<section data-particle_enable=\"false\" data-particle-mobile-disabled=\"false\" class=\"elementor-section elementor-top-section elementor-element elementor-element-35c913d9 elementor-section-boxed elementor-section-height-default elementor-section-height-default\" data-id=\"35c913d9\" data-element_type=\"section\" data-e-type=\"section\">\n\t\t\t\t\t\t<div class=\"elementor-container elementor-column-gap-default\">\n\t\t\t\t\t<div class=\"elementor-column elementor-col-100 elementor-top-column elementor-element elementor-element-7db474d\" data-id=\"7db474d\" data-element_type=\"column\" data-e-type=\"column\">\n\t\t\t<div class=\"elementor-widget-wrap elementor-element-populated\">\n\t\t\t\t\t\t<div class=\"elementor-element elementor-element-7d3ee497 elementor-widget elementor-widget-text-editor\" data-id=\"7d3ee497\" data-element_type=\"widget\" data-e-type=\"widget\" data-widget_type=\"text-editor.default\">\n\t\t\t\t<div class=\"elementor-widget-container\">\n\t\t\t\t\t\t\t\t\t<h2 style=\"display: var(--page-title-display);\">Pompa Adblue MAN TGA TGX Euro 6 81.15403-6139, 81154036139<\/h2><h2>Oferujemy Pa\u0144stwu Pompe ADBLUE najwy\u017cszej jako\u015bci.<\/h2><h3><span style=\"color: #000000;\">Naszym klientom gwarantujemy 100% satysfakcji<\/span><\/h3>\t\t\t\t\t\t\t\t<\/div>\n\t\t\t\t<\/div>\n\t\t\t\t\t<\/div>\n\t\t<\/div>\n\t\t\t\t\t<\/div>\n\t\t<\/section>\n\t\t\t\t<\/div>\n\t\t","protected":false},"excerpt":{"rendered":"<h3>W ofercie sprzeda\u017cy posiadamy<br \/>\nPompa Adblue MAN TGA TGX Euro 6 po regeneracji.<\/h3>\n","protected":false},"featured_media":12198,"template":"","meta":[],"product_brand":[],"product_cat":[158,41],"product_tag":[1507,1508,3169,3171,3165,3173,3175,3177,3167,3168,3170,3172,3166,3174,3176,3178,338,2232,3179,3180],"class_list":{"0":"post-12195","1":"product","2":"type-product","3":"status-publish","4":"has-post-thumbnail","6":"product_cat-man-pompy-adblue","7":"product_cat-pompy-adblue","8":"product_tag-81-15403-6117","9":"product_tag-81-15403-6118","10":"product_tag-81-15403-6134","11":"product_tag-81-15403-6138","12":"product_tag-81-15403-6139","13":"product_tag-81-15403-6146","14":"product_tag-81-15403-6157","15":"product_tag-81-15403-6165","16":"product_tag-3167","17":"product_tag-3168","18":"product_tag-3170","19":"product_tag-3172","20":"product_tag-3166","21":"product_tag-3174","22":"product_tag-3176","23":"product_tag-3178","24":"product_tag-pompa-adblue","25":"product_tag-pompa-adblue-bosch-man-tgx","26":"product_tag-pompa-adblue-man-tga-tgx-euro-6","27":"product_tag-pompa-adblue-man-tga-tgx-euro-6-81-15403-6139","29":"first","30":"instock","31":"featured","32":"taxable","33":"shipping-taxable","34":"product-type-simple"},"_links":{"self":[{"href":"https:\/\/zaciski-regtruck.pl\/fr\/wp-json\/wp\/v2\/product\/12195","targetHints":{"allow":["GET"]}}],"collection":[{"href":"https:\/\/zaciski-regtruck.pl\/fr\/wp-json\/wp\/v2\/product"}],"about":[{"href":"https:\/\/zaciski-regtruck.pl\/fr\/wp-json\/wp\/v2\/types\/product"}],"version-history":[{"count":6,"href":"https:\/\/zaciski-regtruck.pl\/fr\/wp-json\/wp\/v2\/product\/12195\/revisions"}],"predecessor-version":[{"id":12209,"href":"https:\/\/zaciski-regtruck.pl\/fr\/wp-json\/wp\/v2\/product\/12195\/revisions\/12209"}],"wp:featuredmedia":[{"embeddable":true,"href":"https:\/\/zaciski-regtruck.pl\/fr\/wp-json\/wp\/v2\/media\/12198"}],"wp:attachment":[{"href":"https:\/\/zaciski-regtruck.pl\/fr\/wp-json\/wp\/v2\/media?parent=12195"}],"wp:term":[{"taxonomy":"product_brand","embeddable":true,"href":"https:\/\/zaciski-regtruck.pl\/fr\/wp-json\/wp\/v2\/product_brand?post=12195"},{"taxonomy":"product_cat","embeddable":true,"href":"https:\/\/zaciski-regtruck.pl\/fr\/wp-json\/wp\/v2\/product_cat?post=12195"},{"taxonomy":"product_tag","embeddable":true,"href":"https:\/\/zaciski-regtruck.pl\/fr\/wp-json\/wp\/v2\/product_tag?post=12195"}],"curies":[{"name":"wp","href":"https:\/\/api.w.org\/{rel}","templated":true}]}}