{"id":12231,"date":"2025-05-27T12:03:03","date_gmt":"2025-05-27T10:03:03","guid":{"rendered":"https:\/\/zaciski-regtruck.pl\/?post_type=product&#038;p=12231"},"modified":"2025-06-02T12:31:06","modified_gmt":"2025-06-02T10:31:06","slug":"zawor-bpv-daf-106-przed-lift-1960472-2407539","status":"publish","type":"product","link":"https:\/\/zaciski-regtruck.pl\/fr\/produkt\/zawor-bpv-daf-106-przed-lift-1960472-2407539\/","title":{"rendered":"Zaw\u00f3r BPV Daf 106 przed lift 1960472, 2407539"},"content":{"rendered":"\t\t<div data-elementor-type=\"product-post\" data-elementor-id=\"12231\" class=\"elementor elementor-12231\" data-elementor-post-type=\"product\">\n\t\t\t\t\t\t<section data-particle_enable=\"false\" data-particle-mobile-disabled=\"false\" class=\"elementor-section elementor-top-section elementor-element elementor-element-35c913d9 elementor-section-boxed elementor-section-height-default elementor-section-height-default\" data-id=\"35c913d9\" data-element_type=\"section\" data-e-type=\"section\">\n\t\t\t\t\t\t<div class=\"elementor-container elementor-column-gap-default\">\n\t\t\t\t\t<div class=\"elementor-column elementor-col-100 elementor-top-column elementor-element elementor-element-7db474d\" data-id=\"7db474d\" data-element_type=\"column\" data-e-type=\"column\">\n\t\t\t<div class=\"elementor-widget-wrap elementor-element-populated\">\n\t\t\t\t\t\t<div class=\"elementor-element elementor-element-7d3ee497 elementor-widget elementor-widget-text-editor\" data-id=\"7d3ee497\" data-element_type=\"widget\" data-e-type=\"widget\" data-widget_type=\"text-editor.default\">\n\t\t\t\t<div class=\"elementor-widget-container\">\n\t\t\t\t\t\t\t\t\t<h2>Zaw\u00f3r BPV Daf 106 przed lift\u00a0<\/h2><hr \/><h3><span style=\"color: #000000;\">Oferujemy Pa\u0144stwu zregenerowany<\/span><\/h3><h2><span style=\"color: #000000;\">Zaw\u00f3r BPV Daf 106 przed lift 1960472, 2407539 najwy\u017cszej jako\u015bci.\u00a0<\/span><\/h2><h3><span style=\"color: #000000;\">Naszym klientom gwarantujemy 100% satysfakcji<\/span><\/h3>\t\t\t\t\t\t\t\t<\/div>\n\t\t\t\t<\/div>\n\t\t\t\t\t<\/div>\n\t\t<\/div>\n\t\t\t\t\t<\/div>\n\t\t<\/section>\n\t\t\t\t<\/div>\n\t\t","protected":false},"excerpt":{"rendered":"<h3>W ofercie sprzeda\u017cy posiadamy Zaw\u00f3r BPV Daf 106 przed lift po regeneracji.<\/h3>\n","protected":false},"featured_media":12232,"template":"","meta":[],"product_brand":[],"product_cat":[3181],"product_tag":[3188,3205,3207,3206,3203,3208,3204,3201,3202,3199,3209,3211,3210,3212,3197,3200],"class_list":{"0":"post-12231","1":"product","2":"type-product","3":"status-publish","4":"has-post-thumbnail","6":"product_cat-zawory-bpv","7":"product_tag-3188","8":"product_tag-2137201-daf","9":"product_tag-3207","10":"product_tag-2184198r-daf","11":"product_tag-3203","12":"product_tag-2267059r-daf","13":"product_tag-2267059rn","14":"product_tag-3201","15":"product_tag-2407539rn","16":"product_tag-daf-106-przed-lift","17":"product_tag-daf2137201-daf","18":"product_tag-omp405-185","19":"product_tag-omp405-570","20":"product_tag-rtbpv1960472r","21":"product_tag-zawor-bpv","22":"product_tag-zawor-bpv-daf-106-przed-lift-1960472","24":"first","25":"instock","26":"featured","27":"taxable","28":"shipping-taxable","29":"product-type-simple"},"_links":{"self":[{"href":"https:\/\/zaciski-regtruck.pl\/fr\/wp-json\/wp\/v2\/product\/12231","targetHints":{"allow":["GET"]}}],"collection":[{"href":"https:\/\/zaciski-regtruck.pl\/fr\/wp-json\/wp\/v2\/product"}],"about":[{"href":"https:\/\/zaciski-regtruck.pl\/fr\/wp-json\/wp\/v2\/types\/product"}],"version-history":[{"count":5,"href":"https:\/\/zaciski-regtruck.pl\/fr\/wp-json\/wp\/v2\/product\/12231\/revisions"}],"predecessor-version":[{"id":12238,"href":"https:\/\/zaciski-regtruck.pl\/fr\/wp-json\/wp\/v2\/product\/12231\/revisions\/12238"}],"wp:featuredmedia":[{"embeddable":true,"href":"https:\/\/zaciski-regtruck.pl\/fr\/wp-json\/wp\/v2\/media\/12232"}],"wp:attachment":[{"href":"https:\/\/zaciski-regtruck.pl\/fr\/wp-json\/wp\/v2\/media?parent=12231"}],"wp:term":[{"taxonomy":"product_brand","embeddable":true,"href":"https:\/\/zaciski-regtruck.pl\/fr\/wp-json\/wp\/v2\/product_brand?post=12231"},{"taxonomy":"product_cat","embeddable":true,"href":"https:\/\/zaciski-regtruck.pl\/fr\/wp-json\/wp\/v2\/product_cat?post=12231"},{"taxonomy":"product_tag","embeddable":true,"href":"https:\/\/zaciski-regtruck.pl\/fr\/wp-json\/wp\/v2\/product_tag?post=12231"}],"curies":[{"name":"wp","href":"https:\/\/api.w.org\/{rel}","templated":true}]}}