{"id":12407,"date":"2025-06-06T12:12:35","date_gmt":"2025-06-06T10:12:35","guid":{"rendered":"https:\/\/zaciski-regtruck.pl\/?post_type=product&#038;p=12407"},"modified":"2025-06-06T12:41:49","modified_gmt":"2025-06-06T10:41:49","slug":"sprezarka-kompresor-klimatyzacji-man-tga-tgx-tgs-51-77970-7028-1986ad1074","status":"publish","type":"product","link":"https:\/\/zaciski-regtruck.pl\/fr\/produkt\/sprezarka-kompresor-klimatyzacji-man-tga-tgx-tgs-51-77970-7028-1986ad1074\/","title":{"rendered":"SPR\u0118\u017bARKA KOMPRESOR KLIMATYZACJI MAN TGA TGX TGS 51.77970-7028, 1986AD1074"},"content":{"rendered":"\t\t<div data-elementor-type=\"product-post\" data-elementor-id=\"12407\" class=\"elementor elementor-12407\" data-elementor-post-type=\"product\">\n\t\t\t\t\t\t<section data-particle_enable=\"false\" data-particle-mobile-disabled=\"false\" class=\"elementor-section elementor-top-section elementor-element elementor-element-35c913d9 elementor-section-boxed elementor-section-height-default elementor-section-height-default\" data-id=\"35c913d9\" data-element_type=\"section\" data-e-type=\"section\">\n\t\t\t\t\t\t<div class=\"elementor-container elementor-column-gap-default\">\n\t\t\t\t\t<div class=\"elementor-column elementor-col-100 elementor-top-column elementor-element elementor-element-7db474d\" data-id=\"7db474d\" data-element_type=\"column\" data-e-type=\"column\">\n\t\t\t<div class=\"elementor-widget-wrap elementor-element-populated\">\n\t\t\t\t\t\t<div class=\"elementor-element elementor-element-7d3ee497 elementor-widget elementor-widget-text-editor\" data-id=\"7d3ee497\" data-element_type=\"widget\" data-e-type=\"widget\" data-widget_type=\"text-editor.default\">\n\t\t\t\t<div class=\"elementor-widget-container\">\n\t\t\t\t\t\t\t\t\t<h2>SPR\u0118\u017bARKA KOMPRESOR KLIMATYZACJI MAN TGA TGX TGS\u00a0<\/h2><hr \/><h3><span style=\"color: #000000;\">Oferujemy Pa\u0144stwu zregenerowan\u0105<\/span><\/h3><h2><span style=\"color: #000000;\">SPR\u0118\u017bARK\u0118 KOMPRESORA KLIMATYZACJI MAN TGA TGX TGS 51.77970-7028, 1986AD1074 najwy\u017cszej jako\u015bci.\u00a0<\/span><\/h2><h3><span style=\"color: #000000;\">Naszym klientom gwarantujemy 100% satysfakcji<\/span><\/h3>\t\t\t\t\t\t\t\t<\/div>\n\t\t\t\t<\/div>\n\t\t\t\t\t<\/div>\n\t\t<\/div>\n\t\t\t\t\t<\/div>\n\t\t<\/section>\n\t\t\t\t<\/div>\n\t\t","protected":false},"excerpt":{"rendered":"<h3>W ofercie sprzeda\u017cy posiadamy SPR\u0118\u017bARKA KOMPRESOR KLIMATYZACJI MAN TGA TGX TGS po regeneracji.<\/h3>\n","protected":false},"featured_media":12410,"template":"","meta":[],"product_brand":[],"product_cat":[2768,1788,1918],"product_tag":[3350,3351,3352,3353,3354,3355,3356,3357,3347,3358,3359,3360,3361,3362,3363,3364,3365,3366,3367,3368,3369,3370,3371,3372,3373,3374,3375,3349,3376,3377,3378,3348,3346,3379],"class_list":{"0":"post-12407","1":"product","2":"type-product","3":"status-publish","4":"has-post-thumbnail","6":"product_cat-inne","7":"product_cat-czesci-silnika","8":"product_cat-pompy-plynow-chlodniczych","9":"product_tag-01-07-ma-418-dt","10":"product_tag-01-07-ma-468-nis","11":"product_tag-01-07-ma-486-nrf","12":"product_tag-01-07-ma-503-ht","13":"product_tag-01-07-ma-566-tit","14":"product_tag-01-07-ma-605-the","15":"product_tag-01-07-ma-606-mah","16":"product_tag-01-07-ma-688-poz","17":"product_tag-1986ad1074","18":"product_tag-3-82241","19":"product_tag-3359","20":"product_tag-3360","21":"product_tag-45031003hw","22":"product_tag-3362","23":"product_tag-81-61906-6012","24":"product_tag-3364","25":"product_tag-850671n","26":"product_tag-3366","27":"product_tag-8fk351-135-141","28":"product_tag-8fk351135141","29":"product_tag-8fk351135641","30":"product_tag-90-07-ma-043-hel","31":"product_tag-92-0508","32":"product_tag-3372","33":"product_tag-acp111000s","34":"product_tag-acp459","35":"product_tag-jsd06-15086","36":"product_tag-kompresor-klimatyzacji-man","37":"product_tag-ktt090001","38":"product_tag-mnak048","39":"product_tag-nrf32706","40":"product_tag-sprezarka-kompresor-klimatyzacji-man-tga-tgx-tgs","41":"product_tag-sprezarka-kompresor-klimatyzacji-man-tga-tgx-tgs-51-77970-7028","42":"product_tag-tsp0155813","44":"first","45":"instock","46":"featured","47":"taxable","48":"shipping-taxable","49":"product-type-simple"},"_links":{"self":[{"href":"https:\/\/zaciski-regtruck.pl\/fr\/wp-json\/wp\/v2\/product\/12407","targetHints":{"allow":["GET"]}}],"collection":[{"href":"https:\/\/zaciski-regtruck.pl\/fr\/wp-json\/wp\/v2\/product"}],"about":[{"href":"https:\/\/zaciski-regtruck.pl\/fr\/wp-json\/wp\/v2\/types\/product"}],"version-history":[{"count":6,"href":"https:\/\/zaciski-regtruck.pl\/fr\/wp-json\/wp\/v2\/product\/12407\/revisions"}],"predecessor-version":[{"id":12420,"href":"https:\/\/zaciski-regtruck.pl\/fr\/wp-json\/wp\/v2\/product\/12407\/revisions\/12420"}],"wp:featuredmedia":[{"embeddable":true,"href":"https:\/\/zaciski-regtruck.pl\/fr\/wp-json\/wp\/v2\/media\/12410"}],"wp:attachment":[{"href":"https:\/\/zaciski-regtruck.pl\/fr\/wp-json\/wp\/v2\/media?parent=12407"}],"wp:term":[{"taxonomy":"product_brand","embeddable":true,"href":"https:\/\/zaciski-regtruck.pl\/fr\/wp-json\/wp\/v2\/product_brand?post=12407"},{"taxonomy":"product_cat","embeddable":true,"href":"https:\/\/zaciski-regtruck.pl\/fr\/wp-json\/wp\/v2\/product_cat?post=12407"},{"taxonomy":"product_tag","embeddable":true,"href":"https:\/\/zaciski-regtruck.pl\/fr\/wp-json\/wp\/v2\/product_tag?post=12407"}],"curies":[{"name":"wp","href":"https:\/\/api.w.org\/{rel}","templated":true}]}}