{"id":12475,"date":"2025-06-26T14:45:19","date_gmt":"2025-06-26T12:45:19","guid":{"rendered":"https:\/\/zaciski-regtruck.pl\/?post_type=product&#038;p=12475"},"modified":"2025-06-26T14:54:25","modified_gmt":"2025-06-26T12:54:25","slug":"turbosprezarka-daf-106-xf-mx13-he500vg-2403671-5356675","status":"publish","type":"product","link":"https:\/\/zaciski-regtruck.pl\/fr\/produkt\/turbosprezarka-daf-106-xf-mx13-he500vg-2403671-5356675\/","title":{"rendered":"Turbospr\u0119\u017carka DAF 106 XF MX13 HE500VG 2403671, 5356675"},"content":{"rendered":"\t\t<div data-elementor-type=\"product-post\" data-elementor-id=\"12475\" class=\"elementor elementor-12475\" data-elementor-post-type=\"product\">\n\t\t\t\t\t\t<section data-particle_enable=\"false\" data-particle-mobile-disabled=\"false\" class=\"elementor-section elementor-top-section elementor-element elementor-element-35c913d9 elementor-section-boxed elementor-section-height-default elementor-section-height-default\" data-id=\"35c913d9\" data-element_type=\"section\" data-e-type=\"section\">\n\t\t\t\t\t\t<div class=\"elementor-container elementor-column-gap-default\">\n\t\t\t\t\t<div class=\"elementor-column elementor-col-100 elementor-top-column elementor-element elementor-element-7db474d\" data-id=\"7db474d\" data-element_type=\"column\" data-e-type=\"column\">\n\t\t\t<div class=\"elementor-widget-wrap elementor-element-populated\">\n\t\t\t\t\t\t<div class=\"elementor-element elementor-element-7d3ee497 elementor-widget elementor-widget-text-editor\" data-id=\"7d3ee497\" data-element_type=\"widget\" data-e-type=\"widget\" data-widget_type=\"text-editor.default\">\n\t\t\t\t<div class=\"elementor-widget-container\">\n\t\t\t\t\t\t\t\t\t<h2>Turbospr\u0119\u017carka DAF 106 XF MX13 HE500VG 2403671, 5356675<\/h2><div>\u00a0<\/div><hr \/><h3><span style=\"color: #000000;\">Oferujemy Pa\u0144stwu zregenerowan\u0105 turbospr\u0119\u017cark\u0119 <\/span><span style=\"color: #000000;\">Holset DAF 106 XF MX13 530km <\/span>najwy\u017cszej jako\u015bci.<\/h3><h3><span style=\"color: #000000;\">Gwarancja 24 miesi\u0105ce<\/span><\/h3>\t\t\t\t\t\t\t\t<\/div>\n\t\t\t\t<\/div>\n\t\t\t\t\t<\/div>\n\t\t<\/div>\n\t\t\t\t\t<\/div>\n\t\t<\/section>\n\t\t\t\t<\/div>\n\t\t","protected":false},"excerpt":{"rendered":"<h3>W ofercie sprzeda\u017cy posiadamy Turbospr\u0119\u017carka DAF 106 XF MX13 530km .<\/h3>\n<h3><\/h3>\n","protected":false},"featured_media":12476,"template":"","meta":[],"product_brand":[],"product_cat":[163,42],"product_tag":[3652,3653,3654,3651,3649,3650,3648,252,3656,3658,3655,3647],"class_list":{"0":"post-12475","1":"product","2":"type-product","3":"status-publish","4":"has-post-thumbnail","6":"product_cat-daf-regeneracja-turbosprezarek","7":"product_cat-regeneracja-turbosprezarek","8":"product_tag-3652","9":"product_tag-3653","10":"product_tag-3654","11":"product_tag-3651","12":"product_tag-3649","13":"product_tag-2403671rn","14":"product_tag-3648","15":"product_tag-regeneracja-turbosprezarek","16":"product_tag-turbosprezarka-daf-106-xf-mx13","17":"product_tag-turbosprezarka-daf-106-xf-mx13-530km","18":"product_tag-turbosprezarka-daf-106-xf-mx13-he500vg","19":"product_tag-turbosprezarka-daf-106-xf-mx13-he500vg-2403671","21":"first","22":"instock","23":"featured","24":"taxable","25":"shipping-taxable","26":"product-type-simple"},"_links":{"self":[{"href":"https:\/\/zaciski-regtruck.pl\/fr\/wp-json\/wp\/v2\/product\/12475","targetHints":{"allow":["GET"]}}],"collection":[{"href":"https:\/\/zaciski-regtruck.pl\/fr\/wp-json\/wp\/v2\/product"}],"about":[{"href":"https:\/\/zaciski-regtruck.pl\/fr\/wp-json\/wp\/v2\/types\/product"}],"version-history":[{"count":5,"href":"https:\/\/zaciski-regtruck.pl\/fr\/wp-json\/wp\/v2\/product\/12475\/revisions"}],"predecessor-version":[{"id":12484,"href":"https:\/\/zaciski-regtruck.pl\/fr\/wp-json\/wp\/v2\/product\/12475\/revisions\/12484"}],"wp:featuredmedia":[{"embeddable":true,"href":"https:\/\/zaciski-regtruck.pl\/fr\/wp-json\/wp\/v2\/media\/12476"}],"wp:attachment":[{"href":"https:\/\/zaciski-regtruck.pl\/fr\/wp-json\/wp\/v2\/media?parent=12475"}],"wp:term":[{"taxonomy":"product_brand","embeddable":true,"href":"https:\/\/zaciski-regtruck.pl\/fr\/wp-json\/wp\/v2\/product_brand?post=12475"},{"taxonomy":"product_cat","embeddable":true,"href":"https:\/\/zaciski-regtruck.pl\/fr\/wp-json\/wp\/v2\/product_cat?post=12475"},{"taxonomy":"product_tag","embeddable":true,"href":"https:\/\/zaciski-regtruck.pl\/fr\/wp-json\/wp\/v2\/product_tag?post=12475"}],"curies":[{"name":"wp","href":"https:\/\/api.w.org\/{rel}","templated":true}]}}