{"id":12546,"date":"2025-07-04T13:22:05","date_gmt":"2025-07-04T11:22:05","guid":{"rendered":"https:\/\/zaciski-regtruck.pl\/?post_type=product&#038;p=12546"},"modified":"2025-07-04T13:24:13","modified_gmt":"2025-07-04T11:24:13","slug":"zawor-glowny-hamulca-ebs-man-4800200030-4800200040","status":"publish","type":"product","link":"https:\/\/zaciski-regtruck.pl\/fr\/produkt\/zawor-glowny-hamulca-ebs-man-4800200030-4800200040\/","title":{"rendered":"Zaw\u00f3r G\u0142\u00f3wny Hamulca EBS\u00a0MAN 4800200030, 4800200040"},"content":{"rendered":"\t\t<div data-elementor-type=\"product-post\" data-elementor-id=\"12546\" class=\"elementor elementor-12546\" data-elementor-post-type=\"product\">\n\t\t\t\t\t\t<section data-particle_enable=\"false\" data-particle-mobile-disabled=\"false\" class=\"elementor-section elementor-top-section elementor-element elementor-element-35c913d9 elementor-section-boxed elementor-section-height-default elementor-section-height-default\" data-id=\"35c913d9\" data-element_type=\"section\" data-e-type=\"section\">\n\t\t\t\t\t\t<div class=\"elementor-container elementor-column-gap-default\">\n\t\t\t\t\t<div class=\"elementor-column elementor-col-100 elementor-top-column elementor-element elementor-element-7db474d\" data-id=\"7db474d\" data-element_type=\"column\" data-e-type=\"column\">\n\t\t\t<div class=\"elementor-widget-wrap elementor-element-populated\">\n\t\t\t\t\t\t<div class=\"elementor-element elementor-element-7d3ee497 elementor-widget elementor-widget-text-editor\" data-id=\"7d3ee497\" data-element_type=\"widget\" data-e-type=\"widget\" data-widget_type=\"text-editor.default\">\n\t\t\t\t<div class=\"elementor-widget-container\">\n\t\t\t\t\t\t\t\t\t<h2>Zaw\u00f3r G\u0142\u00f3wny Hamulca EBS MAN 4800200030, 4800200040<\/h2><h2>Oferujemy Pa\u0144stwu zregenerowany<\/h2><h2>Zaw\u00f3r G\u0142\u00f3wny Hamulca EBS\u00a0MAN<\/h2><h2 class=\"product_title entry-title elementor-heading-title elementor-size-default\">najwy\u017cszej jako\u015bci.<\/h2><h3><span style=\"color: #000000;\">Naszym klientom gwarantujemy 100% satysfakcji<\/span><\/h3>\t\t\t\t\t\t\t\t<\/div>\n\t\t\t\t<\/div>\n\t\t\t\t\t<\/div>\n\t\t<\/div>\n\t\t\t\t\t<\/div>\n\t\t<\/section>\n\t\t\t\t<\/div>\n\t\t","protected":false},"excerpt":{"rendered":"<h3>W ofercie sprzeda\u017cy posiadamy Zaw\u00f3r G\u0142\u00f3wny Hamulca EBS\u00a0MAN.<\/h3>\n","protected":false},"featured_media":12529,"template":"","meta":[],"product_brand":[],"product_cat":[177,180,3181],"product_tag":[3800,3784,3787,3786,3785,3799,3797,3796,3791,3792,3790,3798,3788,3782,3794,3795,3793,3789,3801,3783,3808,3781],"class_list":{"0":"post-12546","1":"product","2":"type-product","3":"status-publish","4":"has-post-thumbnail","6":"product_cat-modulatory-ebs","7":"product_cat-zawory","8":"product_cat-zawory-bpv","9":"product_tag-3800","10":"product_tag-3784","11":"product_tag-3787","12":"product_tag-3786","13":"product_tag-3785","14":"product_tag-81-52130-6285","15":"product_tag-81-52130-6286","16":"product_tag-81-52130-6288","17":"product_tag-81-52130-6292","18":"product_tag-81-52130-6300","19":"product_tag-81-52130-6304","20":"product_tag-3798","21":"product_tag-3788","22":"product_tag-3782","23":"product_tag-3794","24":"product_tag-3795","25":"product_tag-3793","26":"product_tag-3789","27":"product_tag-regeneracja-zaworow-ebs","28":"product_tag-zawor-glowny-hamulca-ebs-man","29":"product_tag-zawor-glowny-hamulca-ebs-man-4800200030","30":"product_tag-zawor-glowny-hamulca-ebs-man-4800200200","32":"first","33":"instock","34":"featured","35":"taxable","36":"shipping-taxable","37":"product-type-simple"},"_links":{"self":[{"href":"https:\/\/zaciski-regtruck.pl\/fr\/wp-json\/wp\/v2\/product\/12546","targetHints":{"allow":["GET"]}}],"collection":[{"href":"https:\/\/zaciski-regtruck.pl\/fr\/wp-json\/wp\/v2\/product"}],"about":[{"href":"https:\/\/zaciski-regtruck.pl\/fr\/wp-json\/wp\/v2\/types\/product"}],"version-history":[{"count":6,"href":"https:\/\/zaciski-regtruck.pl\/fr\/wp-json\/wp\/v2\/product\/12546\/revisions"}],"predecessor-version":[{"id":12552,"href":"https:\/\/zaciski-regtruck.pl\/fr\/wp-json\/wp\/v2\/product\/12546\/revisions\/12552"}],"wp:featuredmedia":[{"embeddable":true,"href":"https:\/\/zaciski-regtruck.pl\/fr\/wp-json\/wp\/v2\/media\/12529"}],"wp:attachment":[{"href":"https:\/\/zaciski-regtruck.pl\/fr\/wp-json\/wp\/v2\/media?parent=12546"}],"wp:term":[{"taxonomy":"product_brand","embeddable":true,"href":"https:\/\/zaciski-regtruck.pl\/fr\/wp-json\/wp\/v2\/product_brand?post=12546"},{"taxonomy":"product_cat","embeddable":true,"href":"https:\/\/zaciski-regtruck.pl\/fr\/wp-json\/wp\/v2\/product_cat?post=12546"},{"taxonomy":"product_tag","embeddable":true,"href":"https:\/\/zaciski-regtruck.pl\/fr\/wp-json\/wp\/v2\/product_tag?post=12546"}],"curies":[{"name":"wp","href":"https:\/\/api.w.org\/{rel}","templated":true}]}}