{"id":12574,"date":"2025-07-10T09:46:39","date_gmt":"2025-07-10T07:46:39","guid":{"rendered":"https:\/\/zaciski-regtruck.pl\/?post_type=product&#038;p=12574"},"modified":"2025-07-10T12:55:33","modified_gmt":"2025-07-10T10:55:33","slug":"zawor-bpv-daf-mx11-solaris-2128865-2123992","status":"publish","type":"product","link":"https:\/\/zaciski-regtruck.pl\/fr\/produkt\/zawor-bpv-daf-mx11-solaris-2128865-2123992\/","title":{"rendered":"Zaw\u00f3r BPV DAF MX11 Solaris 2128865, 2123992"},"content":{"rendered":"\t\t<div data-elementor-type=\"product-post\" data-elementor-id=\"12574\" class=\"elementor elementor-12574\" data-elementor-post-type=\"product\">\n\t\t\t\t\t\t<section data-particle_enable=\"false\" data-particle-mobile-disabled=\"false\" class=\"elementor-section elementor-top-section elementor-element elementor-element-35c913d9 elementor-section-boxed elementor-section-height-default elementor-section-height-default\" data-id=\"35c913d9\" data-element_type=\"section\" data-e-type=\"section\">\n\t\t\t\t\t\t<div class=\"elementor-container elementor-column-gap-default\">\n\t\t\t\t\t<div class=\"elementor-column elementor-col-100 elementor-top-column elementor-element elementor-element-7db474d\" data-id=\"7db474d\" data-element_type=\"column\" data-e-type=\"column\">\n\t\t\t<div class=\"elementor-widget-wrap elementor-element-populated\">\n\t\t\t\t\t\t<div class=\"elementor-element elementor-element-7d3ee497 elementor-widget elementor-widget-text-editor\" data-id=\"7d3ee497\" data-element_type=\"widget\" data-e-type=\"widget\" data-widget_type=\"text-editor.default\">\n\t\t\t\t<div class=\"elementor-widget-container\">\n\t\t\t\t\t\t\t\t\t<h2>Zaw\u00f3r BPV DAF MX11 Solaris\u00a0<\/h2><hr \/><h3><span style=\"color: #000000;\">Oferujemy Pa\u0144stwu zregenerowany<\/span><\/h3><h2><span style=\"color: #000000;\">Zaw\u00f3r EGR DAF MX11 BPV 2128865 do ci\u0119\u017car\u00f3wki Paccar,\u00a0 Solaris, Irizar, Autosan<\/span><span style=\"color: #000000;\"><br \/>najwy\u017cszej jako\u015bci.\u00a0<\/span><\/h2><h3><span style=\"color: #000000;\">Naszym klientom gwarantujemy 100% satysfakcji<\/span><\/h3>\t\t\t\t\t\t\t\t<\/div>\n\t\t\t\t<\/div>\n\t\t\t\t\t<\/div>\n\t\t<\/div>\n\t\t\t\t\t<\/div>\n\t\t<\/section>\n\t\t\t\t<\/div>\n\t\t","protected":false},"excerpt":{"rendered":"<h3>W ofercie sprzeda\u017cy posiadamy Zaw\u00f3r BPV DAF MX11 106 po regeneracji.<\/h3>\n","protected":false},"featured_media":12577,"template":"","meta":[],"product_brand":[],"product_cat":[3181],"product_tag":[3815,3817,3820,3819,3818,2303,3816,3814],"class_list":{"0":"post-12574","1":"product","2":"type-product","3":"status-publish","4":"has-post-thumbnail","6":"product_cat-zawory-bpv","7":"product_tag-3815","8":"product_tag-3817","9":"product_tag-autosan","10":"product_tag-irizar","11":"product_tag-paccar","12":"product_tag-solaris","13":"product_tag-zawor-bpv-daf-mx11","14":"product_tag-zawor-bpv-daf-mx11-solaris-2128865","16":"first","17":"instock","18":"featured","19":"taxable","20":"shipping-taxable","21":"product-type-simple"},"_links":{"self":[{"href":"https:\/\/zaciski-regtruck.pl\/fr\/wp-json\/wp\/v2\/product\/12574","targetHints":{"allow":["GET"]}}],"collection":[{"href":"https:\/\/zaciski-regtruck.pl\/fr\/wp-json\/wp\/v2\/product"}],"about":[{"href":"https:\/\/zaciski-regtruck.pl\/fr\/wp-json\/wp\/v2\/types\/product"}],"version-history":[{"count":12,"href":"https:\/\/zaciski-regtruck.pl\/fr\/wp-json\/wp\/v2\/product\/12574\/revisions"}],"predecessor-version":[{"id":12589,"href":"https:\/\/zaciski-regtruck.pl\/fr\/wp-json\/wp\/v2\/product\/12574\/revisions\/12589"}],"wp:featuredmedia":[{"embeddable":true,"href":"https:\/\/zaciski-regtruck.pl\/fr\/wp-json\/wp\/v2\/media\/12577"}],"wp:attachment":[{"href":"https:\/\/zaciski-regtruck.pl\/fr\/wp-json\/wp\/v2\/media?parent=12574"}],"wp:term":[{"taxonomy":"product_brand","embeddable":true,"href":"https:\/\/zaciski-regtruck.pl\/fr\/wp-json\/wp\/v2\/product_brand?post=12574"},{"taxonomy":"product_cat","embeddable":true,"href":"https:\/\/zaciski-regtruck.pl\/fr\/wp-json\/wp\/v2\/product_cat?post=12574"},{"taxonomy":"product_tag","embeddable":true,"href":"https:\/\/zaciski-regtruck.pl\/fr\/wp-json\/wp\/v2\/product_tag?post=12574"}],"curies":[{"name":"wp","href":"https:\/\/api.w.org\/{rel}","templated":true}]}}