{"id":12631,"date":"2025-07-22T07:37:24","date_gmt":"2025-07-22T05:37:24","guid":{"rendered":"https:\/\/zaciski-regtruck.pl\/?post_type=product&#038;p=12631"},"modified":"2025-07-25T11:14:20","modified_gmt":"2025-07-25T09:14:20","slug":"przekladnia-kierownicza-daf-xf-cf-106-trw-1846036-jrb5538","status":"publish","type":"product","link":"https:\/\/zaciski-regtruck.pl\/fr\/produkt\/przekladnia-kierownicza-daf-xf-cf-106-trw-1846036-jrb5538\/","title":{"rendered":"Przek\u0142adnia Kierownicza DAF XF CF 106 TRW 1846036, JRB5538"},"content":{"rendered":"\t\t<div data-elementor-type=\"product-post\" data-elementor-id=\"12631\" class=\"elementor elementor-12631\" data-elementor-post-type=\"product\">\n\t\t\t\t\t\t<section data-particle_enable=\"false\" data-particle-mobile-disabled=\"false\" class=\"elementor-section elementor-top-section elementor-element elementor-element-35c913d9 elementor-section-boxed elementor-section-height-default elementor-section-height-default\" data-id=\"35c913d9\" data-element_type=\"section\" data-e-type=\"section\">\n\t\t\t\t\t\t<div class=\"elementor-container elementor-column-gap-default\">\n\t\t\t\t\t<div class=\"elementor-column elementor-col-100 elementor-top-column elementor-element elementor-element-7db474d\" data-id=\"7db474d\" data-element_type=\"column\" data-e-type=\"column\">\n\t\t\t<div class=\"elementor-widget-wrap elementor-element-populated\">\n\t\t\t\t\t\t<div class=\"elementor-element elementor-element-7d3ee497 elementor-widget elementor-widget-text-editor\" data-id=\"7d3ee497\" data-element_type=\"widget\" data-e-type=\"widget\" data-widget_type=\"text-editor.default\">\n\t\t\t\t<div class=\"elementor-widget-container\">\n\t\t\t\t\t\t\t\t\t<h2>Przek\u0142adnia Kierownicza DAF XF CF 106 TRW 1846036, JRB5538<\/h2><hr \/><h3><span style=\"color: #000000;\">Oferujemy Pa\u0144stwu zregenerowan\u0105<\/span><\/h3><h3>Przek\u0142adnie Kierownicz\u0105\u00a0DAF XF\/CF 106 TRW, 2 o\u015bka i 3 o\u015bka, THP90, 175 bar\u00f3w, obroty 5,5 (g\u0142owiczka na wprost, z wypustkami na zbiornik)<span style=\"color: #000000; font-family: inherit; font-size: 1.75rem;\">najwy\u017cszej jako\u015bci.\u00a0<\/span><\/h3><h3><span style=\"color: #000000;\">Naszym klientom gwarantujemy 100% satysfakcji<\/span><span style=\"color: #000000;\">Przek\u0142adnia Kierownicza DAF XF CF 106 TRW 1846036, JRB5538<\/span><\/h3>\t\t\t\t\t\t\t\t<\/div>\n\t\t\t\t<\/div>\n\t\t\t\t\t<\/div>\n\t\t<\/div>\n\t\t\t\t\t<\/div>\n\t\t<\/section>\n\t\t\t\t<\/div>\n\t\t","protected":false},"excerpt":{"rendered":"<h3>W ofercie sprzeda\u017cy posiadamy Przek\u0142adnie Kierownicz\u0105 DAF XF\/CF 106 TRW 1846036, JRB5538.<\/h3>\n","protected":false},"featured_media":12636,"template":"","meta":[],"product_brand":[],"product_cat":[149,40],"product_tag":[3891,3892,3893,3894,3895,3887,3889,285,3886,3890],"class_list":{"0":"post-12631","1":"product","2":"type-product","3":"status-publish","4":"has-post-thumbnail","6":"product_cat-daf-przekladnie-kierownicze","7":"product_cat-przekladnie-kierownicze","8":"product_tag-3891","9":"product_tag-3892","10":"product_tag-3893","11":"product_tag-3894","12":"product_tag-3895","13":"product_tag-jrb5538","14":"product_tag-pk1846036r","15":"product_tag-przekladnia-kierownicza","16":"product_tag-przekladnia-kierownicza-daf-xf-cf-106-trw-1846036","17":"product_tag-thp90612","19":"first","20":"instock","21":"featured","22":"taxable","23":"shipping-taxable","24":"product-type-simple"},"_links":{"self":[{"href":"https:\/\/zaciski-regtruck.pl\/fr\/wp-json\/wp\/v2\/product\/12631","targetHints":{"allow":["GET"]}}],"collection":[{"href":"https:\/\/zaciski-regtruck.pl\/fr\/wp-json\/wp\/v2\/product"}],"about":[{"href":"https:\/\/zaciski-regtruck.pl\/fr\/wp-json\/wp\/v2\/types\/product"}],"version-history":[{"count":6,"href":"https:\/\/zaciski-regtruck.pl\/fr\/wp-json\/wp\/v2\/product\/12631\/revisions"}],"predecessor-version":[{"id":12644,"href":"https:\/\/zaciski-regtruck.pl\/fr\/wp-json\/wp\/v2\/product\/12631\/revisions\/12644"}],"wp:featuredmedia":[{"embeddable":true,"href":"https:\/\/zaciski-regtruck.pl\/fr\/wp-json\/wp\/v2\/media\/12636"}],"wp:attachment":[{"href":"https:\/\/zaciski-regtruck.pl\/fr\/wp-json\/wp\/v2\/media?parent=12631"}],"wp:term":[{"taxonomy":"product_brand","embeddable":true,"href":"https:\/\/zaciski-regtruck.pl\/fr\/wp-json\/wp\/v2\/product_brand?post=12631"},{"taxonomy":"product_cat","embeddable":true,"href":"https:\/\/zaciski-regtruck.pl\/fr\/wp-json\/wp\/v2\/product_cat?post=12631"},{"taxonomy":"product_tag","embeddable":true,"href":"https:\/\/zaciski-regtruck.pl\/fr\/wp-json\/wp\/v2\/product_tag?post=12631"}],"curies":[{"name":"wp","href":"https:\/\/api.w.org\/{rel}","templated":true}]}}