{"id":12647,"date":"2025-07-25T11:52:33","date_gmt":"2025-07-25T09:52:33","guid":{"rendered":"https:\/\/zaciski-regtruck.pl\/?post_type=product&#038;p=12647"},"modified":"2025-07-25T12:52:47","modified_gmt":"2025-07-25T10:52:47","slug":"wysprzeglik-silownik-sprzegla-daf-iveco-man-zf-k013727-k015874","status":"publish","type":"product","link":"https:\/\/zaciski-regtruck.pl\/fr\/produkt\/wysprzeglik-silownik-sprzegla-daf-iveco-man-zf-k013727-k015874\/","title":{"rendered":"WYSPRZ\u0118GLIK SI\u0141OWNIK SPRZ\u0118G\u0141A DAF IVECO MAN ZF K013727, K015874"},"content":{"rendered":"\t\t<div data-elementor-type=\"product-post\" data-elementor-id=\"12647\" class=\"elementor elementor-12647\" data-elementor-post-type=\"product\">\n\t\t\t\t\t\t<section data-particle_enable=\"false\" data-particle-mobile-disabled=\"false\" class=\"elementor-section elementor-top-section elementor-element elementor-element-35c913d9 elementor-section-boxed elementor-section-height-default elementor-section-height-default\" data-id=\"35c913d9\" data-element_type=\"section\" data-e-type=\"section\">\n\t\t\t\t\t\t<div class=\"elementor-container elementor-column-gap-default\">\n\t\t\t\t\t<div class=\"elementor-column elementor-col-100 elementor-top-column elementor-element elementor-element-7db474d\" data-id=\"7db474d\" data-element_type=\"column\" data-e-type=\"column\">\n\t\t\t<div class=\"elementor-widget-wrap elementor-element-populated\">\n\t\t\t\t\t\t<div class=\"elementor-element elementor-element-7d3ee497 elementor-widget__width-initial elementor-widget elementor-widget-text-editor\" data-id=\"7d3ee497\" data-element_type=\"widget\" data-e-type=\"widget\" data-widget_type=\"text-editor.default\">\n\t\t\t\t<div class=\"elementor-widget-container\">\n\t\t\t\t\t\t\t\t\t<h2>WYSPRZ\u0118GLIK SI\u0141OWNIK SPRZ\u0118G\u0141A DAF IVECO MAN ZF K013727, K015874<\/h2><hr \/><h3><span style=\"color: #000000;\">Oferujemy Pa\u0144stwu zregenerowany<\/span><\/h3><h2>SI\u0141OWNIK SPRZ\u0118G\u0141A Knorr-Bremse K013727, K015874<br \/><span style=\"color: #000000;\">najwy\u017cszej jako\u015bci.\u00a0<\/span><\/h2><h3><span style=\"color: #000000;\">Naszym klientom gwarantujemy 100% satysfakcji<\/span><\/h3>\t\t\t\t\t\t\t\t<\/div>\n\t\t\t\t<\/div>\n\t\t\t\t\t<\/div>\n\t\t<\/div>\n\t\t\t\t\t<\/div>\n\t\t<\/section>\n\t\t\t\t<\/div>\n\t\t","protected":false},"excerpt":{"rendered":"<h3>W ofercie sprzeda\u017cy posiadamy WYSPRZ\u0118GLIK SI\u0141OWNIK SPRZ\u0118G\u0141A DAF IVECO MAN ZF Knorr-Bremse po regeneracji.<\/h3>\n","protected":false},"featured_media":12648,"template":"","meta":[],"product_brand":[],"product_cat":[190,189],"product_tag":[3938,3934,3933,3935,3936,3921,3922,3937,3924,3925,3927,3929,3931,3926,3928,3930,3932,3908,3910,3912,3914,3916,3918,3907,3909,3911,3913,3915,3917,3919,3920,3923,3902,3905,3904,3906,3903,3901],"class_list":{"0":"post-12647","1":"product","2":"type-product","3":"status-publish","4":"has-post-thumbnail","6":"product_cat-sprzegla","7":"product_cat-silowniki","8":"product_tag-0501-212-474","9":"product_tag-0501-219-051","10":"product_tag-3933","11":"product_tag-3935","12":"product_tag-3936","13":"product_tag-3921","14":"product_tag-3922","15":"product_tag-4253-6490","16":"product_tag-3924","17":"product_tag-4256-0762","18":"product_tag-4256-1466","19":"product_tag-4256-8691","20":"product_tag-4256-900","21":"product_tag-3926","22":"product_tag-3928","23":"product_tag-3930","24":"product_tag-42569800-zf-0501-212-474","25":"product_tag-81-30716-6102","26":"product_tag-81-30716-6109","27":"product_tag-81-30716-6111","28":"product_tag-81-30716-6113","29":"product_tag-81-30716-6115","30":"product_tag-81-30716-9111","31":"product_tag-3907","32":"product_tag-3909","33":"product_tag-3911","34":"product_tag-3913","35":"product_tag-3915","36":"product_tag-3917","37":"product_tag-3919","38":"product_tag-daf-1447248","39":"product_tag-iveco-4253-6490","40":"product_tag-k015874","41":"product_tag-k015874n50","42":"product_tag-knorr-bremse-k013727","43":"product_tag-man-81-30716-6099","44":"product_tag-silownik-sprzegla-daf","45":"product_tag-wysprzeglik-silownik-sprzegla-daf-iveco-man-zf-k013727","47":"first","48":"instock","49":"featured","50":"taxable","51":"shipping-taxable","52":"product-type-simple"},"_links":{"self":[{"href":"https:\/\/zaciski-regtruck.pl\/fr\/wp-json\/wp\/v2\/product\/12647","targetHints":{"allow":["GET"]}}],"collection":[{"href":"https:\/\/zaciski-regtruck.pl\/fr\/wp-json\/wp\/v2\/product"}],"about":[{"href":"https:\/\/zaciski-regtruck.pl\/fr\/wp-json\/wp\/v2\/types\/product"}],"version-history":[{"count":5,"href":"https:\/\/zaciski-regtruck.pl\/fr\/wp-json\/wp\/v2\/product\/12647\/revisions"}],"predecessor-version":[{"id":12654,"href":"https:\/\/zaciski-regtruck.pl\/fr\/wp-json\/wp\/v2\/product\/12647\/revisions\/12654"}],"wp:featuredmedia":[{"embeddable":true,"href":"https:\/\/zaciski-regtruck.pl\/fr\/wp-json\/wp\/v2\/media\/12648"}],"wp:attachment":[{"href":"https:\/\/zaciski-regtruck.pl\/fr\/wp-json\/wp\/v2\/media?parent=12647"}],"wp:term":[{"taxonomy":"product_brand","embeddable":true,"href":"https:\/\/zaciski-regtruck.pl\/fr\/wp-json\/wp\/v2\/product_brand?post=12647"},{"taxonomy":"product_cat","embeddable":true,"href":"https:\/\/zaciski-regtruck.pl\/fr\/wp-json\/wp\/v2\/product_cat?post=12647"},{"taxonomy":"product_tag","embeddable":true,"href":"https:\/\/zaciski-regtruck.pl\/fr\/wp-json\/wp\/v2\/product_tag?post=12647"}],"curies":[{"name":"wp","href":"https:\/\/api.w.org\/{rel}","templated":true}]}}