{"id":12964,"date":"2025-10-07T14:26:21","date_gmt":"2025-10-07T12:26:21","guid":{"rendered":"https:\/\/zaciski-regtruck.pl\/?post_type=product&#038;p=12964"},"modified":"2025-10-07T14:44:12","modified_gmt":"2025-10-07T12:44:12","slug":"zawor-sterujacy-elc-volvo-fh-knorr-k028090-21133934","status":"publish","type":"product","link":"https:\/\/zaciski-regtruck.pl\/fr\/produkt\/zawor-sterujacy-elc-volvo-fh-knorr-k028090-21133934\/","title":{"rendered":"Zaw\u00f3r steruj\u0105cy ELC Volvo FH Knorr K028090, 21133934"},"content":{"rendered":"\t\t<div data-elementor-type=\"product-post\" data-elementor-id=\"12964\" class=\"elementor elementor-12964\" data-elementor-post-type=\"product\">\n\t\t\t\t\t\t<section data-particle_enable=\"false\" data-particle-mobile-disabled=\"false\" class=\"elementor-section elementor-top-section elementor-element elementor-element-35c913d9 elementor-section-boxed elementor-section-height-default elementor-section-height-default\" data-id=\"35c913d9\" data-element_type=\"section\" data-e-type=\"section\">\n\t\t\t\t\t\t<div class=\"elementor-container elementor-column-gap-default\">\n\t\t\t\t\t<div class=\"elementor-column elementor-col-100 elementor-top-column elementor-element elementor-element-7db474d\" data-id=\"7db474d\" data-element_type=\"column\" data-e-type=\"column\">\n\t\t\t<div class=\"elementor-widget-wrap elementor-element-populated\">\n\t\t\t\t\t\t<div class=\"elementor-element elementor-element-7d3ee497 elementor-widget elementor-widget-text-editor\" data-id=\"7d3ee497\" data-element_type=\"widget\" data-e-type=\"widget\" data-widget_type=\"text-editor.default\">\n\t\t\t\t<div class=\"elementor-widget-container\">\n\t\t\t\t\t\t\t\t\t<h2>Zaw\u00f3r steruj\u0105cy ELC Volvo FH Knorr K028090, 21133934<\/h2><h2>Oferujemy Pa\u0144stwu zregenerowany<\/h2><h2>Zaw\u00f3r steruj\u0105cy ELC Volvo FH 13r- Knorr<\/h2><h2>najwy\u017cszej jako\u015bci.<\/h2><h3><span style=\"color: #000000;\">Naszym klientom gwarantujemy 100% satysfakcji<\/span><\/h3>\t\t\t\t\t\t\t\t<\/div>\n\t\t\t\t<\/div>\n\t\t\t\t\t<\/div>\n\t\t<\/div>\n\t\t\t\t\t<\/div>\n\t\t<\/section>\n\t\t\t\t<\/div>\n\t\t","protected":false},"excerpt":{"rendered":"<h3>W ofercie sprzeda\u017cy posiadamy Zaw\u00f3r steruj\u0105cy ELC Volvo FH 13r- Knorr<\/h3>\n<p><a href=\"https:\/\/zaciski-regtruck.pl\/produkt\/zawor-sterujacy-elc-volvo-fh-knorr-k028090-21133934\/\">Zaw\u00f3r Steruj\u0105cy ELC Volvo FH Knorr K028090, 21133934 &#8211; Regtruck<\/a><\/p>\n","protected":false},"featured_media":12965,"template":"","meta":[],"product_brand":[],"product_cat":[171,180,3181],"product_tag":[270,4408,4407,4409,266,4410,2337,4406,4411],"class_list":{"0":"post-12964","1":"product","2":"type-product","3":"status-publish","4":"has-post-thumbnail","6":"product_cat-ecas","7":"product_cat-zawory","8":"product_cat-zawory-bpv","9":"product_tag-270","10":"product_tag-4408","11":"product_tag-k028090","12":"product_tag-k028090n06","13":"product_tag-k028090n07","14":"product_tag-k028090n50","15":"product_tag-zawor","16":"product_tag-zawor-sterujacy-elc-volvo","17":"product_tag-zawor-sterujacy-elc-volvo-fh-knorr-k028090","19":"first","20":"instock","21":"featured","22":"taxable","23":"shipping-taxable","24":"product-type-simple"},"_links":{"self":[{"href":"https:\/\/zaciski-regtruck.pl\/fr\/wp-json\/wp\/v2\/product\/12964","targetHints":{"allow":["GET"]}}],"collection":[{"href":"https:\/\/zaciski-regtruck.pl\/fr\/wp-json\/wp\/v2\/product"}],"about":[{"href":"https:\/\/zaciski-regtruck.pl\/fr\/wp-json\/wp\/v2\/types\/product"}],"version-history":[{"count":6,"href":"https:\/\/zaciski-regtruck.pl\/fr\/wp-json\/wp\/v2\/product\/12964\/revisions"}],"predecessor-version":[{"id":12976,"href":"https:\/\/zaciski-regtruck.pl\/fr\/wp-json\/wp\/v2\/product\/12964\/revisions\/12976"}],"wp:featuredmedia":[{"embeddable":true,"href":"https:\/\/zaciski-regtruck.pl\/fr\/wp-json\/wp\/v2\/media\/12965"}],"wp:attachment":[{"href":"https:\/\/zaciski-regtruck.pl\/fr\/wp-json\/wp\/v2\/media?parent=12964"}],"wp:term":[{"taxonomy":"product_brand","embeddable":true,"href":"https:\/\/zaciski-regtruck.pl\/fr\/wp-json\/wp\/v2\/product_brand?post=12964"},{"taxonomy":"product_cat","embeddable":true,"href":"https:\/\/zaciski-regtruck.pl\/fr\/wp-json\/wp\/v2\/product_cat?post=12964"},{"taxonomy":"product_tag","embeddable":true,"href":"https:\/\/zaciski-regtruck.pl\/fr\/wp-json\/wp\/v2\/product_tag?post=12964"}],"curies":[{"name":"wp","href":"https:\/\/api.w.org\/{rel}","templated":true}]}}