{"id":13626,"date":"2025-07-31T13:11:56","date_gmt":"2025-07-31T11:11:56","guid":{"rendered":"https:\/\/zaciski-regtruck.pl\/produkt\/deshumidificateur-dair-volvo-fh-euro6-k107482-el2501\/"},"modified":"2026-01-28T08:54:31","modified_gmt":"2026-01-28T07:54:31","slug":"deshumidificateur-dair-volvo-fh-euro6-k107482-el2501","status":"publish","type":"product","link":"https:\/\/zaciski-regtruck.pl\/fr\/produkt\/deshumidificateur-dair-volvo-fh-euro6-k107482-el2501\/","title":{"rendered":"D\u00c9SHUMIDIFICATEUR D&rsquo;AIR VOLVO FH EURO6 K107482, EL2501"},"content":{"rendered":"\t\t<div data-elementor-type=\"product-post\" data-elementor-id=\"13626\" class=\"elementor elementor-13626 elementor-12678\" data-elementor-post-type=\"product\">\n\t\t\t\t\t\t<section data-particle_enable=\"false\" data-particle-mobile-disabled=\"false\" class=\"elementor-section elementor-top-section elementor-element elementor-element-35c913d9 elementor-section-boxed elementor-section-height-default elementor-section-height-default\" data-id=\"35c913d9\" data-element_type=\"section\" data-e-type=\"section\">\n\t\t\t\t\t\t<div class=\"elementor-container elementor-column-gap-default\">\n\t\t\t\t\t<div class=\"elementor-column elementor-col-100 elementor-top-column elementor-element elementor-element-7db474d\" data-id=\"7db474d\" data-element_type=\"column\" data-e-type=\"column\">\n\t\t\t<div class=\"elementor-widget-wrap elementor-element-populated\">\n\t\t\t\t\t\t<div class=\"elementor-element elementor-element-7d3ee497 elementor-widget elementor-widget-text-editor\" data-id=\"7d3ee497\" data-element_type=\"widget\" data-e-type=\"widget\" data-widget_type=\"text-editor.default\">\n\t\t\t\t<div class=\"elementor-widget-container\">\n\t\t\t\t\t\t\t\t\t<h2>D\u00c9SHUMIDIFICATEUR D&rsquo;AIR VOLVO FH EURO6 K107482, EL2501<\/h2><div> <\/div><hr><h3>Nous vous proposons une BASE DE S\u00c9CHOIR VOLVO FH EURO6 KNORR-BREMSE de la plus haute qualit\u00e9. <\/h3><h3><span style=\"color: #000000;\">Garantie 24 mois<\/span><\/h3>\t\t\t\t\t\t\t\t<\/div>\n\t\t\t\t<\/div>\n\t\t\t\t\t<\/div>\n\t\t<\/div>\n\t\t\t\t\t<\/div>\n\t\t<\/section>\n\t\t\t\t<\/div>\n\t\t","protected":false},"excerpt":{"rendered":"<h3>Nous proposons \u00e0 la vente un S\u00c9CHOIR \u00c0 AIR VOLVO FH EURO6 apr\u00e8s r\u00e9g\u00e9n\u00e9ration.<\/h3>\n<h3><\/h3>\n<h3><\/h3>\n","protected":false},"featured_media":13627,"template":"","meta":[],"product_brand":[],"product_cat":[4615,4614],"product_tag":[4619,4616,4620,4621,4617,4618],"class_list":{"0":"post-13626","1":"product","2":"type-product","3":"status-publish","4":"has-post-thumbnail","6":"product_cat-deshumidificateurs","7":"product_cat-pneumatique-de-freinage","8":"product_tag-4619","9":"product_tag-deshumidificateur-dair-knorr-bremse","10":"product_tag-deshumidificateur-dair-volvo-fh-euro6-k107482","11":"product_tag-el2501","12":"product_tag-k107482","13":"product_tag-volvo","15":"first","16":"instock","17":"featured","18":"taxable","19":"shipping-taxable","20":"product-type-simple"},"_links":{"self":[{"href":"https:\/\/zaciski-regtruck.pl\/fr\/wp-json\/wp\/v2\/product\/13626","targetHints":{"allow":["GET"]}}],"collection":[{"href":"https:\/\/zaciski-regtruck.pl\/fr\/wp-json\/wp\/v2\/product"}],"about":[{"href":"https:\/\/zaciski-regtruck.pl\/fr\/wp-json\/wp\/v2\/types\/product"}],"version-history":[{"count":1,"href":"https:\/\/zaciski-regtruck.pl\/fr\/wp-json\/wp\/v2\/product\/13626\/revisions"}],"predecessor-version":[{"id":13630,"href":"https:\/\/zaciski-regtruck.pl\/fr\/wp-json\/wp\/v2\/product\/13626\/revisions\/13630"}],"wp:featuredmedia":[{"embeddable":true,"href":"https:\/\/zaciski-regtruck.pl\/fr\/wp-json\/wp\/v2\/media\/13627"}],"wp:attachment":[{"href":"https:\/\/zaciski-regtruck.pl\/fr\/wp-json\/wp\/v2\/media?parent=13626"}],"wp:term":[{"taxonomy":"product_brand","embeddable":true,"href":"https:\/\/zaciski-regtruck.pl\/fr\/wp-json\/wp\/v2\/product_brand?post=13626"},{"taxonomy":"product_cat","embeddable":true,"href":"https:\/\/zaciski-regtruck.pl\/fr\/wp-json\/wp\/v2\/product_cat?post=13626"},{"taxonomy":"product_tag","embeddable":true,"href":"https:\/\/zaciski-regtruck.pl\/fr\/wp-json\/wp\/v2\/product_tag?post=13626"}],"curies":[{"name":"wp","href":"https:\/\/api.w.org\/{rel}","templated":true}]}}