{"id":13631,"date":"2025-07-31T14:08:32","date_gmt":"2025-07-31T12:08:32","guid":{"rendered":"https:\/\/zaciski-regtruck.pl\/produkt\/boite-de-vitesses-daf-cf-mx11-mx13-thp90614-1860626\/"},"modified":"2026-01-28T08:56:11","modified_gmt":"2026-01-28T07:56:11","slug":"boite-de-vitesses-daf-cf-mx11-mx13-thp90614-1860626","status":"publish","type":"product","link":"https:\/\/zaciski-regtruck.pl\/fr\/produkt\/boite-de-vitesses-daf-cf-mx11-mx13-thp90614-1860626\/","title":{"rendered":"Bo\u00eete de vitesses DAF CF MX11 MX13 THP90614, 1860626"},"content":{"rendered":"\t\t<div data-elementor-type=\"product-post\" data-elementor-id=\"13631\" class=\"elementor elementor-13631 elementor-12690\" data-elementor-post-type=\"product\">\n\t\t\t\t\t\t<section data-particle_enable=\"false\" data-particle-mobile-disabled=\"false\" class=\"elementor-section elementor-top-section elementor-element elementor-element-35c913d9 elementor-section-boxed elementor-section-height-default elementor-section-height-default\" data-id=\"35c913d9\" data-element_type=\"section\" data-e-type=\"section\">\n\t\t\t\t\t\t<div class=\"elementor-container elementor-column-gap-default\">\n\t\t\t\t\t<div class=\"elementor-column elementor-col-100 elementor-top-column elementor-element elementor-element-7db474d\" data-id=\"7db474d\" data-element_type=\"column\" data-e-type=\"column\">\n\t\t\t<div class=\"elementor-widget-wrap elementor-element-populated\">\n\t\t\t\t\t\t<div class=\"elementor-element elementor-element-7d3ee497 elementor-widget elementor-widget-text-editor\" data-id=\"7d3ee497\" data-element_type=\"widget\" data-e-type=\"widget\" data-widget_type=\"text-editor.default\">\n\t\t\t\t<div class=\"elementor-widget-container\">\n\t\t\t\t\t\t\t\t\t<h2>Bo\u00eete de vitesses DAF CF MX11 MX13 THP90614, 1860626<\/h2><hr><h3><span style=\"color: #000000;\">Nous vous proposons une<\/span><\/h3><h3>Bo\u00eetes de vitesses DAF CF MX11, MX13, PX7-2,3,4 essieu THP90, 8X4, 175 bars, 5,5 tours (t\u00eate oblique avec ergots)<br>de la plus haute qualit\u00e9. <\/h3><h3><span style=\"color: #000000;\">Nous garantissons \u00e0 nos clients une satisfaction \u00e0 100 %.<\/span><span style=\"color: #000000;\"> <\/span><\/h3>\t\t\t\t\t\t\t\t<\/div>\n\t\t\t\t<\/div>\n\t\t\t\t\t<\/div>\n\t\t<\/div>\n\t\t\t\t\t<\/div>\n\t\t<\/section>\n\t\t\t\t<\/div>\n\t\t","protected":false},"excerpt":{"rendered":"<h3>Nous proposons \u00e0 la vente un r\u00e9ducteur de direction DAF CF MX11 MX13 THP90614, 1860626.<\/h3>\n","protected":false},"featured_media":13632,"template":"","meta":[],"product_brand":[],"product_cat":[4624,4623],"product_tag":[4628,4629,4633,4632,4631,4630,4625,4635,4634,4627,4626],"class_list":{"0":"post-13631","1":"product","2":"type-product","3":"status-publish","4":"has-post-thumbnail","6":"product_cat-daf","7":"product_cat-transmissions-de-direction","8":"product_tag-4628","9":"product_tag-4629","10":"product_tag-1860626r","11":"product_tag-4632","12":"product_tag-4631","13":"product_tag-4630","14":"product_tag-boite-de-direction","15":"product_tag-boite-de-vitesses-daf-cf","16":"product_tag-boite-de-vitesses-daf-cf-mx11-mx13-thp90614","17":"product_tag-jrb5540","18":"product_tag-thp90614","20":"first","21":"instock","22":"featured","23":"taxable","24":"shipping-taxable","25":"product-type-simple"},"_links":{"self":[{"href":"https:\/\/zaciski-regtruck.pl\/fr\/wp-json\/wp\/v2\/product\/13631","targetHints":{"allow":["GET"]}}],"collection":[{"href":"https:\/\/zaciski-regtruck.pl\/fr\/wp-json\/wp\/v2\/product"}],"about":[{"href":"https:\/\/zaciski-regtruck.pl\/fr\/wp-json\/wp\/v2\/types\/product"}],"version-history":[{"count":1,"href":"https:\/\/zaciski-regtruck.pl\/fr\/wp-json\/wp\/v2\/product\/13631\/revisions"}],"predecessor-version":[{"id":13635,"href":"https:\/\/zaciski-regtruck.pl\/fr\/wp-json\/wp\/v2\/product\/13631\/revisions\/13635"}],"wp:featuredmedia":[{"embeddable":true,"href":"https:\/\/zaciski-regtruck.pl\/fr\/wp-json\/wp\/v2\/media\/13632"}],"wp:attachment":[{"href":"https:\/\/zaciski-regtruck.pl\/fr\/wp-json\/wp\/v2\/media?parent=13631"}],"wp:term":[{"taxonomy":"product_brand","embeddable":true,"href":"https:\/\/zaciski-regtruck.pl\/fr\/wp-json\/wp\/v2\/product_brand?post=13631"},{"taxonomy":"product_cat","embeddable":true,"href":"https:\/\/zaciski-regtruck.pl\/fr\/wp-json\/wp\/v2\/product_cat?post=13631"},{"taxonomy":"product_tag","embeddable":true,"href":"https:\/\/zaciski-regtruck.pl\/fr\/wp-json\/wp\/v2\/product_tag?post=13631"}],"curies":[{"name":"wp","href":"https:\/\/api.w.org\/{rel}","templated":true}]}}