{"id":13636,"date":"2025-08-18T12:34:56","date_gmt":"2025-08-18T10:34:56","guid":{"rendered":"https:\/\/zaciski-regtruck.pl\/produkt\/turbocompresseur-holset-cummins-67-l-he300vg-3792225\/"},"modified":"2026-01-28T10:09:34","modified_gmt":"2026-01-28T09:09:34","slug":"turbocompresseur-holset-cummins-67-l-he300vg-3792225","status":"publish","type":"product","link":"https:\/\/zaciski-regtruck.pl\/fr\/produkt\/turbocompresseur-holset-cummins-67-l-he300vg-3792225\/","title":{"rendered":"Turbocompresseur HOLSET Cummins 6,7 L HE300VG, 3792225"},"content":{"rendered":"\t\t<div data-elementor-type=\"product-post\" data-elementor-id=\"13636\" class=\"elementor elementor-13636 elementor-12720\" data-elementor-post-type=\"product\">\n\t\t\t\t\t\t<section data-particle_enable=\"false\" data-particle-mobile-disabled=\"false\" class=\"elementor-section elementor-top-section elementor-element elementor-element-35c913d9 elementor-section-boxed elementor-section-height-default elementor-section-height-default\" data-id=\"35c913d9\" data-element_type=\"section\" data-e-type=\"section\">\n\t\t\t\t\t\t<div class=\"elementor-container elementor-column-gap-default\">\n\t\t\t\t\t<div class=\"elementor-column elementor-col-100 elementor-top-column elementor-element elementor-element-7db474d\" data-id=\"7db474d\" data-element_type=\"column\" data-e-type=\"column\">\n\t\t\t<div class=\"elementor-widget-wrap elementor-element-populated\">\n\t\t\t\t\t\t<div class=\"elementor-element elementor-element-7d3ee497 elementor-widget elementor-widget-text-editor\" data-id=\"7d3ee497\" data-element_type=\"widget\" data-e-type=\"widget\" data-widget_type=\"text-editor.default\">\n\t\t\t\t<div class=\"elementor-widget-container\">\n\t\t\t\t\t\t\t\t\t<h2>Turbocompresseur HOLSET Cummins 6,7 L HE300VG, 3792225<\/h2><div> <\/div><hr><h3>Nous vous proposons un turbocompresseur Cummins 6.7L HE300VG reconditionn\u00e9 de la plus haute qualit\u00e9.<\/h3><h3>Garantie 24 mois Turbocompresseur HOLSET Cummins 6,7 L HE300VG, 3792225<\/h3>\t\t\t\t\t\t\t\t<\/div>\n\t\t\t\t<\/div>\n\t\t\t\t\t<\/div>\n\t\t<\/div>\n\t\t\t\t\t<\/div>\n\t\t<\/section>\n\t\t\t\t<\/div>\n\t\t","protected":false},"excerpt":{"rendered":"<h3>W ofercie sprzeda\u017cy posiadamy Turbospr\u0119\u017carka Cummins 6.7L HE300VG .<\/h3>\n<h3><\/h3>\n","protected":false},"featured_media":13637,"template":"","meta":[],"product_brand":[],"product_cat":[4640],"product_tag":[4672,4673,4679,4680,4681,4682,4683,4678,4644,4666,4642,4643,4656,4657,4645,4646,4658,4647,4648,4671,4659,4675,4674,4660,4662,4661,4663,4649,4650,4669,4676,4664,4655,4654,4651,4667,4665,4652,4653,4677,4670,4668,4641,4684,4685],"class_list":{"0":"post-13636","1":"product","2":"type-product","3":"status-publish","4":"has-post-thumbnail","6":"product_cat-turbosprezarki","7":"product_tag-4672","8":"product_tag-4673","9":"product_tag-170-032-2474","10":"product_tag-4680","11":"product_tag-4681","12":"product_tag-4682","13":"product_tag-4683","14":"product_tag-4678","15":"product_tag-4644","16":"product_tag-4666","17":"product_tag-4642","18":"product_tag-4643","19":"product_tag-4656","20":"product_tag-4657","21":"product_tag-4645","22":"product_tag-430947000hx","23":"product_tag-4309470h","24":"product_tag-4309470nx","25":"product_tag-4309470rx","26":"product_tag-4671","27":"product_tag-4309471h","28":"product_tag-4675","29":"product_tag-4674","30":"product_tag-4660","31":"product_tag-5328084h","32":"product_tag-4661","33":"product_tag-5328085h","34":"product_tag-4649","35":"product_tag-5328119rx","36":"product_tag-4669","37":"product_tag-4676","38":"product_tag-4664","39":"product_tag-4655","40":"product_tag-5604741h","41":"product_tag-5604741hx","42":"product_tag-4667","43":"product_tag-5604742h","44":"product_tag-4652","45":"product_tag-5608235rx","46":"product_tag-4677","47":"product_tag-4670","48":"product_tag-4668","49":"product_tag-regeneration-des-turbocompresseurs","50":"product_tag-turbocompresseur-holset-cummins-67-l","51":"product_tag-turbocompresseur-holset-cummins-67-l-he300vg","53":"first","54":"instock","55":"featured","56":"taxable","57":"shipping-taxable","58":"product-type-simple"},"_links":{"self":[{"href":"https:\/\/zaciski-regtruck.pl\/fr\/wp-json\/wp\/v2\/product\/13636","targetHints":{"allow":["GET"]}}],"collection":[{"href":"https:\/\/zaciski-regtruck.pl\/fr\/wp-json\/wp\/v2\/product"}],"about":[{"href":"https:\/\/zaciski-regtruck.pl\/fr\/wp-json\/wp\/v2\/types\/product"}],"version-history":[{"count":1,"href":"https:\/\/zaciski-regtruck.pl\/fr\/wp-json\/wp\/v2\/product\/13636\/revisions"}],"predecessor-version":[{"id":13640,"href":"https:\/\/zaciski-regtruck.pl\/fr\/wp-json\/wp\/v2\/product\/13636\/revisions\/13640"}],"wp:featuredmedia":[{"embeddable":true,"href":"https:\/\/zaciski-regtruck.pl\/fr\/wp-json\/wp\/v2\/media\/13637"}],"wp:attachment":[{"href":"https:\/\/zaciski-regtruck.pl\/fr\/wp-json\/wp\/v2\/media?parent=13636"}],"wp:term":[{"taxonomy":"product_brand","embeddable":true,"href":"https:\/\/zaciski-regtruck.pl\/fr\/wp-json\/wp\/v2\/product_brand?post=13636"},{"taxonomy":"product_cat","embeddable":true,"href":"https:\/\/zaciski-regtruck.pl\/fr\/wp-json\/wp\/v2\/product_cat?post=13636"},{"taxonomy":"product_tag","embeddable":true,"href":"https:\/\/zaciski-regtruck.pl\/fr\/wp-json\/wp\/v2\/product_tag?post=13636"}],"curies":[{"name":"wp","href":"https:\/\/api.w.org\/{rel}","templated":true}]}}